{"id":1645,"date":"2022-08-02T17:07:20","date_gmt":"2022-08-02T09:07:20","guid":{"rendered":"http:\/\/82.157.161.82\/?post_type=product&#038;p=1645"},"modified":"2022-08-02T17:07:21","modified_gmt":"2022-08-02T09:07:21","slug":"%d0%b3%d0%b0%d0%b7%d0%be%d0%b3%d0%b5%d0%bd%d0%b5%d1%80%d0%b0%d1%82%d0%be%d1%80-%d0%b8%d0%bd%d1%82%d0%b5%d0%bb%d0%bb%d0%b5%d0%ba%d1%82%d1%83%d0%b0%d0%bb%d1%8c%d0%bd%d0%b0%d1%8f-%d0%b7%d0%b0%d1%80%d1%8f","status":"publish","type":"product","link":"https:\/\/tpshk.com\/fr\/product\/%d0%b3%d0%b0%d0%b7%d0%be%d0%b3%d0%b5%d0%bd%d0%b5%d1%80%d0%b0%d1%82%d0%be%d1%80-%d0%b8%d0%bd%d1%82%d0%b5%d0%bb%d0%bb%d0%b5%d0%ba%d1%82%d1%83%d0%b0%d0%bb%d1%8c%d0%bd%d0%b0%d1%8f-%d0%b7%d0%b0%d1%80%d1%8f","title":{"rendered":"G\u00e9n\u00e9rateur de gaz\/charge intelligente\/rentabilit\u00e9"},"content":{"rendered":"<p><img loading=\"lazy\" decoding=\"async\" class=\"aligncenter wp-image-1646 size-full\" src=\"http:\/\/82.157.161.82\/wp-content\/uploads\/2022\/08\/1622018274700181.jpg\" alt=\"\" width=\"790\" height=\"1131\" srcset=\"https:\/\/tpshk.com\/wp-content\/uploads\/2022\/08\/1622018274700181.jpg 790w, https:\/\/tpshk.com\/wp-content\/uploads\/2022\/08\/1622018274700181-600x859.jpg 600w, https:\/\/tpshk.com\/wp-content\/uploads\/2022\/08\/1622018274700181-210x300.jpg 210w, https:\/\/tpshk.com\/wp-content\/uploads\/2022\/08\/1622018274700181-715x1024.jpg 715w, https:\/\/tpshk.com\/wp-content\/uploads\/2022\/08\/1622018274700181-768x1100.jpg 768w\" sizes=\"auto, (max-width: 790px) 100vw, 790px\" \/><img loading=\"lazy\" decoding=\"async\" class=\"aligncenter wp-image-1647 size-full\" src=\"http:\/\/82.157.161.82\/wp-content\/uploads\/2022\/08\/1622018275562514.jpg\" alt=\"\" width=\"790\" height=\"744\" srcset=\"https:\/\/tpshk.com\/wp-content\/uploads\/2022\/08\/1622018275562514.jpg 790w, https:\/\/tpshk.com\/wp-content\/uploads\/2022\/08\/1622018275562514-600x565.jpg 600w, https:\/\/tpshk.com\/wp-content\/uploads\/2022\/08\/1622018275562514-300x283.jpg 300w, https:\/\/tpshk.com\/wp-content\/uploads\/2022\/08\/1622018275562514-768x723.jpg 768w\" sizes=\"auto, (max-width: 790px) 100vw, 790px\" \/><img loading=\"lazy\" decoding=\"async\" class=\"aligncenter wp-image-1648 size-full\" src=\"http:\/\/82.157.161.82\/wp-content\/uploads\/2022\/08\/1622018274637500.jpg\" alt=\"\" width=\"790\" height=\"580\" srcset=\"https:\/\/tpshk.com\/wp-content\/uploads\/2022\/08\/1622018274637500.jpg 790w, https:\/\/tpshk.com\/wp-content\/uploads\/2022\/08\/1622018274637500-600x441.jpg 600w, https:\/\/tpshk.com\/wp-content\/uploads\/2022\/08\/1622018274637500-300x220.jpg 300w, https:\/\/tpshk.com\/wp-content\/uploads\/2022\/08\/1622018274637500-768x564.jpg 768w\" sizes=\"auto, (max-width: 790px) 100vw, 790px\" \/><img loading=\"lazy\" decoding=\"async\" class=\"aligncenter wp-image-1649 size-full\" src=\"http:\/\/82.157.161.82\/wp-content\/uploads\/2022\/08\/1622018274496806.jpg\" alt=\"\" width=\"790\" height=\"975\" srcset=\"https:\/\/tpshk.com\/wp-content\/uploads\/2022\/08\/1622018274496806.jpg 790w, https:\/\/tpshk.com\/wp-content\/uploads\/2022\/08\/1622018274496806-600x741.jpg 600w, https:\/\/tpshk.com\/wp-content\/uploads\/2022\/08\/1622018274496806-243x300.jpg 243w, https:\/\/tpshk.com\/wp-content\/uploads\/2022\/08\/1622018274496806-768x948.jpg 768w\" sizes=\"auto, (max-width: 790px) 100vw, 790px\" \/><\/p>\n<p>&nbsp;<\/p>","protected":false},"excerpt":{"rendered":"<p>Avantages :<\/p>\n<p>- Co\u00fbts d'exploitation plus faibles (par rapport \u00e0 un g\u00e9n\u00e9rateur diesel pur)<\/p>\n<p>- Containeris\u00e9, facile \u00e0 transporter, facile \u00e0 installer<\/p>\n<p>- Gestion des notations<\/p>\n<p>- Travail intellectuel<\/p>\n<p>- Commande de d\u00e9marrage\/arr\u00eat du groupe \u00e9lectrog\u00e8ne diesel<\/p>\n<p>- Recharge intelligente<\/p>\n<p>- Indicateur de carbone<\/p>\n<p>- Compatible avec les panneaux solaires et le raccordement au r\u00e9seau urbain<\/p>\n<p>- Temps de r\u00e9ponse rapide, dur\u00e9e de vie prolong\u00e9e<\/p>\n<p>- Rentabilit\u00e9<\/p>\n<p>- Respect de l'environnement<\/p>\n<p>- \u00c9conomie d'\u00e9nergie et r\u00e9duction du carbone<\/p>\n<p>- Avec port de connexion CAN, RS485 et Ethemet, contr\u00f4le local et \u00e0 distance<\/p>","protected":false},"featured_media":1650,"template":"","meta":[],"product_brand":[],"product_cat":[26],"product_tag":[],"class_list":{"0":"post-1645","1":"product","2":"type-product","3":"status-publish","4":"has-post-thumbnail","6":"product_cat-26","8":"first","9":"instock","10":"shipping-taxable","11":"product-type-simple"},"acf":[],"_links":{"self":[{"href":"https:\/\/tpshk.com\/fr\/wp-json\/wp\/v2\/product\/1645","targetHints":{"allow":["GET"]}}],"collection":[{"href":"https:\/\/tpshk.com\/fr\/wp-json\/wp\/v2\/product"}],"about":[{"href":"https:\/\/tpshk.com\/fr\/wp-json\/wp\/v2\/types\/product"}],"wp:featuredmedia":[{"embeddable":true,"href":"https:\/\/tpshk.com\/fr\/wp-json\/wp\/v2\/media\/1650"}],"wp:attachment":[{"href":"https:\/\/tpshk.com\/fr\/wp-json\/wp\/v2\/media?parent=1645"}],"wp:term":[{"taxonomy":"product_brand","embeddable":true,"href":"https:\/\/tpshk.com\/fr\/wp-json\/wp\/v2\/product_brand?post=1645"},{"taxonomy":"product_cat","embeddable":true,"href":"https:\/\/tpshk.com\/fr\/wp-json\/wp\/v2\/product_cat?post=1645"},{"taxonomy":"product_tag","embeddable":true,"href":"https:\/\/tpshk.com\/fr\/wp-json\/wp\/v2\/product_tag?post=1645"}],"curies":[{"name":"wp","href":"https:\/\/api.w.org\/{rel}","templated":true}]}}