{"id":1612,"date":"2022-08-02T16:10:26","date_gmt":"2022-08-02T08:10:26","guid":{"rendered":"http:\/\/82.157.161.82\/?post_type=product&#038;p=1612"},"modified":"2022-09-08T15:52:44","modified_gmt":"2022-09-08T07:52:44","slug":"%d0%bf%d0%be%d1%80%d1%82%d0%b0%d1%82%d0%b8%d0%b2%d0%bd%d0%b0%d1%8f-%d0%b4%d0%b8%d0%b7%d0%b5%d0%bb%d1%8c-%d0%b3%d0%b5%d0%bd%d0%b5%d1%80%d0%b0%d1%82%d0%be%d1%80%d0%bd%d0%b0%d1%8f-%d1%83%d1%81%d1%82","status":"publish","type":"product","link":"https:\/\/tpshk.com\/fr\/product\/%d0%bf%d0%be%d1%80%d1%82%d0%b0%d1%82%d0%b8%d0%b2%d0%bd%d0%b0%d1%8f-%d0%b4%d0%b8%d0%b7%d0%b5%d0%bb%d1%8c-%d0%b3%d0%b5%d0%bd%d0%b5%d1%80%d0%b0%d1%82%d0%be%d1%80%d0%bd%d0%b0%d1%8f-%d1%83%d1%81%d1%82","title":{"rendered":"Groupe \u00e9lectrog\u00e8ne diesel portable\/ Faible niveau sonore\/Puissance de sortie"},"content":{"rendered":"<p>Si vous avez besoin d'un groupe \u00e9lectrog\u00e8ne diesel portable \u00e0 haut rendement pour une utilisation sur les sites de construction, les fermes, les maisons, etc., le groupe \u00e9lectrog\u00e8ne Tide est le meilleur choix comme source d'\u00e9nergie.<\/p>\n<p>CARACT\u00c9RISTIQUES ET AVANTAGES<br \/>\n&#8211; \u041b\u0435\u0433\u043a\u0430\u044f \u043f\u0435\u0440\u0435\u043d\u043e\u0441\u043a\u0430<br \/>\nSa conception compacte et sa configuration sur roues en font un outil facile \u00e0 d\u00e9placer et \u00e0 utiliser.<br \/>\n&#8211; \u041d\u0438\u0437\u043a\u0438\u0439 \u0443\u0440\u043e\u0432\u0435\u043d\u044c \u0448\u0443\u043c\u0430<br \/>\nConception am\u00e9lior\u00e9e de la chemin\u00e9e et disposition du silencieux<br \/>\n&#8211; \u0421\u0438\u043b\u044c\u043d\u0430\u044f \u043c\u043e\u0449\u043d\u043e\u0441\u0442\u044c<br \/>\nLe moteur diesel \u00e0 quatre temps, la nouvelle pompe \u00e0 carburant \u00e0 d\u00e9gagement et la technologie d'injection de fond par inertie permettent d'obtenir des performances compl\u00e8tes et puissantes.<br \/>\n&#8211; \u0412\u044b\u0441\u043e\u043a\u0430\u044f \u044d\u0444\u0444\u0435\u043a\u0442\u0438\u0432\u043d\u043e\u0441\u0442\u044c \u043f\u0440\u0435\u043e\u0431\u0440\u0430\u0437\u043e\u0432\u0430\u043d\u0438\u044f<br \/>\nG\u00e9n\u00e9rateur en cuivre 100%, isolation de classe F, haut rendement de conversion, le contr\u00f4leur AVR intelligent assure une tension stable et une distorsion de forme d'onde de tension plus faible.<br \/>\n&#8211; \u041b\u0435\u0433\u043a\u0438\u0439 \u0437\u0430\u043f\u0443\u0441\u043a<br \/>\nElle peut facilement \u00eatre lanc\u00e9e<br \/>\n&#8211; \u0428\u0438\u0440\u043e\u043a\u043e\u0435 \u043f\u0440\u0438\u043c\u0435\u043d\u0435\u043d\u0438\u0435<br \/>\nUne vari\u00e9t\u00e9 de prises de sortie est disponible pour r\u00e9pondre \u00e0 toutes les exigences des clients.<\/p>\n<p>OPTION<br \/>\n&#8211; \u0426\u0418\u0424\u0420\u041e\u0412\u041e\u0419 \u041a\u041e\u041d\u0422\u0420\u041e\u041b\u041b\u0415\u0420<br \/>\n&#8211; \u0414\u0412\u0423\u0425\u0424\u0410\u0417\u041d\u042b\u0419 \u0420\u0410\u0412\u041d\u042b\u0419 \u0412\u042b\u0425\u041e\u0414<br \/>\n&#8211; \u0414\u0412\u041e\u0419\u041d\u041e\u0415 \u041d\u0410\u041f\u0420\u042f\u0416\u0415\u041d\u0418\u0415<br \/>\n&#8211; \u0414\u0418\u0421\u0422\u0410\u041d\u0426\u0418\u041e\u041d\u041d\u041e\u0415 \u0423\u041f\u0420\u0410\u0412\u041b\u0415\u041d\u0418\u0415<br \/>\n&#8211; \u0410\u0412\u0420<\/p>","protected":false},"excerpt":{"rendered":"<p>CARACT\u00c9RISTIQUES ET AVANTAGES<\/p>\n<p>- Transport confortable<\/p>\n<p>- Faible niveau de bruit<\/p>\n<p>- Une forte puissance<\/p>\n<p>- Haut rendement de conversion<\/p>\n<p>- D\u00e9marrage facile<\/p>\n<p>- Utilisation g\u00e9n\u00e9ralis\u00e9e<\/p>","protected":false},"featured_media":1613,"template":"","meta":[],"product_brand":[],"product_cat":[28],"product_tag":[],"class_list":{"0":"post-1612","1":"product","2":"type-product","3":"status-publish","4":"has-post-thumbnail","6":"product_cat-28","8":"first","9":"instock","10":"shipping-taxable","11":"product-type-simple"},"acf":[],"_links":{"self":[{"href":"https:\/\/tpshk.com\/fr\/wp-json\/wp\/v2\/product\/1612","targetHints":{"allow":["GET"]}}],"collection":[{"href":"https:\/\/tpshk.com\/fr\/wp-json\/wp\/v2\/product"}],"about":[{"href":"https:\/\/tpshk.com\/fr\/wp-json\/wp\/v2\/types\/product"}],"wp:featuredmedia":[{"embeddable":true,"href":"https:\/\/tpshk.com\/fr\/wp-json\/wp\/v2\/media\/1613"}],"wp:attachment":[{"href":"https:\/\/tpshk.com\/fr\/wp-json\/wp\/v2\/media?parent=1612"}],"wp:term":[{"taxonomy":"product_brand","embeddable":true,"href":"https:\/\/tpshk.com\/fr\/wp-json\/wp\/v2\/product_brand?post=1612"},{"taxonomy":"product_cat","embeddable":true,"href":"https:\/\/tpshk.com\/fr\/wp-json\/wp\/v2\/product_cat?post=1612"},{"taxonomy":"product_tag","embeddable":true,"href":"https:\/\/tpshk.com\/fr\/wp-json\/wp\/v2\/product_tag?post=1612"}],"curies":[{"name":"wp","href":"https:\/\/api.w.org\/{rel}","templated":true}]}}