{"id":1610,"date":"2022-08-02T16:09:17","date_gmt":"2022-08-02T08:09:17","guid":{"rendered":"http:\/\/82.157.161.82\/?post_type=product&#038;p=1610"},"modified":"2022-08-02T16:09:18","modified_gmt":"2022-08-02T08:09:18","slug":"%d0%bf%d0%be%d1%80%d1%82%d0%b0%d1%82%d0%b8%d0%b2%d0%bd%d0%b0%d1%8f-%d0%b1%d0%b5%d0%bd%d0%b7%d0%b8%d0%bd%d0%be%d0%b2%d0%b0%d1%8f-%d0%b3%d0%b5%d0%bd%d0%b5%d1%80%d0%b0%d1%82%d0%be%d1%80%d0%bd%d0%b0%d1%8f","status":"publish","type":"product","link":"https:\/\/tpshk.com\/fr\/product\/%d0%bf%d0%be%d1%80%d1%82%d0%b0%d1%82%d0%b8%d0%b2%d0%bd%d0%b0%d1%8f-%d0%b1%d0%b5%d0%bd%d0%b7%d0%b8%d0%bd%d0%be%d0%b2%d0%b0%d1%8f-%d0%b3%d0%b5%d0%bd%d0%b5%d1%80%d0%b0%d1%82%d0%be%d1%80%d0%bd%d0%b0%d1%8f","title":{"rendered":"Groupe \u00e9lectrog\u00e8ne portable \u00e0 essence\/ Sortie DC12V\/"},"content":{"rendered":"","protected":false},"excerpt":{"rendered":"<p>CARACT\u00c9RISTIQUES ET AVANTAGES<br \/>\n- Un moteur puissant<br \/>\n- D\u00e9marrage facile avec un retour de flamme<br \/>\n- Un grand silencieux assure un fonctionnement silencieux<br \/>\n- Sortie DC12V<br \/>\nPAR WANTED<br \/>\n- D\u00e9marrage \u00e9lectrique avec batterie<br \/>\n- roues et poign\u00e9e<\/p>","protected":false},"featured_media":1611,"template":"","meta":[],"product_brand":[],"product_cat":[28],"product_tag":[],"class_list":{"0":"post-1610","1":"product","2":"type-product","3":"status-publish","4":"has-post-thumbnail","6":"product_cat-28","8":"first","9":"instock","10":"shipping-taxable","11":"product-type-simple"},"acf":[],"_links":{"self":[{"href":"https:\/\/tpshk.com\/fr\/wp-json\/wp\/v2\/product\/1610","targetHints":{"allow":["GET"]}}],"collection":[{"href":"https:\/\/tpshk.com\/fr\/wp-json\/wp\/v2\/product"}],"about":[{"href":"https:\/\/tpshk.com\/fr\/wp-json\/wp\/v2\/types\/product"}],"wp:featuredmedia":[{"embeddable":true,"href":"https:\/\/tpshk.com\/fr\/wp-json\/wp\/v2\/media\/1611"}],"wp:attachment":[{"href":"https:\/\/tpshk.com\/fr\/wp-json\/wp\/v2\/media?parent=1610"}],"wp:term":[{"taxonomy":"product_brand","embeddable":true,"href":"https:\/\/tpshk.com\/fr\/wp-json\/wp\/v2\/product_brand?post=1610"},{"taxonomy":"product_cat","embeddable":true,"href":"https:\/\/tpshk.com\/fr\/wp-json\/wp\/v2\/product_cat?post=1610"},{"taxonomy":"product_tag","embeddable":true,"href":"https:\/\/tpshk.com\/fr\/wp-json\/wp\/v2\/product_tag?post=1610"}],"curies":[{"name":"wp","href":"https:\/\/api.w.org\/{rel}","templated":true}]}}