{"id":1606,"date":"2022-08-02T16:05:04","date_gmt":"2022-08-02T08:05:04","guid":{"rendered":"http:\/\/82.157.161.82\/?post_type=product&#038;p=1606"},"modified":"2022-10-12T17:33:54","modified_gmt":"2022-10-12T09:33:54","slug":"%d0%b3%d0%b8%d0%b1%d1%80%d0%b8%d0%b4%d0%bd%d0%b0%d1%8f-%d0%b3%d0%b5%d0%bd%d0%b5%d1%80%d0%b0%d1%82%d0%be%d1%80%d0%bd%d0%b0%d1%8f-%d1%83%d1%81%d1%82%d0%b0%d0%bd%d0%be%d0%b2%d0%ba%d0%b0-%d0%bc%d0%be","status":"publish","type":"product","link":"https:\/\/tpshk.com\/fr\/product\/%d0%b3%d0%b8%d0%b1%d1%80%d0%b8%d0%b4%d0%bd%d0%b0%d1%8f-%d0%b3%d0%b5%d0%bd%d0%b5%d1%80%d0%b0%d1%82%d0%be%d1%80%d0%bd%d0%b0%d1%8f-%d1%83%d1%81%d1%82%d0%b0%d0%bd%d0%be%d0%b2%d0%ba%d0%b0-%d0%bc%d0%be","title":{"rendered":"Groupe \u00e9lectrog\u00e8ne hybride de 3kWe \u00e0 20kWe"},"content":{"rendered":"<p>Tide Power Technology est l'un des principaux fournisseurs mondiaux de g\u00e9n\u00e9rateurs de gaz de cog\u00e9n\u00e9ration. Avec plus de 10 ans de pratique et d'exp\u00e9rience dans les g\u00e9n\u00e9rateurs \u00e0 gaz et les centrales de cog\u00e9n\u00e9ration \u00e0 haut rendement, Tide Power vous offre plus d'options pour votre solution d'\u00e9nergie propre. Nos groupes \u00e9lectrog\u00e8nes \u00e0 gaz ont une capacit\u00e9 de 5 \u00e0 4 500 kW et fonctionnent avec diff\u00e9rents types de gaz :<\/p>\n<p>gaz naturel<\/p>\n<p>m\u00e9thane d'\u00e9gout Biogaz<\/p>\n<p>Gaz combustibles provenant de d\u00e9chets industriels<\/p>\n<p>gaz d'enfouissement<\/p>\n<p>Singaz<\/p>\n<p>Gaz de filon de charbon<\/p>\n<p>Gaz de schiste<\/p>\n<p>Gaz pour champs p\u00e9trolif\u00e8res<\/p>\n<p>Mashgas<\/p>\n<p>Application\uff1a<\/p>\n<p>&#8211; \u0412\u044b\u0441\u043e\u043a\u0430\u044f \u0431\u0435\u0437\u043e\u043f\u0430\u0441\u043d\u043e\u0441\u0442\u044c<\/p>\n<p>&#8211; \u0412\u044b\u0441\u043e\u043a\u0430\u044f \u0434\u043e\u043b\u0433\u043e\u0432\u0435\u0447\u043d\u043e\u0441\u0442\u044c<\/p>\n<p>&#8211; \u0412\u044b\u0441\u043e\u043a\u0430\u044f \u043d\u0430\u0434\u0435\u0436\u043d\u043e\u0441\u0442\u044c<\/p>\n<p>&#8211; \u0412\u044b\u0441\u043e\u043a\u0430\u044f \u044d\u0444\u0444\u0435\u043a\u0442\u0438\u0432\u043d\u043e\u0441\u0442\u044c<\/p>\n<p>&#8211; \u0414\u0438\u0437\u0430\u0439\u043d, \u043e\u0441\u043d\u043e\u0432\u0430\u043d\u043d\u044b\u0439 \u043d\u0430 \u0447\u0435\u043b\u043e\u0432\u0435\u043a\u0435<\/p>\n<p>Traduit par www.DeepL.com\/Translator (version gratuite)<\/p>","protected":false},"excerpt":{"rendered":"<p>\u041c\u043e\u0449\u043d\u043e\u0441\u0442\u044c \u043d\u0430\u0448\u0438\u0445 \u0433\u0430\u0437\u043e\u0433\u0435\u043d\u0435\u0440\u0430\u0442\u043e\u0440\u043d\u044b\u0445 \u0443\u0441\u0442\u0430\u043d\u043e\u0432\u043e\u043a \u0432\u0430\u0440\u044c\u0438\u0440\u0443\u0435\u0442\u0441\u044f \u043e\u0442 3 \u043aWe \u0434\u043e 20 \u043aWe \u0438 \u0440\u0430\u0431\u043e\u0442\u0430\u0435\u0442 \u043d\u0430 \u0440\u0430\u0437\u043b\u0438\u0447\u043d\u044b\u0445 \u0432\u0438\u0434\u0430\u0445 \u0433\u0430\u0437\u0430:<br \/>\nGaz naturel<br \/>\nm\u00e9thane d'\u00e9gout Biogaz<br \/>\nGaz combustibles provenant de d\u00e9chets industriels<br \/>\ngaz d'enfouissement<br \/>\nSingaz<br \/>\nGaz de filon de charbon<br \/>\nGaz de schiste<br \/>\nGaz pour champs p\u00e9trolif\u00e8res<br \/>\nMashgas<\/p>","protected":false},"featured_media":2345,"template":"","meta":[],"product_brand":[],"product_cat":[24],"product_tag":[],"class_list":{"0":"post-1606","1":"product","2":"type-product","3":"status-publish","4":"has-post-thumbnail","6":"product_cat-24","8":"first","9":"instock","10":"shipping-taxable","11":"product-type-simple"},"acf":[],"_links":{"self":[{"href":"https:\/\/tpshk.com\/fr\/wp-json\/wp\/v2\/product\/1606","targetHints":{"allow":["GET"]}}],"collection":[{"href":"https:\/\/tpshk.com\/fr\/wp-json\/wp\/v2\/product"}],"about":[{"href":"https:\/\/tpshk.com\/fr\/wp-json\/wp\/v2\/types\/product"}],"wp:featuredmedia":[{"embeddable":true,"href":"https:\/\/tpshk.com\/fr\/wp-json\/wp\/v2\/media\/2345"}],"wp:attachment":[{"href":"https:\/\/tpshk.com\/fr\/wp-json\/wp\/v2\/media?parent=1606"}],"wp:term":[{"taxonomy":"product_brand","embeddable":true,"href":"https:\/\/tpshk.com\/fr\/wp-json\/wp\/v2\/product_brand?post=1606"},{"taxonomy":"product_cat","embeddable":true,"href":"https:\/\/tpshk.com\/fr\/wp-json\/wp\/v2\/product_cat?post=1606"},{"taxonomy":"product_tag","embeddable":true,"href":"https:\/\/tpshk.com\/fr\/wp-json\/wp\/v2\/product_tag?post=1606"}],"curies":[{"name":"wp","href":"https:\/\/api.w.org\/{rel}","templated":true}]}}