{"id":783,"date":"2022-07-05T17:13:50","date_gmt":"2022-07-05T09:13:50","guid":{"rendered":"http:\/\/82.157.161.82\/?page_id=783"},"modified":"2022-11-08T23:38:10","modified_gmt":"2022-11-08T15:38:10","slug":"%d0%b3%d0%b0%d1%80%d0%b0%d0%bd%d1%82%d0%b8%d1%8f","status":"publish","type":"page","link":"https:\/\/tpshk.com\/fr\/%d0%be%d0%ba%d0%b0%d0%b7%d0%b0%d0%bd%d0%b8%d0%b5-%d1%83%d1%81%d0%bb%d1%83%d0%b3\/%d0%b3%d0%b0%d1%80%d0%b0%d0%bd%d1%82%d0%b8%d1%8f","title":{"rendered":"GARANTIE"},"content":{"rendered":"<div data-elementor-type=\"wp-page\" data-elementor-id=\"783\" class=\"elementor elementor-783\">\n\t\t\t\t\t\t\t\t\t<section class=\"elementor-section elementor-top-section elementor-element elementor-element-57c0e71 elementor-section-full_width elementor-section-height-default elementor-section-height-default\" data-id=\"57c0e71\" data-element_type=\"section\">\n\t\t\t\t\t\t\t<div class=\"elementor-background-overlay\"><\/div>\n\t\t\t\t\t\t\t<div class=\"elementor-container elementor-column-gap-default\">\n\t\t\t\t\t<div class=\"elementor-column elementor-col-100 elementor-top-column elementor-element elementor-element-c09f2dc\" data-id=\"c09f2dc\" data-element_type=\"column\">\n\t\t\t<div class=\"elementor-widget-wrap elementor-element-populated\">\n\t\t\t\t\t\t\t\t<div class=\"elementor-element elementor-element-df9c3e3 elementor-widget elementor-widget-heading\" data-id=\"df9c3e3\" data-element_type=\"widget\" data-widget_type=\"heading.default\">\n\t\t\t\t<div class=\"elementor-widget-container\">\n\t\t\t<style>\/*! elementor - v3.10.0 - 09-01-2023 *\/\n.elementor-heading-title{padding:0;margin:0;line-height:1}.elementor-widget-heading .elementor-heading-title[class*=elementor-size-]>a{color:inherit;font-size:inherit;line-height:inherit}.elementor-widget-heading .elementor-heading-title.elementor-size-small{font-size:15px}.elementor-widget-heading .elementor-heading-title.elementor-size-medium{font-size:19px}.elementor-widget-heading .elementor-heading-title.elementor-size-large{font-size:29px}.elementor-widget-heading .elementor-heading-title.elementor-size-xl{font-size:39px}.elementor-widget-heading .elementor-heading-title.elementor-size-xxl{font-size:59px}<\/style><h1 class=\"elementor-heading-title elementor-size-default\">GARANTIE<\/h1>\t\t<\/div>\n\t\t\t\t<\/div>\n\t\t\t\t\t<\/div>\n\t\t<\/div>\n\t\t\t\t\t\t\t<\/div>\n\t\t<\/section>\n\t\t\t\t<section class=\"elementor-section elementor-top-section elementor-element elementor-element-58e44cf elementor-section-boxed elementor-section-height-default elementor-section-height-default\" data-id=\"58e44cf\" data-element_type=\"section\" data-settings=\"{&quot;background_background&quot;:&quot;classic&quot;}\">\n\t\t\t\t\t\t<div class=\"elementor-container elementor-column-gap-no\">\n\t\t\t\t\t<div class=\"elementor-column elementor-col-50 elementor-top-column elementor-element elementor-element-cb5ca6b\" data-id=\"cb5ca6b\" data-element_type=\"column\">\n\t\t\t<div class=\"elementor-widget-wrap elementor-element-populated\">\n\t\t\t\t\t\t\t\t<section class=\"elementor-section elementor-inner-section elementor-element elementor-element-b44953b elementor-section-boxed elementor-section-height-default elementor-section-height-default\" data-id=\"b44953b\" data-element_type=\"section\">\n\t\t\t\t\t\t<div class=\"elementor-container elementor-column-gap-default\">\n\t\t\t\t\t<div class=\"elementor-column elementor-col-100 elementor-inner-column elementor-element elementor-element-bdad9e0\" data-id=\"bdad9e0\" data-element_type=\"column\">\n\t\t\t<div class=\"elementor-widget-wrap elementor-element-populated\">\n\t\t\t\t\t\t\t\t<div class=\"elementor-element elementor-element-8ba6810 elementor-widget elementor-widget-heading\" data-id=\"8ba6810\" data-element_type=\"widget\" data-widget_type=\"heading.default\">\n\t\t\t\t<div class=\"elementor-widget-container\">\n\t\t\t<h2 class=\"elementor-heading-title elementor-size-default\">SERVICE<\/h2>\t\t<\/div>\n\t\t\t\t<\/div>\n\t\t\t\t<div class=\"elementor-element elementor-element-8d2cf77 elementor-nav-menu__text-align-center elementor-widget elementor-widget-nav-menu\" data-id=\"8d2cf77\" data-element_type=\"widget\" data-settings=\"{&quot;layout&quot;:&quot;dropdown&quot;,&quot;submenu_icon&quot;:{&quot;value&quot;:&quot;&lt;i class=\\&quot;fas fa-caret-down\\&quot;&gt;&lt;\\\/i&gt;&quot;,&quot;library&quot;:&quot;fa-solid&quot;}}\" data-widget_type=\"nav-menu.default\">\n\t\t\t\t<div class=\"elementor-widget-container\">\n\t\t\t<link rel=\"stylesheet\" href=\"https:\/\/tpshk.com\/wp-content\/plugins\/elementor-pro\/assets\/css\/widget-nav-menu.min.css\">\t\t\t<nav class=\"elementor-nav-menu--dropdown elementor-nav-menu__container\" aria-hidden=\"true\">\n\t\t\t\t<ul id=\"menu-2-8d2cf77\" class=\"elementor-nav-menu\"><li class=\"menu-item menu-item-type-post_type menu-item-object-page menu-item-2259\"><a href=\"https:\/\/tpshk.com\/fr\/%d0%be%d0%ba%d0%b0%d0%b7%d0%b0%d0%bd%d0%b8%d0%b5-%d1%83%d1%81%d0%bb%d1%83%d0%b3\/%d0%b7%d0%b0%d0%bf%d1%87%d0%b0%d1%81%d1%82%d1%8c\" class=\"elementor-item\" tabindex=\"-1\">SPARE PARTS<\/a><\/li>\n<li class=\"menu-item menu-item-type-post_type menu-item-object-page menu-item-2260\"><a href=\"https:\/\/tpshk.com\/fr\/%d0%be%d0%ba%d0%b0%d0%b7%d0%b0%d0%bd%d0%b8%d0%b5-%d1%83%d1%81%d0%bb%d1%83%d0%b3\/%d0%b3%d0%b0%d1%80%d0%b0%d0%bd%d1%82%d0%b8%d1%8f\" class=\"elementor-item\" tabindex=\"-1\">GARANTIE<\/a><\/li>\n<li class=\"menu-item menu-item-type-post_type menu-item-object-page menu-item-2262\"><a href=\"https:\/\/tpshk.com\/fr\/%d0%be%d0%ba%d0%b0%d0%b7%d0%b0%d0%bd%d0%b8%d0%b5-%d1%83%d1%81%d0%bb%d1%83%d0%b3\/%d0%bf%d0%be%d0%b4%d0%b3%d0%be%d1%82%d0%be%d0%b2%d0%ba%d0%b0-%d0%ba%d0%b0%d0%b4%d1%80%d0%be%d0%b2\" class=\"elementor-item\" tabindex=\"-1\">FORMATION<\/a><\/li>\n<li class=\"menu-item menu-item-type-post_type menu-item-object-page menu-item-2261\"><a href=\"https:\/\/tpshk.com\/fr\/%d0%be%d0%ba%d0%b0%d0%b7%d0%b0%d0%bd%d0%b8%d0%b5-%d1%83%d1%81%d0%bb%d1%83%d0%b3\/%d0%be%d1%82%d0%b2%d0%b5%d1%82-%d0%bd%d0%b0-%d0%b2%d0%be%d0%bf%d1%80%d0%be%d1%81\" class=\"elementor-item\" tabindex=\"-1\">R\u00c9PONSE \u00c0 LA QUESTION<\/a><\/li>\n<li class=\"menu-item menu-item-type-post_type menu-item-object-page menu-item-2263\"><a href=\"https:\/\/tpshk.com\/fr\/%d0%be%d0%ba%d0%b0%d0%b7%d0%b0%d0%bd%d0%b8%d0%b5-%d1%83%d1%81%d0%bb%d1%83%d0%b3\/%d0%b7%d0%b0%d0%b3%d1%80%d1%83%d0%b7%d0%ba%d0%b0\" class=\"elementor-item\" tabindex=\"-1\">TELECHARGER<\/a><\/li>\n<\/ul>\t\t\t<\/nav>\n\t\t\t\t<\/div>\n\t\t\t\t<\/div>\n\t\t\t\t\t<\/div>\n\t\t<\/div>\n\t\t\t\t\t\t\t<\/div>\n\t\t<\/section>\n\t\t\t\t\t<\/div>\n\t\t<\/div>\n\t\t\t\t<div class=\"elementor-column elementor-col-50 elementor-top-column elementor-element elementor-element-e238d4e\" data-id=\"e238d4e\" data-element_type=\"column\">\n\t\t\t<div class=\"elementor-widget-wrap elementor-element-populated\">\n\t\t\t\t\t\t\t\t<div class=\"elementor-element elementor-element-f7874ae elementor-widget elementor-widget-heading\" data-id=\"f7874ae\" data-element_type=\"widget\" data-widget_type=\"heading.default\">\n\t\t\t\t<div class=\"elementor-widget-container\">\n\t\t\t<h2 class=\"elementor-heading-title elementor-size-default\">GARANTIE<\/h2>\t\t<\/div>\n\t\t\t\t<\/div>\n\t\t\t\t<div class=\"elementor-element elementor-element-637378a elementor-widget elementor-widget-text-editor\" data-id=\"637378a\" data-element_type=\"widget\" data-widget_type=\"text-editor.default\">\n\t\t\t\t<div class=\"elementor-widget-container\">\n\t\t\t<style>\/*! elementor - v3.10.0 - 09-01-2023 *\/\n.elementor-widget-text-editor.elementor-drop-cap-view-stacked .elementor-drop-cap{background-color:#818a91;color:#fff}.elementor-widget-text-editor.elementor-drop-cap-view-framed .elementor-drop-cap{color:#818a91;border:3px solid;background-color:transparent}.elementor-widget-text-editor:not(.elementor-drop-cap-view-default) .elementor-drop-cap{margin-top:8px}.elementor-widget-text-editor:not(.elementor-drop-cap-view-default) .elementor-drop-cap-letter{width:1em;height:1em}.elementor-widget-text-editor .elementor-drop-cap{float:left;text-align:center;line-height:1;font-size:50px}.elementor-widget-text-editor .elementor-drop-cap-letter{display:inline-block}<\/style>\t\t\t\t<p>Quel que soit l'emplacement de vos groupes \u00e9lectrog\u00e8nes, nos agents de service et nos distributeurs dans le monde entier peuvent toujours vous fournir les conseils et les services techniques les plus rapides et les plus professionnels. L'op\u00e9rateur doit \u00e9galement proc\u00e9der r\u00e9guli\u00e8rement \u00e0 l'inspection, au r\u00e9glage et au nettoyage de toutes les pi\u00e8ces afin d'assurer un fonctionnement sans probl\u00e8me et de maintenir une longue dur\u00e9e de vie de la machine. En outre, un entretien et des r\u00e9parations r\u00e9guliers sont utiles pour \u00e9viter l'usure pr\u00e9matur\u00e9e de toutes les pi\u00e8ces.\u00a0<\/p>\t\t\t\t\t\t<\/div>\n\t\t\t\t<\/div>\n\t\t\t\t<div class=\"elementor-element elementor-element-16cae04 elementor-widget elementor-widget-image\" data-id=\"16cae04\" data-element_type=\"widget\" data-widget_type=\"image.default\">\n\t\t\t\t<div class=\"elementor-widget-container\">\n\t\t\t<style>\/*! elementor - v3.10.0 - 09-01-2023 *\/\n.elementor-widget-image{text-align:center}.elementor-widget-image a{display:inline-block}.elementor-widget-image a img[src$=\".svg\"]{width:48px}.elementor-widget-image img{vertical-align:middle;display:inline-block}<\/style>\t\t\t\t\t\t\t\t\t\t\t\t<img loading=\"lazy\" decoding=\"async\" width=\"972\" height=\"648\" src=\"https:\/\/tpshk.com\/wp-content\/uploads\/2022\/08\/pic-35.png\" class=\"attachment-large size-large wp-image-2062\" alt=\"\" srcset=\"https:\/\/tpshk.com\/wp-content\/uploads\/2022\/08\/pic-35.png 972w, https:\/\/tpshk.com\/wp-content\/uploads\/2022\/08\/pic-35-600x400.png 600w, https:\/\/tpshk.com\/wp-content\/uploads\/2022\/08\/pic-35-300x200.png 300w, https:\/\/tpshk.com\/wp-content\/uploads\/2022\/08\/pic-35-768x512.png 768w\" sizes=\"auto, (max-width: 972px) 100vw, 972px\" \/>\t\t\t\t\t\t\t\t\t\t\t\t\t\t\t<\/div>\n\t\t\t\t<\/div>\n\t\t\t\t<div class=\"elementor-element elementor-element-a9a10ed elementor-widget elementor-widget-heading\" data-id=\"a9a10ed\" data-element_type=\"widget\" data-widget_type=\"heading.default\">\n\t\t\t\t<div class=\"elementor-widget-container\">\n\t\t\t<h5 class=\"elementor-heading-title elementor-size-default\">En tant que distributeur Tide Power, vous pouvez compter sur les garanties de qualit\u00e9 suivantes : - Fourniture de groupes \u00e9lectrog\u00e8nes Alanta Power qualifi\u00e9s ;<\/h5>\t\t<\/div>\n\t\t\t\t<\/div>\n\t\t\t\t<div class=\"elementor-element elementor-element-e68afb9 elementor-widget elementor-widget-text-editor\" data-id=\"e68afb9\" data-element_type=\"widget\" data-widget_type=\"text-editor.default\">\n\t\t\t\t<div class=\"elementor-widget-container\">\n\t\t\t\t\t\t\t<p>&#8211; \u041f\u0440\u0435\u0434\u043e\u0441\u0442\u0430\u0432\u043b\u0435\u043d\u0438\u0435 \u043f\u043e\u043b\u043d\u043e\u0439 \u0442\u0435\u0445\u043d\u0438\u0447\u0435\u0441\u043a\u043e\u0439 \u043f\u043e\u0434\u0434\u0435\u0440\u0436\u043a\u0438, \u0432\u043a\u043b\u044e\u0447\u0430\u044f \u0440\u0443\u043a\u043e\u0432\u043e\u0434\u0441\u0442\u0432\u043e \u043f\u043e \u0443\u0441\u0442\u0430\u043d\u043e\u0432\u043a\u0435, \u0440\u0435\u043c\u043e\u043d\u0442 \u0438 \u0442\u0435\u0445\u043d\u0438\u0447\u0435\u0441\u043a\u043e\u0435 \u043e\u0431\u0441\u043b\u0443\u0436\u0438\u0432\u0430\u043d\u0438\u0435, \u0440\u0443\u043a\u043e\u0432\u043e\u0434\u0441\u0442\u0432\u043e \u043f\u043e \u0432\u0432\u043e\u0434\u0443 \u0432 \u044d\u043a\u0441\u043f\u043b\u0443\u0430\u0442\u0430\u0446\u0438\u044e \u0438 \u0442.\u0434;<br \/>&#8211; \u0410\u0434\u0435\u043a\u0432\u0430\u0442\u043d\u0430\u044f \u043f\u043e\u0441\u0442\u0430\u0432\u043a\u0430 \u043f\u0440\u043e\u0434\u0443\u043a\u0446\u0438\u0438 \u0438 \u0437\u0430\u043f\u0430\u0441\u043d\u044b\u0445 \u0447\u0430\u0441\u0442\u0435\u0439;<br \/>&#8211; \u041f\u0440\u043e\u0444\u0435\u0441\u0441\u0438\u043e\u043d\u0430\u043b\u044c\u043d\u043e\u0435 \u043e\u0431\u0443\u0447\u0435\u043d\u0438\u0435 \u0438 \u0443\u0441\u0442\u0440\u0430\u043d\u0435\u043d\u0438\u0435 \u043d\u0435\u0438\u0441\u043f\u0440\u0430\u0432\u043d\u043e\u0441\u0442\u0435\u0439 \u0434\u043b\u044f \u0442\u0435\u0445\u043d\u0438\u0447\u0435\u0441\u043a\u043e\u0433\u043e \u043f\u0435\u0440\u0441\u043e\u043d\u0430\u043b\u0430;<br \/>&#8211; \u041e\u043d\u043b\u0430\u0439\u043d-\u043f\u043e\u0434\u0434\u0435\u0440\u0436\u043a\u0430 \u0434\u043b\u044f \u0437\u0430\u043a\u0430\u0437\u0430 \u0438 \u043d\u0430\u043b\u0438\u0447\u0438\u044f \u0437\u0430\u043f\u0447\u0430\u0441\u0442\u0435\u0439, \u043f\u043e\u043b\u043d\u044b\u0439 \u043d\u0430\u0431\u043e\u0440 \u0440\u0435\u0448\u0435\u043d\u0438\u0439 \u043f\u043e \u0437\u0430\u043f\u0447\u0430\u0441\u0442\u044f\u043c;<br \/>&#8211; \u041e\u043d\u043b\u0430\u0439\u043d \u0442\u0435\u0445\u043d\u0438\u0447\u0435\u0441\u043a\u0430\u044f \u043f\u043e\u0434\u0434\u0435\u0440\u0436\u043a\u0430 \u043e\u0431\u0435\u0441\u043f\u0435\u0447\u0438\u0432\u0430\u0435\u0442 \u0432\u0438\u0434\u0435\u043e \u043e\u0431\u0443\u0447\u0435\u043d\u0438\u0435 \u043f\u043e \u0443\u0441\u0442\u0430\u043d\u043e\u0432\u043a\u0435 \u043f\u0440\u043e\u0434\u0443\u043a\u0446\u0438\u0438, \u0437\u0430\u043c\u0435\u043d\u0435 \u0434\u0435\u0442\u0430\u043b\u0435\u0439, \u0430 \u0442\u0430\u043a\u0436\u0435 \u0440\u0443\u043a\u043e\u0432\u043e\u0434\u0441\u0442\u0432\u043e \u043f\u043e \u044d\u043a\u0441\u043f\u043b\u0443\u0430\u0442\u0430\u0446\u0438\u0438 \u0438 \u0442\u0435\u0445\u043d\u0438\u0447\u0435\u0441\u043a\u043e\u043c\u0443 \u043e\u0431\u0441\u043b\u0443\u0436\u0438\u0432\u0430\u043d\u0438\u044e;<br \/>&#8211; \u0421\u043e\u0437\u0434\u0430\u043d\u0438\u0435 \u043f\u043e\u043b\u043d\u043e\u0433\u043e \u0434\u043e\u0441\u044c\u0435 \u043a\u043b\u0438\u0435\u043d\u0442\u0430 \u0438 \u0434\u043e\u0441\u044c\u0435 \u043f\u0440\u043e\u0434\u0443\u043a\u0442\u0430;<br \/>&#8211; \u041f\u043e\u0441\u0442\u0430\u0432\u043a\u0430 \u043e\u0440\u0438\u0433\u0438\u043d\u0430\u043b\u044c\u043d\u044b\u0445 \u0437\u0430\u043f\u0430\u0441\u043d\u044b\u0445 \u0447\u0430\u0441\u0442\u0435\u0439.<\/p>\t\t\t\t\t\t<\/div>\n\t\t\t\t<\/div>\n\t\t\t\t<div class=\"elementor-element elementor-element-060663c elementor-widget elementor-widget-image\" data-id=\"060663c\" data-element_type=\"widget\" data-widget_type=\"image.default\">\n\t\t\t\t<div class=\"elementor-widget-container\">\n\t\t\t\t\t\t\t\t\t\t\t\t\t\t\t<img loading=\"lazy\" decoding=\"async\" width=\"978\" height=\"525\" src=\"https:\/\/tpshk.com\/wp-content\/uploads\/2022\/08\/pic-36.png\" class=\"attachment-large size-large wp-image-2063\" alt=\"\" srcset=\"https:\/\/tpshk.com\/wp-content\/uploads\/2022\/08\/pic-36.png 978w, https:\/\/tpshk.com\/wp-content\/uploads\/2022\/08\/pic-36-600x322.png 600w, https:\/\/tpshk.com\/wp-content\/uploads\/2022\/08\/pic-36-300x161.png 300w, https:\/\/tpshk.com\/wp-content\/uploads\/2022\/08\/pic-36-768x412.png 768w\" sizes=\"auto, (max-width: 978px) 100vw, 978px\" \/>\t\t\t\t\t\t\t\t\t\t\t\t\t\t\t<\/div>\n\t\t\t\t<\/div>\n\t\t\t\t<div class=\"elementor-element elementor-element-723ec6c elementor-widget elementor-widget-heading\" data-id=\"723ec6c\" data-element_type=\"widget\" data-widget_type=\"heading.default\">\n\t\t\t\t<div class=\"elementor-widget-container\">\n\t\t\t<h5 class=\"elementor-heading-title elementor-size-default\">Note :\u00a0<\/h5>\t\t<\/div>\n\t\t\t\t<\/div>\n\t\t\t\t<div class=\"elementor-element elementor-element-307a99a elementor-widget elementor-widget-text-editor\" data-id=\"307a99a\" data-element_type=\"widget\" data-widget_type=\"text-editor.default\">\n\t\t\t\t<div class=\"elementor-widget-container\">\n\t\t\t\t\t\t\t<p>Les pi\u00e8ces d'usure, les pi\u00e8ces \u00e0 mouvement rapide et tous les d\u00e9fauts r\u00e9sultant d'une utilisation incorrecte, d'un entretien n\u00e9glig\u00e9 et du non-respect des instructions d'utilisation et d'entretien ne sont pas couverts par la garantie.\u00a0<\/p>\t\t\t\t\t\t<\/div>\n\t\t\t\t<\/div>\n\t\t\t\t<div class=\"elementor-element elementor-element-95661f8 elementor-hidden-desktop elementor-hidden-tablet elementor-hidden-mobile elementor-widget elementor-widget-text-editor\" data-id=\"95661f8\" data-element_type=\"widget\" data-widget_type=\"text-editor.default\">\n\t\t\t\t<div class=\"elementor-widget-container\">\n\t\t\t\t\t\t\t<p>Tide Power_Groupe \u00e9lectrog\u00e8ne diesel\/gaz Fabricant_Fournisseur de solutions d'\u00e9nergie \u00e9lectrique<\/p>\t\t\t\t\t\t<\/div>\n\t\t\t\t<\/div>\n\t\t\t\t\t<\/div>\n\t\t<\/div>\n\t\t\t\t\t\t\t<\/div>\n\t\t<\/section>\n\t\t\t\t\t\t\t<\/div>","protected":false},"excerpt":{"rendered":"<p>\u0413\u0410\u0420\u0410\u041d\u0422\u0418\u042f \u041e\u041a\u0410\u0417\u0410\u041d\u0418\u0415 \u0423\u0421\u041b\u0423\u0413 \u0413\u0410\u0420\u0410\u041d\u0422\u0418\u042f \u0413\u0434\u0435 \u0431\u044b \u043d\u0438 \u043d\u0430\u0445\u043e\u0434\u0438\u043b\u0438\u0441\u044c \u0432\u0430\u0448\u0438 \u0433\u0435\u043d\u0435\u0440\u0430\u0442\u043e\u0440\u043d\u044b\u0435 \u0443\u0441\u0442\u0430\u043d\u043e\u0432\u043a\u0438, \u043d\u0430\u0448\u0438 \u0441\u0435\u0440\u0432\u0438\u0441\u043d\u044b\u0435 \u0430\u0433\u0435\u043d\u0442\u044b \u0438 \u0434\u0438\u0441\u0442\u0440\u0438\u0431\u044c\u044e\u0442\u043e\u0440\u044b \u043f\u043e \u0432\u0441\u0435\u043c\u0443 \u043c\u0438\u0440\u0443 \u0432\u0441\u0435\u0433\u0434\u0430 \u043c\u043e\u0433\u0443\u0442 \u043f\u0440\u0435\u0434\u043e\u0441\u0442\u0430\u0432\u0438\u0442\u044c \u0432\u0430\u043c \u0441\u0430\u043c\u044b\u0435 \u043e\u043f\u0435\u0440\u0430\u0442\u0438\u0432\u043d\u044b\u0435, \u043f\u0440\u043e\u0444\u0435\u0441\u0441\u0438\u043e\u043d\u0430\u043b\u044c\u043d\u044b\u0435, \u0442\u0435\u0445\u043d\u0438\u0447\u0435\u0441\u043a\u0438\u0435 \u043a\u043e\u043d\u0441\u0443\u043b\u044c\u0442\u0430\u0446\u0438\u0438 \u0438 \u0443\u0441\u043b\u0443\u0433\u0438. \u041f\u0440\u0430\u0432\u0438\u043b\u044c\u043d\u0430\u044f \u044d\u043a\u0441\u043f\u043b\u0443\u0430\u0442\u0430\u0446\u0438\u044f \u0432 \u0441\u043e\u043e\u0442\u0432\u0435\u0442\u0441\u0442\u0432\u0438\u0438 \u0441 \u0440\u0443\u043a\u043e\u0432\u043e\u0434\u0441\u0442\u0432\u043e\u043c \u043f\u043e \u044d\u043a\u0441\u043f\u043b\u0443\u0430\u0442\u0430\u0446\u0438\u0438, \u043e\u043f\u0435\u0440\u0430\u0442\u043e\u0440\u044b \u0442\u0430\u043a\u0436\u0435 \u0434\u043e\u043b\u0436\u043d\u044b \u043f\u0440\u043e\u0432\u043e\u0434\u0438\u0442\u044c \u0440\u0435\u0433\u0443\u043b\u044f\u0440\u043d\u044b\u0439 \u043e\u0441\u043c\u043e\u0442\u0440, \u0440\u0435\u0433\u0443\u043b\u0438\u0440\u043e\u0432\u043a\u0443 \u0438 \u043e\u0447\u0438\u0441\u0442\u043a\u0443 \u0432\u0441\u0435\u0445 \u0434\u0435\u0442\u0430\u043b\u0435\u0439 \u0434\u043b\u044f \u043e\u0431\u0435\u0441\u043f\u0435\u0447\u0435\u043d\u0438\u044f \u0431\u0435\u0441\u043f\u0435\u0440\u0435\u0431\u043e\u0439\u043d\u043e\u0439 \u0440\u0430\u0431\u043e\u0442\u044b \u0438 \u043f\u043e\u0434\u0434\u0435\u0440\u0436\u0430\u043d\u0438\u044f [&hellip;]<\/p>","protected":false},"author":1,"featured_media":0,"parent":2256,"menu_order":0,"comment_status":"closed","ping_status":"closed","template":"elementor_header_footer","meta":{"footnotes":""},"class_list":["post-783","page","type-page","status-publish","hentry"],"blocksy_meta":{"styles_descriptor":{"styles":{"desktop":"","tablet":"","mobile":""},"google_fonts":[],"version":6}},"acf":[],"_links":{"self":[{"href":"https:\/\/tpshk.com\/fr\/wp-json\/wp\/v2\/pages\/783","targetHints":{"allow":["GET"]}}],"collection":[{"href":"https:\/\/tpshk.com\/fr\/wp-json\/wp\/v2\/pages"}],"about":[{"href":"https:\/\/tpshk.com\/fr\/wp-json\/wp\/v2\/types\/page"}],"author":[{"embeddable":true,"href":"https:\/\/tpshk.com\/fr\/wp-json\/wp\/v2\/users\/1"}],"replies":[{"embeddable":true,"href":"https:\/\/tpshk.com\/fr\/wp-json\/wp\/v2\/comments?post=783"}],"version-history":[{"count":0,"href":"https:\/\/tpshk.com\/fr\/wp-json\/wp\/v2\/pages\/783\/revisions"}],"up":[{"embeddable":true,"href":"https:\/\/tpshk.com\/fr\/wp-json\/wp\/v2\/pages\/2256"}],"wp:attachment":[{"href":"https:\/\/tpshk.com\/fr\/wp-json\/wp\/v2\/media?parent=783"}],"curies":[{"name":"wp","href":"https:\/\/api.w.org\/{rel}","templated":true}]}}