{"id":342,"date":"2022-07-04T11:24:15","date_gmt":"2022-07-04T03:24:15","guid":{"rendered":"http:\/\/82.157.161.82\/?page_id=342"},"modified":"2022-11-07T13:33:59","modified_gmt":"2022-11-07T05:33:59","slug":"%d0%be-%d0%bf%d1%80%d0%b8%d0%bb%d0%b8%d0%b2%d0%bd%d0%be%d0%b9-%d1%81%d0%b8%d0%bb%d0%b5","status":"publish","type":"page","link":"https:\/\/tpshk.com\/fr\/%d0%be-%d0%bf%d1%80%d0%b8%d0%bb%d0%b8%d0%b2%d0%bd%d0%be%d0%b9-%d1%81%d0%b8%d0%bb%d0%b5","title":{"rendered":"\u00c0 PROPOS DE TIDE POWER"},"content":{"rendered":"<div data-elementor-type=\"wp-page\" data-elementor-id=\"342\" class=\"elementor elementor-342\">\n\t\t\t\t\t\t\t\t\t<section class=\"elementor-section elementor-top-section elementor-element elementor-element-fba039f elementor-section-full_width elementor-section-height-default elementor-section-height-default\" data-id=\"fba039f\" data-element_type=\"section\">\n\t\t\t\t\t\t\t<div class=\"elementor-background-overlay\"><\/div>\n\t\t\t\t\t\t\t<div class=\"elementor-container elementor-column-gap-default\">\n\t\t\t\t\t<div class=\"elementor-column elementor-col-100 elementor-top-column elementor-element elementor-element-02963b5\" data-id=\"02963b5\" data-element_type=\"column\">\n\t\t\t<div class=\"elementor-widget-wrap elementor-element-populated\">\n\t\t\t\t\t\t\t\t<div class=\"elementor-element elementor-element-6e64992 elementor-widget elementor-widget-heading\" data-id=\"6e64992\" data-element_type=\"widget\" data-widget_type=\"heading.default\">\n\t\t\t\t<div class=\"elementor-widget-container\">\n\t\t\t<style>\/*! elementor - v3.10.0 - 09-01-2023 *\/\n.elementor-heading-title{padding:0;margin:0;line-height:1}.elementor-widget-heading .elementor-heading-title[class*=elementor-size-]>a{color:inherit;font-size:inherit;line-height:inherit}.elementor-widget-heading .elementor-heading-title.elementor-size-small{font-size:15px}.elementor-widget-heading .elementor-heading-title.elementor-size-medium{font-size:19px}.elementor-widget-heading .elementor-heading-title.elementor-size-large{font-size:29px}.elementor-widget-heading .elementor-heading-title.elementor-size-xl{font-size:39px}.elementor-widget-heading .elementor-heading-title.elementor-size-xxl{font-size:59px}<\/style><h1 class=\"elementor-heading-title elementor-size-default\">\u00c0 PROPOS DE TIDE POWER<\/h1>\t\t<\/div>\n\t\t\t\t<\/div>\n\t\t\t\t\t<\/div>\n\t\t<\/div>\n\t\t\t\t\t\t\t<\/div>\n\t\t<\/section>\n\t\t\t\t<section class=\"elementor-section elementor-top-section elementor-element elementor-element-30f6575 elementor-section-boxed elementor-section-height-default elementor-section-height-default\" data-id=\"30f6575\" data-element_type=\"section\">\n\t\t\t\t\t\t<div class=\"elementor-container elementor-column-gap-default\">\n\t\t\t\t\t<div class=\"elementor-column elementor-col-100 elementor-top-column elementor-element elementor-element-b1eb876\" data-id=\"b1eb876\" data-element_type=\"column\">\n\t\t\t<div class=\"elementor-widget-wrap elementor-element-populated\">\n\t\t\t\t\t\t\t\t<section class=\"elementor-section elementor-inner-section elementor-element elementor-element-5b367a5 elementor-section-boxed elementor-section-height-default elementor-section-height-default\" data-id=\"5b367a5\" data-element_type=\"section\">\n\t\t\t\t\t\t<div class=\"elementor-container elementor-column-gap-default\">\n\t\t\t\t\t<div class=\"elementor-column elementor-col-50 elementor-inner-column elementor-element elementor-element-3c1d3d4\" data-id=\"3c1d3d4\" data-element_type=\"column\">\n\t\t\t<div class=\"elementor-widget-wrap elementor-element-populated\">\n\t\t\t\t\t\t\t\t<div class=\"elementor-element elementor-element-96403f5 elementor-widget elementor-widget-image\" data-id=\"96403f5\" data-element_type=\"widget\" data-widget_type=\"image.default\">\n\t\t\t\t<div class=\"elementor-widget-container\">\n\t\t\t<style>\/*! elementor - v3.10.0 - 09-01-2023 *\/\n.elementor-widget-image{text-align:center}.elementor-widget-image a{display:inline-block}.elementor-widget-image a img[src$=\".svg\"]{width:48px}.elementor-widget-image img{vertical-align:middle;display:inline-block}<\/style>\t\t\t\t\t\t\t\t\t\t\t\t<img loading=\"lazy\" decoding=\"async\" width=\"264\" height=\"134\" src=\"https:\/\/tpshk.com\/wp-content\/uploads\/2022\/08\/pic-25-1.png\" class=\"attachment-full size-full wp-image-2085\" alt=\"\" \/>\t\t\t\t\t\t\t\t\t\t\t\t\t\t\t<\/div>\n\t\t\t\t<\/div>\n\t\t\t\t\t<\/div>\n\t\t<\/div>\n\t\t\t\t<div class=\"elementor-column elementor-col-50 elementor-inner-column elementor-element elementor-element-6962fc1\" data-id=\"6962fc1\" data-element_type=\"column\">\n\t\t\t<div class=\"elementor-widget-wrap elementor-element-populated\">\n\t\t\t\t\t\t\t\t<div class=\"elementor-element elementor-element-58e24ae elementor-widget elementor-widget-text-editor\" data-id=\"58e24ae\" data-element_type=\"widget\" data-widget_type=\"text-editor.default\">\n\t\t\t\t<div class=\"elementor-widget-container\">\n\t\t\t<style>\/*! elementor - v3.10.0 - 09-01-2023 *\/\n.elementor-widget-text-editor.elementor-drop-cap-view-stacked .elementor-drop-cap{background-color:#818a91;color:#fff}.elementor-widget-text-editor.elementor-drop-cap-view-framed .elementor-drop-cap{color:#818a91;border:3px solid;background-color:transparent}.elementor-widget-text-editor:not(.elementor-drop-cap-view-default) .elementor-drop-cap{margin-top:8px}.elementor-widget-text-editor:not(.elementor-drop-cap-view-default) .elementor-drop-cap-letter{width:1em;height:1em}.elementor-widget-text-editor .elementor-drop-cap{float:left;text-align:center;line-height:1;font-size:50px}.elementor-widget-text-editor .elementor-drop-cap-letter{display:inline-block}<\/style>\t\t\t\tFond\u00e9e en 2006, TIDE POWER a son si\u00e8ge social \u00e0 Hong Kong et a une histoire de plus de 20 ans. L'usine couvre plus de 13 000 m\u00e8tres carr\u00e9s, emploie plus de 200 personnes \u00e0 temps plein et a une capacit\u00e9 de production annuelle de plus de 4 000 unit\u00e9s.\t\t\t\t\t\t<\/div>\n\t\t\t\t<\/div>\n\t\t\t\t\t<\/div>\n\t\t<\/div>\n\t\t\t\t\t\t\t<\/div>\n\t\t<\/section>\n\t\t\t\t\t<\/div>\n\t\t<\/div>\n\t\t\t\t\t\t\t<\/div>\n\t\t<\/section>\n\t\t\t\t<section class=\"elementor-section elementor-top-section elementor-element elementor-element-c85e029 ct-section-stretched elementor-section-full_width elementor-section-height-default elementor-section-height-default\" data-id=\"c85e029\" data-element_type=\"section\">\n\t\t\t\t\t\t<div class=\"elementor-container elementor-column-gap-no\">\n\t\t\t\t\t<div class=\"elementor-column elementor-col-100 elementor-top-column elementor-element elementor-element-04a5bf9\" data-id=\"04a5bf9\" data-element_type=\"column\" data-settings=\"{&quot;background_background&quot;:&quot;classic&quot;}\">\n\t\t\t<div class=\"elementor-widget-wrap elementor-element-populated\">\n\t\t\t\t\t\t\t\t<section class=\"elementor-section elementor-inner-section elementor-element elementor-element-9afee86 elementor-section-boxed elementor-section-height-default elementor-section-height-default\" data-id=\"9afee86\" data-element_type=\"section\">\n\t\t\t\t\t\t<div class=\"elementor-container elementor-column-gap-default\">\n\t\t\t\t\t<div class=\"elementor-column elementor-col-100 elementor-inner-column elementor-element elementor-element-95894c4\" data-id=\"95894c4\" data-element_type=\"column\">\n\t\t\t<div class=\"elementor-widget-wrap elementor-element-populated\">\n\t\t\t\t\t\t\t\t<div class=\"elementor-element elementor-element-323f4e7 elementor-widget elementor-widget-image\" data-id=\"323f4e7\" data-element_type=\"widget\" data-widget_type=\"image.default\">\n\t\t\t\t<div class=\"elementor-widget-container\">\n\t\t\t\t\t\t\t\t\t\t\t\t\t\t\t<img loading=\"lazy\" decoding=\"async\" width=\"1200\" height=\"675\" src=\"https:\/\/tpshk.com\/wp-content\/uploads\/2022\/09\/H5438c034978040db89d56c1429b6d179m.jpg\" class=\"attachment-2048x2048 size-2048x2048 wp-image-2736\" alt=\"\" srcset=\"https:\/\/tpshk.com\/wp-content\/uploads\/2022\/09\/H5438c034978040db89d56c1429b6d179m.jpg 1200w, https:\/\/tpshk.com\/wp-content\/uploads\/2022\/09\/H5438c034978040db89d56c1429b6d179m-600x338.jpg 600w, https:\/\/tpshk.com\/wp-content\/uploads\/2022\/09\/H5438c034978040db89d56c1429b6d179m-300x169.jpg 300w, https:\/\/tpshk.com\/wp-content\/uploads\/2022\/09\/H5438c034978040db89d56c1429b6d179m-1024x576.jpg 1024w, https:\/\/tpshk.com\/wp-content\/uploads\/2022\/09\/H5438c034978040db89d56c1429b6d179m-768x432.jpg 768w, https:\/\/tpshk.com\/wp-content\/uploads\/2022\/09\/H5438c034978040db89d56c1429b6d179m-18x10.jpg 18w\" sizes=\"auto, (max-width: 1200px) 100vw, 1200px\" \/>\t\t\t\t\t\t\t\t\t\t\t\t\t\t\t<\/div>\n\t\t\t\t<\/div>\n\t\t\t\t<div class=\"elementor-element elementor-element-0ae036b elementor-widget elementor-widget-text-editor\" data-id=\"0ae036b\" data-element_type=\"widget\" data-widget_type=\"text-editor.default\">\n\t\t\t\t<div class=\"elementor-widget-container\">\n\t\t\t\t\t\t\t<p>TIDE POWER existe depuis pr\u00e8s de 20 ans, avec un r\u00e9seau de vente couvrant plus de 80 pays et r\u00e9gions dans le monde, des bureaux, des agents et des entrep\u00f4ts \u00e0 l'\u00e9tranger dans le monde entier et des partenariats strat\u00e9giques avec de nombreuses marques d'\u00e9nergie de qualit\u00e9 dans le monde, ce qui en fait une soci\u00e9t\u00e9 d'\u00e9nergie professionnelle mondiale.<\/p>\n<p>TIDE POWER \u043f\u0440\u0438\u0434\u0435\u0440\u0436\u0438\u0432\u0430\u0435\u0442\u0441\u044f \u0444\u0438\u043b\u043e\u0441\u043e\u0444\u0438\u0438 \u0431\u0440\u0435\u043d\u0434\u0430 &#8220;\u041f\u043e\u0441\u0442\u043e\u044f\u043d\u043d\u044b\u0439 \u0432\u043a\u043b\u0430\u0434 \u0432 \u043c\u0438\u0440\u043e\u0432\u043e\u0439 \u044d\u043d\u0435\u0440\u0433\u0435\u0442\u0438\u0447\u0435\u0441\u043a\u0438\u0439 \u0431\u0438\u0437\u043d\u0435\u0441&#8221;, \u0432\u0441\u0435\u0433\u0434\u0430 \u043e\u0441\u043d\u043e\u0432\u044b\u0432\u0430\u0435\u0442\u0441\u044f \u043d\u0430 \u0434\u0438\u0437\u0430\u0439\u043d\u0435 \u043f\u0440\u043e\u0434\u0443\u043a\u0446\u0438\u0438 \u0438 \u0438\u043d\u043d\u043e\u0432\u0430\u0446\u0438\u043e\u043d\u043d\u044b\u0445 \u0438\u0434\u0435\u044f\u0445 \u0434\u043b\u044f \u043f\u0440\u043e\u0438\u0437\u0432\u043e\u0434\u0441\u0442\u0432\u0430 \u0432\u044b\u0441\u043e\u043a\u043e\u043d\u0430\u0434\u0435\u0436\u043d\u043e\u0439 \u0438 \u0432\u044b\u0441\u043e\u043a\u043e\u043a\u0430\u0447\u0435\u0441\u0442\u0432\u0435\u043d\u043d\u043e\u0439 \u043f\u0440\u043e\u0434\u0443\u043a\u0446\u0438\u0438, \u0430 \u0442\u0430\u043a\u0436\u0435 \u0438\u043c\u0435\u0435\u0442 \u0441\u0438\u043b\u044c\u043d\u0443\u044e \u043f\u0440\u043e\u0444\u0435\u0441\u0441\u0438\u043e\u043d\u0430\u043b\u044c\u043d\u0443\u044e \u043a\u043e\u043c\u0430\u043d\u0434\u0443 \u0442\u0435\u0445\u043d\u0438\u0447\u0435\u0441\u043a\u0438\u0445 \u0438\u0441\u0441\u043b\u0435\u0434\u043e\u0432\u0430\u043d\u0438\u0439 \u0438 \u0440\u0430\u0437\u0440\u0430\u0431\u043e\u0442\u043e\u043a \u0438 \u043f\u0435\u0440\u0435\u0434\u043e\u0432\u044b\u0435 \u043f\u0440\u043e\u0438\u0437\u0432\u043e\u0434\u0441\u0442\u0432\u0435\u043d\u043d\u044b\u0435 \u0438 \u0441\u0431\u043e\u0440\u043e\u0447\u043d\u044b\u0435 \u043b\u0438\u043d\u0438\u0438. \u041e\u0442 \u0434\u0438\u0437\u0435\u043b\u044c\u043d\u043e\u0439 \u0433\u0435\u043d\u0435\u0440\u0430\u0446\u0438\u0438 \u0434\u043e \u0433\u0430\u0437\u043e\u0432\u043e\u0439 \u0433\u0435\u043d\u0435\u0440\u0430\u0446\u0438\u0438 \u0438 \u0433\u0435\u043d\u0435\u0440\u0430\u0446\u0438\u0438 \u043d\u043e\u0432\u043e\u0439 \u044d\u043d\u0435\u0440\u0433\u0438\u0438, \u043c\u044b \u043f\u0440\u043e\u0434\u043e\u043b\u0436\u0430\u0435\u043c \u043f\u0440\u0435\u0434\u043b\u0430\u0433\u0430\u0442\u044c \u0448\u0438\u0440\u043e\u043a\u0438\u0439 \u0441\u043f\u0435\u043a\u0442\u0440 \u043f\u0440\u043e\u0434\u0443\u043a\u0446\u0438\u0438 \u0434\u043b\u044f \u043f\u0440\u043e\u0438\u0437\u0432\u043e\u0434\u0441\u0442\u0432\u0430 \u044d\u043b\u0435\u043a\u0442\u0440\u043e\u044d\u043d\u0435\u0440\u0433\u0438\u0438, \u043e\u0442 \u0431\u044b\u0442\u043e\u0432\u044b\u0445 \u0433\u0435\u043d\u0435\u0440\u0430\u0442\u043e\u0440\u043d\u044b\u0445 \u0443\u0441\u0442\u0430\u043d\u043e\u0432\u043e\u043a \u0441 \u0448\u0443\u043c\u043e\u0438\u0437\u043e\u043b\u044f\u0446\u0438\u0435\u0439 \u0434\u043e \u043f\u0440\u043e\u043c\u044b\u0448\u043b\u0435\u043d\u043d\u044b\u0445 \u0432\u044b\u0441\u043e\u043a\u043e\u0432\u043e\u043b\u044c\u0442\u043d\u044b\u0445 \u0431\u043b\u043e\u043a\u043e\u0432 \u043f\u043e\u0434\u043a\u043b\u044e\u0447\u0435\u043d\u0438\u044f \u043a \u0441\u0435\u0442\u0438, \u0447\u0442\u043e\u0431\u044b \u0443\u0434\u043e\u0432\u043b\u0435\u0442\u0432\u043e\u0440\u0438\u0442\u044c \u0440\u0430\u0437\u043d\u043e\u043e\u0431\u0440\u0430\u0437\u043d\u044b\u0435 \u043f\u043e\u0442\u0440\u0435\u0431\u043d\u043e\u0441\u0442\u0438 \u043d\u0430\u0448\u0438\u0445 \u0433\u043b\u043e\u0431\u0430\u043b\u044c\u043d\u044b\u0445 \u043a\u043b\u0438\u0435\u043d\u0442\u043e\u0432 \u0438 \u043f\u0440\u0435\u0434\u043e\u0441\u0442\u0430\u0432\u0438\u0442\u044c \u0438\u043d\u0434\u0438\u0432\u0438\u0434\u0443\u0430\u043b\u044c\u043d\u044b\u0435 \u043f\u0440\u043e\u0444\u0435\u0441\u0441\u0438\u043e\u043d\u0430\u043b\u044c\u043d\u044b\u0435 \u0438 \u044d\u0444\u0444\u0435\u043a\u0442\u0438\u0432\u043d\u044b\u0435 \u044d\u043d\u0435\u0440\u0433\u0435\u0442\u0438\u0447\u0435\u0441\u043a\u0438\u0435 \u0440\u0435\u0448\u0435\u043d\u0438\u044f \u0434\u043b\u044f \u0440\u0430\u0437\u043b\u0438\u0447\u043d\u044b\u0445 \u043f\u0440\u043e\u0435\u043a\u0442\u043e\u0432 \u0438 \u0443\u0441\u043b\u043e\u0432\u0438\u0439.<\/p>\n\t\t\t\t\t\t<\/div>\n\t\t\t\t<\/div>\n\t\t\t\t\t<\/div>\n\t\t<\/div>\n\t\t\t\t\t\t\t<\/div>\n\t\t<\/section>\n\t\t\t\t<section class=\"elementor-section elementor-inner-section elementor-element elementor-element-32f93ef elementor-section-boxed elementor-section-height-default elementor-section-height-default\" data-id=\"32f93ef\" data-element_type=\"section\">\n\t\t\t\t\t\t<div class=\"elementor-container elementor-column-gap-default\">\n\t\t\t\t\t<div class=\"elementor-column elementor-col-50 elementor-inner-column elementor-element elementor-element-88f4109\" data-id=\"88f4109\" data-element_type=\"column\">\n\t\t\t<div class=\"elementor-widget-wrap elementor-element-populated\">\n\t\t\t\t\t\t\t\t<div class=\"elementor-element elementor-element-6dc822a elementor-widget elementor-widget-image\" data-id=\"6dc822a\" data-element_type=\"widget\" data-widget_type=\"image.default\">\n\t\t\t\t<div class=\"elementor-widget-container\">\n\t\t\t\t\t\t\t\t\t\t\t\t\t\t\t<img loading=\"lazy\" decoding=\"async\" width=\"396\" height=\"220\" src=\"https:\/\/tpshk.com\/wp-content\/uploads\/2022\/08\/pic-13.png\" class=\"attachment-full size-full wp-image-2054\" alt=\"\" srcset=\"https:\/\/tpshk.com\/wp-content\/uploads\/2022\/08\/pic-13.png 396w, https:\/\/tpshk.com\/wp-content\/uploads\/2022\/08\/pic-13-300x167.png 300w\" sizes=\"auto, (max-width: 396px) 100vw, 396px\" \/>\t\t\t\t\t\t\t\t\t\t\t\t\t\t\t<\/div>\n\t\t\t\t<\/div>\n\t\t\t\t\t<\/div>\n\t\t<\/div>\n\t\t\t\t<div class=\"elementor-column elementor-col-50 elementor-inner-column elementor-element elementor-element-7a2e018\" data-id=\"7a2e018\" data-element_type=\"column\">\n\t\t\t<div class=\"elementor-widget-wrap elementor-element-populated\">\n\t\t\t\t\t\t\t\t<div class=\"elementor-element elementor-element-83b3e96 elementor-widget elementor-widget-text-editor\" data-id=\"83b3e96\" data-element_type=\"widget\" data-widget_type=\"text-editor.default\">\n\t\t\t\t<div class=\"elementor-widget-container\">\n\t\t\t\t\t\t\t<p>sans aucun doute, \u00e0 la fois le diesel et le gaz, son volume nominal peut r\u00e9pondre \u00e0 la plupart des besoins, sans parler de notre approvisionnement rapide et efficace. Bien entendu, cela permettra toujours \u00e0 nos partenaires de travail d'avoir acc\u00e8s \u00e0 un approvisionnement \u00e9nerg\u00e9tique fiable gr\u00e2ce \u00e0 notre service 24\/7.<\/p>\t\t\t\t\t\t<\/div>\n\t\t\t\t<\/div>\n\t\t\t\t\t<\/div>\n\t\t<\/div>\n\t\t\t\t\t\t\t<\/div>\n\t\t<\/section>\n\t\t\t\t\t<\/div>\n\t\t<\/div>\n\t\t\t\t\t\t\t<\/div>\n\t\t<\/section>\n\t\t\t\t<section class=\"elementor-section elementor-top-section elementor-element elementor-element-7401212 elementor-section-boxed elementor-section-height-default elementor-section-height-default\" data-id=\"7401212\" data-element_type=\"section\">\n\t\t\t\t\t\t<div class=\"elementor-container elementor-column-gap-default\">\n\t\t\t\t\t<div class=\"elementor-column elementor-col-100 elementor-top-column elementor-element elementor-element-0403e3b\" data-id=\"0403e3b\" data-element_type=\"column\">\n\t\t\t<div class=\"elementor-widget-wrap elementor-element-populated\">\n\t\t\t\t\t\t\t\t<section class=\"elementor-section elementor-inner-section elementor-element elementor-element-26b48e0 elementor-section-boxed elementor-section-height-default elementor-section-height-default\" data-id=\"26b48e0\" data-element_type=\"section\">\n\t\t\t\t\t\t<div class=\"elementor-container elementor-column-gap-default\">\n\t\t\t\t\t<div class=\"elementor-column elementor-col-50 elementor-inner-column elementor-element elementor-element-ccdf739\" data-id=\"ccdf739\" data-element_type=\"column\">\n\t\t\t<div class=\"elementor-widget-wrap elementor-element-populated\">\n\t\t\t\t\t\t\t\t<div class=\"elementor-element elementor-element-b4bc928 elementor-widget elementor-widget-heading\" data-id=\"b4bc928\" data-element_type=\"widget\" data-widget_type=\"heading.default\">\n\t\t\t\t<div class=\"elementor-widget-container\">\n\t\t\t<h2 class=\"elementor-heading-title elementor-size-default\">culture\n<\/h2>\t\t<\/div>\n\t\t\t\t<\/div>\n\t\t\t\t<div class=\"elementor-element elementor-element-15d07f5 elementor-widget elementor-widget-heading\" data-id=\"15d07f5\" data-element_type=\"widget\" data-widget_type=\"heading.default\">\n\t\t\t\t<div class=\"elementor-widget-container\">\n\t\t\t<h2 class=\"elementor-heading-title elementor-size-default\">\nentreprises<\/h2>\t\t<\/div>\n\t\t\t\t<\/div>\n\t\t\t\t<div class=\"elementor-element elementor-element-da936c3 elementor-widget elementor-widget-heading\" data-id=\"da936c3\" data-element_type=\"widget\" data-widget_type=\"heading.default\">\n\t\t\t\t<div class=\"elementor-widget-container\">\n\t\t\t<h2 class=\"elementor-heading-title elementor-size-default\">Mission<\/h2>\t\t<\/div>\n\t\t\t\t<\/div>\n\t\t\t\t<div class=\"elementor-element elementor-element-4d3a4c7 elementor-widget elementor-widget-text-editor\" data-id=\"4d3a4c7\" data-element_type=\"widget\" data-widget_type=\"text-editor.default\">\n\t\t\t\t<div class=\"elementor-widget-container\">\n\t\t\t\t\t\t\t<p>Pr\u00eater attention aux clients et aux besoins du march\u00e9, r\u00e9soudre les probl\u00e8mes et les pressions, fournir des biens et des services comp\u00e9titifs et cr\u00e9er une valeur \u00e9conomique et sociale maximale.<\/p>\t\t\t\t\t\t<\/div>\n\t\t\t\t<\/div>\n\t\t\t\t<div class=\"elementor-element elementor-element-b06110d elementor-widget elementor-widget-heading\" data-id=\"b06110d\" data-element_type=\"widget\" data-widget_type=\"heading.default\">\n\t\t\t\t<div class=\"elementor-widget-container\">\n\t\t\t<h2 class=\"elementor-heading-title elementor-size-default\">valeur<\/h2>\t\t<\/div>\n\t\t\t\t<\/div>\n\t\t\t\t<div class=\"elementor-element elementor-element-0e688a8 elementor-widget elementor-widget-text-editor\" data-id=\"0e688a8\" data-element_type=\"widget\" data-widget_type=\"text-editor.default\">\n\t\t\t\t<div class=\"elementor-widget-container\">\n\t\t\t\t\t\t\t<p>honn\u00eatet\u00e9, libert\u00e9, symbiose, responsabilit\u00e9, \u00e9loge<\/p>\t\t\t\t\t\t<\/div>\n\t\t\t\t<\/div>\n\t\t\t\t<div class=\"elementor-element elementor-element-952a2cf elementor-widget elementor-widget-heading\" data-id=\"952a2cf\" data-element_type=\"widget\" data-widget_type=\"heading.default\">\n\t\t\t\t<div class=\"elementor-widget-container\">\n\t\t\t<h2 class=\"elementor-heading-title elementor-size-default\">vision<\/h2>\t\t<\/div>\n\t\t\t\t<\/div>\n\t\t\t\t<div class=\"elementor-element elementor-element-cdc8e3e elementor-widget elementor-widget-text-editor\" data-id=\"cdc8e3e\" data-element_type=\"widget\" data-widget_type=\"text-editor.default\">\n\t\t\t\t<div class=\"elementor-widget-container\">\n\t\t\t\t\t\t\t<p>former des \u00e9quipes professionnelles capables de fournir une solution de construction \u00e9nerg\u00e9tique de premier ordre et fiable afin que les produits de l'\u00e9nergie mar\u00e9motrice puissent se r\u00e9pandre dans le monde entier.<\/p>\t\t\t\t\t\t<\/div>\n\t\t\t\t<\/div>\n\t\t\t\t<div class=\"elementor-element elementor-element-3287a44 elementor-widget elementor-widget-heading\" data-id=\"3287a44\" data-element_type=\"widget\" data-widget_type=\"heading.default\">\n\t\t\t\t<div class=\"elementor-widget-container\">\n\t\t\t<h2 class=\"elementor-heading-title elementor-size-default\">concept de marque<\/h2>\t\t<\/div>\n\t\t\t\t<\/div>\n\t\t\t\t<div class=\"elementor-element elementor-element-324af54 elementor-widget elementor-widget-text-editor\" data-id=\"324af54\" data-element_type=\"widget\" data-widget_type=\"text-editor.default\">\n\t\t\t\t<div class=\"elementor-widget-container\">\n\t\t\t\t\t\t\t<p>Promouvoir davantage l'approvisionnement \u00e9nerg\u00e9tique mondial<\/p>\t\t\t\t\t\t<\/div>\n\t\t\t\t<\/div>\n\t\t\t\t\t<\/div>\n\t\t<\/div>\n\t\t\t\t<div class=\"elementor-column elementor-col-50 elementor-inner-column elementor-element elementor-element-cd5c024\" data-id=\"cd5c024\" data-element_type=\"column\">\n\t\t\t<div class=\"elementor-widget-wrap elementor-element-populated\">\n\t\t\t\t\t\t\t\t<div class=\"elementor-element elementor-element-a66d806 elementor-widget elementor-widget-image\" data-id=\"a66d806\" data-element_type=\"widget\" data-widget_type=\"image.default\">\n\t\t\t\t<div class=\"elementor-widget-container\">\n\t\t\t\t\t\t\t\t\t\t\t\t\t\t\t<img loading=\"lazy\" decoding=\"async\" width=\"1024\" height=\"680\" src=\"https:\/\/tpshk.com\/wp-content\/uploads\/2022\/08\/pic-26-1024x680.png\" class=\"attachment-large size-large wp-image-2084\" alt=\"\" srcset=\"https:\/\/tpshk.com\/wp-content\/uploads\/2022\/08\/pic-26-1024x680.png 1024w, https:\/\/tpshk.com\/wp-content\/uploads\/2022\/08\/pic-26-600x399.png 600w, https:\/\/tpshk.com\/wp-content\/uploads\/2022\/08\/pic-26-300x199.png 300w, https:\/\/tpshk.com\/wp-content\/uploads\/2022\/08\/pic-26-768x510.png 768w, https:\/\/tpshk.com\/wp-content\/uploads\/2022\/08\/pic-26.png 1216w\" sizes=\"auto, (max-width: 1024px) 100vw, 1024px\" \/>\t\t\t\t\t\t\t\t\t\t\t\t\t\t\t<\/div>\n\t\t\t\t<\/div>\n\t\t\t\t\t<\/div>\n\t\t<\/div>\n\t\t\t\t\t\t\t<\/div>\n\t\t<\/section>\n\t\t\t\t\t<\/div>\n\t\t<\/div>\n\t\t\t\t\t\t\t<\/div>\n\t\t<\/section>\n\t\t\t\t\t\t\t<\/div>","protected":false},"excerpt":{"rendered":"<p>\u0432\u043d\u0435 \u0432\u0441\u044f\u043a\u043e\u0433\u043e \u0441\u043e\u043c\u043d\u0435\u043d\u0438\u044f, \u043a\u0430\u043a \u0434\u0438\u0437\u0435\u043b\u044c\u043d\u0430\u044f, \u0442\u0430\u043a \u0438 \u0433\u0430\u0437\u043e\u0432\u0430\u044f \u044d\u043d\u0435\u0440\u0433\u0438\u044f, \u0435\u0435 \u043d\u043e\u043c\u0438\u043d\u0430\u043b\u044c\u043d\u044b\u0439 \u043e\u0431\u044a\u0435\u043c \u043c\u043e\u0436\u0435\u0442 \u0443\u0434\u043e\u0432\u043b\u0435\u0442\u0432\u043e\u0440\u0438\u0442\u044c \u0431\u043e\u043b\u044c\u0448\u0438\u043d\u0441\u0442\u0432\u043e \u043f\u043e\u0442\u0440\u0435\u0431\u043d\u043e\u0441\u0442\u0435\u0439, \u043d\u0435 \u0433\u043e\u0432\u043e\u0440\u044f \u0443\u0436\u0435 \u043e \u043d\u0430\u0448\u0435\u0439 \u0431\u044b\u0441\u0442\u0440\u043e\u0439 \u0438 \u044d\u0444\u0444\u0435\u043a\u0442\u0438\u0432\u043d\u043e\u0439 \u043f\u043e\u0441\u0442\u0430\u0432\u043a\u0435. \u0420\u0430\u0437\u0443\u043c\u0435\u0435\u0442\u0441\u044f, \u044d\u0442\u043e \u0432\u0441\u0435\u0433\u0434\u0430 \u0431\u0443\u0434\u0435\u0442 \u043e\u0431\u0435\u0441\u043f\u0435\u0447\u0438\u0432\u0430\u0442\u044c \u043d\u0430\u0448\u0438\u043c \u0440\u0430\u0431\u043e\u0447\u0438\u043c \u043f\u0430\u0440\u0442\u043d\u0435\u0440\u0430\u043c \u0434\u043e\u0441\u0442\u0443\u043f \u043a \u043d\u0430\u0434\u0435\u0436\u043d\u043e\u043c\u0443 \u044d\u043d\u0435\u0440\u0433\u043e\u0441\u043d\u0430\u0431\u0436\u0435\u043d\u0438\u044e \u0447\u0435\u0440\u0435\u0437 \u043d\u0430\u0448\u0438 \u043a\u0440\u0443\u0433\u043b\u043e\u0441\u0443\u0442\u043e\u0447\u043d\u044b\u0435 \u0441\u043b\u0443\u0436\u0431\u044b. \u043a\u0443\u043b\u044c\u0442\u0443\u0440\u0430 \u043f\u0440\u0435\u0434\u043f\u0440\u0438\u044f\u0442\u0438\u044f \u041c\u0438\u0441\u0441\u0438\u044f \u0443\u0434\u0435\u043b\u0435\u043d\u0438\u0435 \u0432\u043d\u0438\u043c\u0430\u043d\u0438\u044f \u043a\u043b\u0438\u0435\u043d\u0442\u0430\u043c \u0438 \u0440\u044b\u043d\u043e\u0447\u043d\u044b\u043c \u043f\u043e\u0442\u0440\u0435\u0431\u043d\u043e\u0441\u0442\u044f\u043c, \u0440\u0435\u0448\u0435\u043d\u0438\u0435 \u043f\u0440\u043e\u0431\u043b\u0435\u043c \u0438 \u0434\u0430\u0432\u043b\u0435\u043d\u0438\u0435, \u043f\u0440\u0435\u0434\u043e\u0441\u0442\u0430\u0432\u043b\u0435\u043d\u0438\u0435 [&hellip;]<\/p>","protected":false},"author":1,"featured_media":0,"parent":0,"menu_order":0,"comment_status":"closed","ping_status":"closed","template":"elementor_header_footer","meta":{"footnotes":""},"class_list":["post-342","page","type-page","status-publish","hentry"],"blocksy_meta":{"styles_descriptor":{"styles":{"desktop":"","tablet":"","mobile":""},"google_fonts":[],"version":6}},"acf":[],"_links":{"self":[{"href":"https:\/\/tpshk.com\/fr\/wp-json\/wp\/v2\/pages\/342","targetHints":{"allow":["GET"]}}],"collection":[{"href":"https:\/\/tpshk.com\/fr\/wp-json\/wp\/v2\/pages"}],"about":[{"href":"https:\/\/tpshk.com\/fr\/wp-json\/wp\/v2\/types\/page"}],"author":[{"embeddable":true,"href":"https:\/\/tpshk.com\/fr\/wp-json\/wp\/v2\/users\/1"}],"replies":[{"embeddable":true,"href":"https:\/\/tpshk.com\/fr\/wp-json\/wp\/v2\/comments?post=342"}],"version-history":[{"count":0,"href":"https:\/\/tpshk.com\/fr\/wp-json\/wp\/v2\/pages\/342\/revisions"}],"wp:attachment":[{"href":"https:\/\/tpshk.com\/fr\/wp-json\/wp\/v2\/media?parent=342"}],"curies":[{"name":"wp","href":"https:\/\/api.w.org\/{rel}","templated":true}]}}