{"id":2362,"date":"2022-09-08T18:04:59","date_gmt":"2022-09-08T10:04:59","guid":{"rendered":"https:\/\/tpshk.com\/?page_id=2362"},"modified":"2022-11-08T23:45:16","modified_gmt":"2022-11-08T15:45:16","slug":"%d1%80%d0%b5%d1%88%d0%b5%d0%bd%d0%b8%d1%8f-%d0%b8-%d0%ba%d0%b5%d0%b9%d1%81%d1%8b","status":"publish","type":"page","link":"https:\/\/tpshk.com\/fr\/%d1%80%d0%b5%d1%88%d0%b5%d0%bd%d0%b8%d1%8f-%d0%b8-%d0%ba%d0%b5%d0%b9%d1%81%d1%8b","title":{"rendered":"SOLUTIONS ET CAS"},"content":{"rendered":"<div data-elementor-type=\"wp-page\" data-elementor-id=\"2362\" class=\"elementor elementor-2362\">\n\t\t\t\t\t\t\t\t\t<section class=\"elementor-section elementor-top-section elementor-element elementor-element-47593a96 elementor-section-full_width elementor-section-height-default elementor-section-height-default\" data-id=\"47593a96\" data-element_type=\"section\">\n\t\t\t\t\t\t\t<div class=\"elementor-background-overlay\"><\/div>\n\t\t\t\t\t\t\t<div class=\"elementor-container elementor-column-gap-default\">\n\t\t\t\t\t<div class=\"elementor-column elementor-col-100 elementor-top-column elementor-element elementor-element-6d290d6b\" data-id=\"6d290d6b\" data-element_type=\"column\">\n\t\t\t<div class=\"elementor-widget-wrap elementor-element-populated\">\n\t\t\t\t\t\t\t\t<div class=\"elementor-element elementor-element-18587678 elementor-widget elementor-widget-heading\" data-id=\"18587678\" data-element_type=\"widget\" data-widget_type=\"heading.default\">\n\t\t\t\t<div class=\"elementor-widget-container\">\n\t\t\t<style>\/*! elementor - v3.10.0 - 09-01-2023 *\/\n.elementor-heading-title{padding:0;margin:0;line-height:1}.elementor-widget-heading .elementor-heading-title[class*=elementor-size-]>a{color:inherit;font-size:inherit;line-height:inherit}.elementor-widget-heading .elementor-heading-title.elementor-size-small{font-size:15px}.elementor-widget-heading .elementor-heading-title.elementor-size-medium{font-size:19px}.elementor-widget-heading .elementor-heading-title.elementor-size-large{font-size:29px}.elementor-widget-heading .elementor-heading-title.elementor-size-xl{font-size:39px}.elementor-widget-heading .elementor-heading-title.elementor-size-xxl{font-size:59px}<\/style><h2 class=\"elementor-heading-title elementor-size-default\">SOLUTIONS ET CAS<\/h2>\t\t<\/div>\n\t\t\t\t<\/div>\n\t\t\t\t\t<\/div>\n\t\t<\/div>\n\t\t\t\t\t\t\t<\/div>\n\t\t<\/section>\n\t\t\t\t<section class=\"elementor-section elementor-top-section elementor-element elementor-element-2ea5ed5b elementor-section-boxed elementor-section-height-default elementor-section-height-default\" data-id=\"2ea5ed5b\" data-element_type=\"section\" data-settings=\"{&quot;background_background&quot;:&quot;classic&quot;}\">\n\t\t\t\t\t\t<div class=\"elementor-container elementor-column-gap-default\">\n\t\t\t\t\t<div class=\"elementor-column elementor-col-50 elementor-top-column elementor-element elementor-element-644b473b\" data-id=\"644b473b\" data-element_type=\"column\">\n\t\t\t<div class=\"elementor-widget-wrap elementor-element-populated\">\n\t\t\t\t\t\t\t\t<section class=\"elementor-section elementor-inner-section elementor-element elementor-element-1ce8cef4 elementor-section-boxed elementor-section-height-default elementor-section-height-default\" data-id=\"1ce8cef4\" data-element_type=\"section\">\n\t\t\t\t\t\t<div class=\"elementor-container elementor-column-gap-default\">\n\t\t\t\t\t<div class=\"elementor-column elementor-col-100 elementor-inner-column elementor-element elementor-element-44a954b1\" data-id=\"44a954b1\" data-element_type=\"column\">\n\t\t\t<div class=\"elementor-widget-wrap elementor-element-populated\">\n\t\t\t\t\t\t\t\t<div class=\"elementor-element elementor-element-461fb77a elementor-widget elementor-widget-heading\" data-id=\"461fb77a\" data-element_type=\"widget\" data-widget_type=\"heading.default\">\n\t\t\t\t<div class=\"elementor-widget-container\">\n\t\t\t<h2 class=\"elementor-heading-title elementor-size-default\">SOLUTIONS ET CAS\n<\/h2>\t\t<\/div>\n\t\t\t\t<\/div>\n\t\t\t\t<div class=\"elementor-element elementor-element-4cd6de13 elementor-nav-menu__text-align-center elementor-widget elementor-widget-nav-menu\" data-id=\"4cd6de13\" data-element_type=\"widget\" data-settings=\"{&quot;layout&quot;:&quot;dropdown&quot;,&quot;submenu_icon&quot;:{&quot;value&quot;:&quot;&lt;i class=\\&quot;fas fa-caret-down\\&quot;&gt;&lt;\\\/i&gt;&quot;,&quot;library&quot;:&quot;fa-solid&quot;}}\" data-widget_type=\"nav-menu.default\">\n\t\t\t\t<div class=\"elementor-widget-container\">\n\t\t\t<link rel=\"stylesheet\" href=\"https:\/\/tpshk.com\/wp-content\/plugins\/elementor-pro\/assets\/css\/widget-nav-menu.min.css\">\t\t\t<nav class=\"elementor-nav-menu--dropdown elementor-nav-menu__container\" aria-hidden=\"true\">\n\t\t\t\t<ul id=\"menu-2-4cd6de13\" class=\"elementor-nav-menu\"><li class=\"menu-item menu-item-type-taxonomy menu-item-object-category menu-item-1060\"><a href=\"https:\/\/tpshk.com\/fr\/category\/%e6%9f%b4%e6%b2%b9%e5%8f%91%e7%94%b5%e6%9c%ba\" class=\"elementor-item\" tabindex=\"-1\">SOLUTION POUR LES G\u00c9N\u00c9RATEURS DIESEL<\/a><\/li>\n<li class=\"menu-item menu-item-type-taxonomy menu-item-object-category menu-item-1062\"><a href=\"https:\/\/tpshk.com\/fr\/category\/%e6%8c%96%e6%8e%98%e6%9c%ba-%e7%b4%a7%e5%87%91%e5%9e%8b\" class=\"elementor-item\" tabindex=\"-1\">SOLUTION POUR LES MACHINES DE CONSTRUCTION<\/a><\/li>\n<\/ul>\t\t\t<\/nav>\n\t\t\t\t<\/div>\n\t\t\t\t<\/div>\n\t\t\t\t\t<\/div>\n\t\t<\/div>\n\t\t\t\t\t\t\t<\/div>\n\t\t<\/section>\n\t\t\t\t\t<\/div>\n\t\t<\/div>\n\t\t\t\t<div class=\"elementor-column elementor-col-50 elementor-top-column elementor-element elementor-element-7d827741\" data-id=\"7d827741\" data-element_type=\"column\" data-settings=\"{&quot;background_background&quot;:&quot;classic&quot;}\">\n\t\t\t<div class=\"elementor-widget-wrap elementor-element-populated\">\n\t\t\t\t\t\t\t\t<section class=\"elementor-section elementor-inner-section elementor-element elementor-element-239d95b elementor-section-boxed elementor-section-height-default elementor-section-height-default\" data-id=\"239d95b\" data-element_type=\"section\">\n\t\t\t\t\t\t<div class=\"elementor-container elementor-column-gap-no\">\n\t\t\t\t\t<div class=\"elementor-column elementor-col-100 elementor-inner-column elementor-element elementor-element-54de9e0\" data-id=\"54de9e0\" data-element_type=\"column\">\n\t\t\t<div class=\"elementor-widget-wrap elementor-element-populated\">\n\t\t\t\t\t\t\t\t<div class=\"elementor-element elementor-element-2285c1e elementor-widget elementor-widget-image\" data-id=\"2285c1e\" data-element_type=\"widget\" data-widget_type=\"image.default\">\n\t\t\t\t<div class=\"elementor-widget-container\">\n\t\t\t<style>\/*! elementor - v3.10.0 - 09-01-2023 *\/\n.elementor-widget-image{text-align:center}.elementor-widget-image a{display:inline-block}.elementor-widget-image a img[src$=\".svg\"]{width:48px}.elementor-widget-image img{vertical-align:middle;display:inline-block}<\/style>\t\t\t\t\t\t\t\t\t\t\t\t<img loading=\"lazy\" decoding=\"async\" width=\"969\" height=\"542\" src=\"https:\/\/tpshk.com\/wp-content\/uploads\/2022\/09\/1662633555-pic-89.png\" class=\"attachment-large size-large wp-image-2367\" alt=\"\" srcset=\"https:\/\/tpshk.com\/wp-content\/uploads\/2022\/09\/1662633555-pic-89.png 969w, https:\/\/tpshk.com\/wp-content\/uploads\/2022\/09\/1662633555-pic-89-600x336.png 600w, https:\/\/tpshk.com\/wp-content\/uploads\/2022\/09\/1662633555-pic-89-300x168.png 300w, https:\/\/tpshk.com\/wp-content\/uploads\/2022\/09\/1662633555-pic-89-768x430.png 768w, https:\/\/tpshk.com\/wp-content\/uploads\/2022\/09\/1662633555-pic-89-18x10.png 18w\" sizes=\"auto, (max-width: 969px) 100vw, 969px\" \/>\t\t\t\t\t\t\t\t\t\t\t\t\t\t\t<\/div>\n\t\t\t\t<\/div>\n\t\t\t\t<div class=\"elementor-element elementor-element-3cf9316 elementor-widget elementor-widget-heading\" data-id=\"3cf9316\" data-element_type=\"widget\" data-widget_type=\"heading.default\">\n\t\t\t\t<div class=\"elementor-widget-container\">\n\t\t\t<h2 class=\"elementor-heading-title elementor-size-default\">champ p\u00e9trolier<\/h2>\t\t<\/div>\n\t\t\t\t<\/div>\n\t\t\t\t<div class=\"elementor-element elementor-element-1da6361 elementor-widget elementor-widget-text-editor\" data-id=\"1da6361\" data-element_type=\"widget\" data-widget_type=\"text-editor.default\">\n\t\t\t\t<div class=\"elementor-widget-container\">\n\t\t\t<style>\/*! elementor - v3.10.0 - 09-01-2023 *\/\n.elementor-widget-text-editor.elementor-drop-cap-view-stacked .elementor-drop-cap{background-color:#818a91;color:#fff}.elementor-widget-text-editor.elementor-drop-cap-view-framed .elementor-drop-cap{color:#818a91;border:3px solid;background-color:transparent}.elementor-widget-text-editor:not(.elementor-drop-cap-view-default) .elementor-drop-cap{margin-top:8px}.elementor-widget-text-editor:not(.elementor-drop-cap-view-default) .elementor-drop-cap-letter{width:1em;height:1em}.elementor-widget-text-editor .elementor-drop-cap{float:left;text-align:center;line-height:1;font-size:50px}.elementor-widget-text-editor .elementor-drop-cap-letter{display:inline-block}<\/style>\t\t\t\t<p>les champs p\u00e9trolif\u00e8res ont une forte demande en \u00e9lectricit\u00e9. l'alimentation du champ ne peut pas \u00eatre interrompue et doit \u00eatre fournie par ultrasons. les g\u00e9n\u00e9rateurs doivent avoir une bonne capacit\u00e9 et des AMF et ATS pour r\u00e9pondre \u00e0 la demande.<\/p>\t\t\t\t\t\t<\/div>\n\t\t\t\t<\/div>\n\t\t\t\t<div class=\"elementor-element elementor-element-f5b8698 elementor-widget elementor-widget-text-editor\" data-id=\"f5b8698\" data-element_type=\"widget\" data-widget_type=\"text-editor.default\">\n\t\t\t\t<div class=\"elementor-widget-container\">\n\t\t\t\t\t\t\t<p>\u0441\u0442\u0430\u043d\u0434\u0430\u0440\u0442\u043d\u044b\u0439 \u043f\u0440\u043e\u0434\u0443\u043a\u0442 \u043f\u0440\u0438\u043b\u0438\u0432\u043d\u043e\u0433\u043e \u0434\u0438\u0437\u0435\u043b\u044c\u043d\u043e\u0433\u043e \u0433\u0435\u043d\u0435\u0440\u0430\u0442\u043e\u0440\u0430 \u043c\u043e\u0436\u0435\u0442 \u043d\u0430\u0434\u0435\u0436\u043d\u043e \u0440\u0430\u0431\u043e\u0442\u0430\u0442\u044c \u043f\u0440\u0438 \u0442\u0435\u043c\u043f\u0435\u0440\u0430\u0442\u0443\u0440\u0435 \u043e\u0442 &#8211; 10\u00b0C \u0434\u043e 55\u00b0C, \u0431\u0435\u0437 \u043e\u0441\u043b\u0430\u0431\u043b\u0435\u043d\u0438\u044f \u043c\u043e\u0449\u043d\u043e\u0441\u0442\u0438 \u043d\u0438\u0436\u0435 1000m \u043d\u0430\u0434 \u0443\u0440\u043e\u0432\u043d\u0435\u043c \u043c\u043e\u0440\u044f. \u0414\u043e\u043f\u043e\u043b\u043d\u0438\u0442\u0435\u043b\u044c\u043d\u044b\u0435 \u043f\u043e\u0434\u043e\u0433\u0440\u0435\u0432\u0430\u0442\u0435\u043b\u0438 \u043e\u0445\u043b\u0430\u0436\u0434\u0430\u044e\u0449\u0435\u0439 \u0436\u0438\u0434\u043a\u043e\u0441\u0442\u0438, \u043c\u0430\u0441\u043b\u044f\u043d\u044b\u0435 \u043d\u0430\u0433\u0440\u0435\u0432\u0430\u0442\u0435\u043b\u0438 \u0438 \u0434\u0440\u0443\u0433\u0438\u0435 \u0434\u0435\u0442\u0430\u043b\u0438 \u043c\u043e\u0433\u0443\u0442 \u0431\u044b\u0442\u044c \u0437\u0430\u043f\u0443\u0449\u0435\u043d\u044b \u043f\u0440\u0438 \u0442\u0435\u043c\u043f\u0435\u0440\u0430\u0442\u0443\u0440\u0435 &#8211; 30\u00b0C.<\/p>\t\t\t\t\t\t<\/div>\n\t\t\t\t<\/div>\n\t\t\t\t<div class=\"elementor-element elementor-element-7a6b4c9 elementor-widget elementor-widget-heading\" data-id=\"7a6b4c9\" data-element_type=\"widget\" data-widget_type=\"heading.default\">\n\t\t\t\t<div class=\"elementor-widget-container\">\n\t\t\t<h2 class=\"elementor-heading-title elementor-size-default\">robuste<\/h2>\t\t<\/div>\n\t\t\t\t<\/div>\n\t\t\t\t<div class=\"elementor-element elementor-element-8461e6b elementor-widget elementor-widget-text-editor\" data-id=\"8461e6b\" data-element_type=\"widget\" data-widget_type=\"text-editor.default\">\n\t\t\t\t<div class=\"elementor-widget-container\">\n\t\t\t\t\t\t\t<p>\u043e\u0431\u0449\u0430\u044f \u0436\u0435\u043b\u0435\u0437\u043d\u043e\u0434\u043e\u0440\u043e\u0436\u043d\u0430\u044f \u0441\u0442\u0430\u043d\u0446\u0438\u044f \u0441\u043e\u0441\u0442\u043e\u0438\u0442 \u0438\u0437 \u0434\u0432\u0443\u0445 \u0438\u0441\u0442\u043e\u0447\u043d\u0438\u043a\u043e\u0432: \u0433\u043e\u0440\u043e\u0434\u0441\u043a\u043e\u0439, \u0430 \u0437\u0430\u0442\u0435\u043c \u0434\u0438\u0437\u0435\u043b\u044c &#8211; \u0433\u0435\u043d\u0435\u0440\u0430\u0442\u043e\u0440\u043e\u0432 \u0434\u043b\u044f \u0440\u0435\u0430\u0433\u0438\u0440\u043e\u0432\u0430\u043d\u0438\u044f \u043d\u0430 \u0432\u043d\u0435\u0437\u0430\u043f\u043d\u044b\u0435 \u043e\u0442\u043a\u043b\u044e\u0447\u0435\u043d\u0438\u044f \u044d\u043b\u0435\u043a\u0442\u0440\u043e\u044d\u043d\u0435\u0440\u0433\u0438\u0438. \u0433\u0435\u043d\u0435\u0440\u0430\u0442\u043e\u0440\u043d\u044b\u0435 \u0430\u0433\u0440\u0435\u0433\u0430\u0442\u044b \u0434\u043e\u043b\u0436\u043d\u044b \u0438\u043c\u0435\u0442\u044c \u0432 \u0441\u0432\u043e\u0435\u043c \u0440\u0430\u0441\u043f\u043e\u0440\u044f\u0436\u0435\u043d\u0438\u0438 AMF, \u043e\u0441\u043d\u0430\u0449\u0435\u043d\u043d\u044b\u0435 ATS, \u0434\u043b\u044f \u043e\u0431\u0435\u0441\u043f\u0435\u0447\u0435\u043d\u0438\u044f \u0442\u043e\u0433\u043e, \u0447\u0442\u043e\u0431\u044b \u043f\u0440\u0438 \u043e\u0442\u043a\u043b\u044e\u0447\u0435\u043d\u0438\u0438 \u043f\u043e\u0435\u0437\u0434\u0430 \u043e\u0442 \u043e\u0441\u043d\u043e\u0432\u043d\u043e\u0433\u043e \u0438\u0441\u0442\u043e\u0447\u043d\u0438\u043a\u0430 \u043f\u0438\u0442\u0430\u043d\u0438\u044f \u043d\u0430 \u0441\u0442\u0430\u043d\u0446\u0438\u0438 \u0441\u0438\u0441\u0442\u0435\u043c\u0430 \u044d\u043b\u0435\u043a\u0442\u0440\u043e\u043f\u0438\u0442\u0430\u043d\u0438\u044f \u0431\u044b\u043b\u0430 \u0437\u0430\u043c\u0435\u043d\u0435\u043d\u0430 \u0442\u0430\u043a\u0438\u043c \u043e\u0431\u0440\u0430\u0437\u043e\u043c, \u0447\u0442\u043e\u0431\u044b \u043e\u043d\u0430 \u043c\u043e\u0433\u043b\u0430 \u043e\u0431\u0435\u0441\u043f\u0435\u0447\u0438\u0432\u0430\u0442\u044c \u0431\u0435\u0441\u043f\u0435\u0440\u0435\u0431\u043e\u0439\u043d\u043e\u0435 \u044d\u043d\u0435\u0440\u0433\u043e\u0441\u043d\u0430\u0431\u0436\u0435\u043d\u0438\u0435, \u043d\u0438\u0437\u043a\u0438\u0439 \u0448\u0443\u043c \u0438 \u0441\u0442\u0430\u0431\u0438\u043b\u044c\u043d\u043e\u0441\u0442\u044c \u0434\u043b\u044f \u0443\u0434\u043e\u0432\u043b\u0435\u0442\u0432\u043e\u0440\u0435\u043d\u0438\u044f \u043e\u0441\u043e\u0431\u044b\u0445 \u043f\u043e\u0442\u0440\u0435\u0431\u043d\u043e\u0441\u0442\u0435\u0439 \u0441\u0442\u0430\u043d\u0446\u0438\u0438.<\/p>\t\t\t\t\t\t<\/div>\n\t\t\t\t<\/div>\n\t\t\t\t\t<\/div>\n\t\t<\/div>\n\t\t\t\t\t\t\t<\/div>\n\t\t<\/section>\n\t\t\t\t\t<\/div>\n\t\t<\/div>\n\t\t\t\t\t\t\t<\/div>\n\t\t<\/section>\n\t\t\t\t\t\t\t<\/div>","protected":false},"excerpt":{"rendered":"<p>\u0420\u0415\u0428\u0415\u041d\u0418\u042f \u0418 \u041a\u0415\u0419\u0421\u042b \u0420\u0415\u0428\u0415\u041d\u0418\u042f \u0418 \u041a\u0415\u0419\u0421\u042b \u043d\u0435\u0444\u0442\u044f\u043d\u043e\u0435 \u043c\u0435\u0441\u0442\u043e\u0440\u043e\u0436\u0434\u0435\u043d\u0438\u0435 \u043d\u0435\u0444\u0442\u044f\u043d\u044b\u0435 \u043c\u0435\u0441\u0442\u043e\u0440\u043e\u0436\u0434\u0435\u043d\u0438\u044f \u0438\u0441\u043f\u044b\u0442\u044b\u0432\u0430\u044e\u0442 \u0431\u043e\u043b\u044c\u0448\u043e\u0439 \u0441\u043f\u0440\u043e\u0441 \u043d\u0430 \u044d\u043b\u0435\u043a\u0442\u0440\u043e\u044d\u043d\u0435\u0440\u0433\u0438\u044e. \u044d\u043b\u0435\u043a\u0442\u0440\u043e\u044d\u043d\u0435\u0440\u0433\u0438\u044e \u043c\u0435\u0441\u0442\u043e\u0440\u043e\u0436\u0434\u0435\u043d\u0438\u044f \u043d\u0435\u043b\u044c\u0437\u044f \u043f\u0440\u0435\u0440\u044b\u0432\u0430\u0442\u044c, \u043e\u043d\u0430 \u0434\u043e\u043b\u0436\u043d\u0430 \u043f\u0440\u0435\u0434\u043e\u0441\u0442\u0430\u0432\u043b\u044f\u0442\u044c\u0441\u044f \u0443\u043b\u044c\u0442\u0440\u0430\u0437\u0432\u0443\u043a\u043e\u0432\u044b\u043c \u0441\u043f\u043e\u0441\u043e\u0431\u043e\u043c. \u0434\u043b\u044f \u0443\u0434\u043e\u0432\u043b\u0435\u0442\u0432\u043e\u0440\u0435\u043d\u0438\u044f \u043f\u043e\u0442\u0440\u0435\u0431\u043d\u043e\u0441\u0442\u0435\u0439 \u0433\u0435\u043d\u0435\u0440\u0430\u0442\u043e\u0440\u044b \u0434\u043e\u043b\u0436\u043d\u044b \u0438\u043c\u0435\u0442\u044c \u0445\u043e\u0440\u043e\u0448\u0443\u044e \u043f\u0440\u043e\u0438\u0437\u0432\u043e\u0434\u0438\u0442\u0435\u043b\u044c\u043d\u043e\u0441\u0442\u044c, \u0430 \u0442\u0430\u043a\u0436\u0435 AMF \u0438 ATS. \u0441\u0442\u0430\u043d\u0434\u0430\u0440\u0442\u043d\u044b\u0439 \u043f\u0440\u043e\u0434\u0443\u043a\u0442 \u043f\u0440\u0438\u043b\u0438\u0432\u043d\u043e\u0433\u043e \u0434\u0438\u0437\u0435\u043b\u044c\u043d\u043e\u0433\u043e \u0433\u0435\u043d\u0435\u0440\u0430\u0442\u043e\u0440\u0430 \u043c\u043e\u0436\u0435\u0442 \u043d\u0430\u0434\u0435\u0436\u043d\u043e \u0440\u0430\u0431\u043e\u0442\u0430\u0442\u044c \u043f\u0440\u0438 \u0442\u0435\u043c\u043f\u0435\u0440\u0430\u0442\u0443\u0440\u0435 \u043e\u0442 &#8211; 10\u00b0C \u0434\u043e 55\u00b0C, \u0431\u0435\u0437 \u043e\u0441\u043b\u0430\u0431\u043b\u0435\u043d\u0438\u044f \u043c\u043e\u0449\u043d\u043e\u0441\u0442\u0438 [&hellip;]<\/p>","protected":false},"author":1,"featured_media":0,"parent":0,"menu_order":0,"comment_status":"closed","ping_status":"closed","template":"elementor_header_footer","meta":{"footnotes":""},"class_list":["post-2362","page","type-page","status-publish","hentry"],"blocksy_meta":{"styles_descriptor":{"styles":{"desktop":"","tablet":"","mobile":""},"google_fonts":[],"version":6}},"acf":[],"_links":{"self":[{"href":"https:\/\/tpshk.com\/fr\/wp-json\/wp\/v2\/pages\/2362","targetHints":{"allow":["GET"]}}],"collection":[{"href":"https:\/\/tpshk.com\/fr\/wp-json\/wp\/v2\/pages"}],"about":[{"href":"https:\/\/tpshk.com\/fr\/wp-json\/wp\/v2\/types\/page"}],"author":[{"embeddable":true,"href":"https:\/\/tpshk.com\/fr\/wp-json\/wp\/v2\/users\/1"}],"replies":[{"embeddable":true,"href":"https:\/\/tpshk.com\/fr\/wp-json\/wp\/v2\/comments?post=2362"}],"version-history":[{"count":0,"href":"https:\/\/tpshk.com\/fr\/wp-json\/wp\/v2\/pages\/2362\/revisions"}],"wp:attachment":[{"href":"https:\/\/tpshk.com\/fr\/wp-json\/wp\/v2\/media?parent=2362"}],"curies":[{"name":"wp","href":"https:\/\/api.w.org\/{rel}","templated":true}]}}