{"id":1612,"date":"2022-08-02T16:10:26","date_gmt":"2022-08-02T08:10:26","guid":{"rendered":"http:\/\/82.157.161.82\/?post_type=product&#038;p=1612"},"modified":"2022-09-08T15:52:44","modified_gmt":"2022-09-08T07:52:44","slug":"%d0%bf%d0%be%d1%80%d1%82%d0%b0%d1%82%d0%b8%d0%b2%d0%bd%d0%b0%d1%8f-%d0%b4%d0%b8%d0%b7%d0%b5%d0%bb%d1%8c-%d0%b3%d0%b5%d0%bd%d0%b5%d1%80%d0%b0%d1%82%d0%be%d1%80%d0%bd%d0%b0%d1%8f-%d1%83%d1%81%d1%82","status":"publish","type":"product","link":"https:\/\/tpshk.com\/es\/product\/%d0%bf%d0%be%d1%80%d1%82%d0%b0%d1%82%d0%b8%d0%b2%d0%bd%d0%b0%d1%8f-%d0%b4%d0%b8%d0%b7%d0%b5%d0%bb%d1%8c-%d0%b3%d0%b5%d0%bd%d0%b5%d1%80%d0%b0%d1%82%d0%be%d1%80%d0%bd%d0%b0%d1%8f-%d1%83%d1%81%d1%82","title":{"rendered":"Grupo electr\u00f3geno di\u00e9sel port\u00e1til\/bajo nivel de ruido\/potencia"},"content":{"rendered":"<p>\u0415\u0441\u043b\u0438 \u0432\u0430\u043c \u043d\u0443\u0436\u043d\u0430 \u0432\u044b\u0441\u043e\u043a\u043e\u043f\u0440\u043e\u0438\u0437\u0432\u043e\u0434\u0438\u0442\u0435\u043b\u044c\u043d\u0430\u044f \u043f\u043e\u0440\u0442\u0430\u0442\u0438\u0432\u043d\u0430\u044f \u0434\u0438\u0437\u0435\u043b\u044c\u043d\u0430\u044f \u0433\u0435\u043d\u0435\u0440\u0430\u0442\u043e\u0440\u043d\u0430\u044f \u0443\u0441\u0442\u0430\u043d\u043e\u0432\u043a\u0430, \u043a\u043e\u0442\u043e\u0440\u0430\u044f \u0431\u0443\u0434\u0435\u0442 \u0438\u0441\u043f\u043e\u043b\u044c\u0437\u043e\u0432\u0430\u0442\u044c\u0441\u044f \u043d\u0430 \u0441\u0442\u0440\u043e\u0438\u0442\u0435\u043b\u044c\u043d\u044b\u0445 \u043f\u043b\u043e\u0449\u0430\u0434\u043a\u0430\u0445, \u0444\u0435\u0440\u043c\u0430\u0445, \u0434\u043e\u043c\u0430\u0445 \u0438 \u0442.\u0434., \u0433\u0435\u043d\u0435\u0440\u0430\u0442\u043e\u0440\u043d\u0430\u044f \u0443\u0441\u0442\u0430\u043d\u043e\u0432\u043a\u0430 Tide \u0431\u0443\u0434\u0435\u0442 \u043b\u0443\u0447\u0448\u0438\u043c \u0432\u044b\u0431\u043e\u0440\u043e\u043c \u0432 \u043a\u0430\u0447\u0435\u0441\u0442\u0432\u0435 \u0438\u0441\u0442\u043e\u0447\u043d\u0438\u043a\u0430 \u044d\u043d\u0435\u0440\u0433\u0438\u0438.<\/p>\n<p>\u041e\u0421\u041e\u0411\u0415\u041d\u041d\u041e\u0421\u0422\u0418 \u0418 \u041f\u0420\u0415\u0418\u041c\u0423\u0429\u0415\u0421\u0422\u0412\u0410<br \/>\n&#8211; \u041b\u0435\u0433\u043a\u0430\u044f \u043f\u0435\u0440\u0435\u043d\u043e\u0441\u043a\u0430<br \/>\n\u041a\u043e\u043c\u043f\u0430\u043a\u0442\u043d\u0430\u044f \u043a\u043e\u043d\u0441\u0442\u0440\u0443\u043a\u0446\u0438\u044f, \u043a\u043e\u043d\u0444\u0438\u0433\u0443\u0440\u0430\u0446\u0438\u044f \u0441 \u043a\u043e\u043b\u0435\u0441\u0430\u043c\u0438 \u043e\u0437\u043d\u0430\u0447\u0430\u0435\u0442, \u0447\u0442\u043e \u0435\u0435 \u043b\u0435\u0433\u043a\u043e \u043f\u0435\u0440\u0435\u043c\u0435\u0449\u0430\u0442\u044c \u0438 \u0438\u0441\u043f\u043e\u043b\u044c\u0437\u043e\u0432\u0430\u0442\u044c<br \/>\n&#8211; \u041d\u0438\u0437\u043a\u0438\u0439 \u0443\u0440\u043e\u0432\u0435\u043d\u044c \u0448\u0443\u043c\u0430<br \/>\n\u0423\u0441\u043e\u0432\u0435\u0440\u0448\u0435\u043d\u0441\u0442\u0432\u043e\u0432\u0430\u043d\u043d\u0430\u044f \u043a\u043e\u043d\u0441\u0442\u0440\u0443\u043a\u0446\u0438\u044f \u0434\u044b\u043c\u043e\u0445\u043e\u0434\u0430 \u0438 \u0443\u0441\u0442\u0440\u043e\u0439\u0441\u0442\u0432\u043e \u0433\u043b\u0443\u0448\u0438\u0442\u0435\u043b\u044f<br \/>\n&#8211; \u0421\u0438\u043b\u044c\u043d\u0430\u044f \u043c\u043e\u0449\u043d\u043e\u0441\u0442\u044c<br \/>\n\u0427\u0435\u0442\u044b\u0440\u0435\u0445\u0442\u0430\u043a\u0442\u043d\u044b\u0439 \u0434\u0438\u0437\u0435\u043b\u044c\u043d\u044b\u0439 \u0434\u0432\u0438\u0433\u0430\u0442\u0435\u043b\u044c, \u043d\u043e\u0432\u044b\u0439 \u0442\u043e\u043f\u043b\u0438\u0432\u043d\u044b\u0439 \u043d\u0430\u0441\u043e\u0441 \u0441 \u043a\u043b\u0438\u0440\u0435\u043d\u0441\u043e\u043c \u0438 \u0438\u043d\u0435\u0440\u0446\u0438\u043e\u043d\u043d\u0430\u044f \u0442\u0435\u0445\u043d\u043e\u043b\u043e\u0433\u0438\u044f \u0432\u043f\u0440\u044b\u0441\u043a\u0430 \u0442\u043e\u043f\u043b\u0438\u0432\u0430 \u0441\u043d\u0438\u0437\u0443, \u0434\u0435\u043b\u0430\u0435\u0442 \u0440\u0430\u0431\u043e\u0442\u0443 \u043f\u043e\u043b\u043d\u043e\u0439 \u0438 \u043c\u043e\u0449\u043d\u043e\u0441\u0442\u044c \u0441\u0438\u043b\u044c\u043d\u043e\u0439.<br \/>\n&#8211; \u0412\u044b\u0441\u043e\u043a\u0430\u044f \u044d\u0444\u0444\u0435\u043a\u0442\u0438\u0432\u043d\u043e\u0441\u0442\u044c \u043f\u0440\u0435\u043e\u0431\u0440\u0430\u0437\u043e\u0432\u0430\u043d\u0438\u044f<br \/>\n100% \u043c\u0435\u0434\u043d\u044b\u0439 \u0433\u0435\u043d\u0435\u0440\u0430\u0442\u043e\u0440, \u0438\u0437\u043e\u043b\u044f\u0446\u0438\u044f \u043a\u043b\u0430\u0441\u0441\u0430 F, \u0432\u044b\u0441\u043e\u043a\u0430\u044f \u044d\u0444\u0444\u0435\u043a\u0442\u0438\u0432\u043d\u043e\u0441\u0442\u044c \u043f\u0440\u0435\u043e\u0431\u0440\u0430\u0437\u043e\u0432\u0430\u043d\u0438\u044f, \u0438\u043d\u0442\u0435\u043b\u043b\u0435\u043a\u0442\u0443\u0430\u043b\u044c\u043d\u044b\u0439 \u043a\u043e\u043d\u0442\u0440\u043e\u043b\u043b\u0435\u0440 AVR \u043e\u0431\u0435\u0441\u043f\u0435\u0447\u0438\u0432\u0430\u0435\u0442 \u0441\u0442\u0430\u0431\u0438\u043b\u044c\u043d\u043e\u0435 \u043d\u0430\u043f\u0440\u044f\u0436\u0435\u043d\u0438\u0435 \u0438 \u043c\u0435\u043d\u044c\u0448\u0435\u0435 \u0438\u0441\u043a\u0430\u0436\u0435\u043d\u0438\u0435 \u0444\u043e\u0440\u043c\u044b \u0432\u043e\u043b\u043d\u044b \u043d\u0430\u043f\u0440\u044f\u0436\u0435\u043d\u0438\u044f.<br \/>\n&#8211; \u041b\u0435\u0433\u043a\u0438\u0439 \u0437\u0430\u043f\u0443\u0441\u043a<br \/>\nlt \u043c\u043e\u0436\u0435\u0442 \u0431\u044b\u0442\u044c \u043b\u0435\u0433\u043a\u043e \u0437\u0430\u043f\u0443\u0449\u0435\u043d<br \/>\n&#8211; \u0428\u0438\u0440\u043e\u043a\u043e\u0435 \u043f\u0440\u0438\u043c\u0435\u043d\u0435\u043d\u0438\u0435<br \/>\n\u0420\u0430\u0437\u043b\u0438\u0447\u043d\u044b\u0435 \u0432\u044b\u0445\u043e\u0434\u043d\u044b\u0435 \u0433\u043d\u0435\u0437\u0434\u0430 \u0434\u043e\u0441\u0442\u0443\u043f\u043d\u044b \u0434\u043b\u044f \u0443\u0434\u043e\u0432\u043b\u0435\u0442\u0432\u043e\u0440\u0435\u043d\u0438\u044f \u0432\u0441\u0435\u0445 \u0442\u0440\u0435\u0431\u043e\u0432\u0430\u043d\u0438\u0439 \u043a\u043b\u0438\u0435\u043d\u0442\u043e\u0432<\/p>\n<p>\u0412\u0410\u0420\u0418\u0410\u041d\u0422<br \/>\n&#8211; \u0426\u0418\u0424\u0420\u041e\u0412\u041e\u0419 \u041a\u041e\u041d\u0422\u0420\u041e\u041b\u041b\u0415\u0420<br \/>\n&#8211; \u0414\u0412\u0423\u0425\u0424\u0410\u0417\u041d\u042b\u0419 \u0420\u0410\u0412\u041d\u042b\u0419 \u0412\u042b\u0425\u041e\u0414<br \/>\n&#8211; \u0414\u0412\u041e\u0419\u041d\u041e\u0415 \u041d\u0410\u041f\u0420\u042f\u0416\u0415\u041d\u0418\u0415<br \/>\n&#8211; \u0414\u0418\u0421\u0422\u0410\u041d\u0426\u0418\u041e\u041d\u041d\u041e\u0415 \u0423\u041f\u0420\u0410\u0412\u041b\u0415\u041d\u0418\u0415<br \/>\n&#8211; \u0410\u0412\u0420<\/p>","protected":false},"excerpt":{"rendered":"<p>\u041e\u0421\u041e\u0411\u0415\u041d\u041d\u041e\u0421\u0422\u0418 \u0418 \u041f\u0420\u0415\u0418\u041c\u0423\u0429\u0415\u0421\u0422\u0412\u0410<\/p>\n<p>\u00b7 \u0423\u0434\u043e\u0431\u043d\u0430\u044f \u043f\u0435\u0440\u0435\u043d\u043e\u0441\u043a\u0430<\/p>\n<p>- Bajo nivel de ruido<\/p>\n<p>\u00b7 \u0421\u0438\u043b\u044c\u043d\u0430\u044f \u0441\u0438\u043b\u0430<\/p>\n<p>\u00b7 \u0412\u044b\u0441\u043e\u043a\u0430\u044f \u044d\u0444\u0444\u0435\u043a\u0442\u0438\u0432\u043d\u043e\u0441\u0442\u044c \u043f\u0440\u0435\u043e\u0431\u0440\u0430\u0437\u043e\u0432\u0430\u043d\u0438\u044f<\/p>\n<p>\u00b7 \u041b\u0435\u0433\u043a\u0438\u0439 \u0441\u0442\u0430\u0440\u0442<\/p>\n<p>\u00b7 \u0428\u0438\u0440\u043e\u043a\u043e\u0435 \u043f\u0440\u0438\u043c\u0435\u043d\u0435\u043d\u0438\u0435<\/p>","protected":false},"featured_media":1613,"template":"","meta":[],"product_brand":[],"product_cat":[28],"product_tag":[],"class_list":{"0":"post-1612","1":"product","2":"type-product","3":"status-publish","4":"has-post-thumbnail","6":"product_cat-28","8":"first","9":"instock","10":"shipping-taxable","11":"product-type-simple"},"acf":[],"_links":{"self":[{"href":"https:\/\/tpshk.com\/es\/wp-json\/wp\/v2\/product\/1612","targetHints":{"allow":["GET"]}}],"collection":[{"href":"https:\/\/tpshk.com\/es\/wp-json\/wp\/v2\/product"}],"about":[{"href":"https:\/\/tpshk.com\/es\/wp-json\/wp\/v2\/types\/product"}],"wp:featuredmedia":[{"embeddable":true,"href":"https:\/\/tpshk.com\/es\/wp-json\/wp\/v2\/media\/1613"}],"wp:attachment":[{"href":"https:\/\/tpshk.com\/es\/wp-json\/wp\/v2\/media?parent=1612"}],"wp:term":[{"taxonomy":"product_brand","embeddable":true,"href":"https:\/\/tpshk.com\/es\/wp-json\/wp\/v2\/product_brand?post=1612"},{"taxonomy":"product_cat","embeddable":true,"href":"https:\/\/tpshk.com\/es\/wp-json\/wp\/v2\/product_cat?post=1612"},{"taxonomy":"product_tag","embeddable":true,"href":"https:\/\/tpshk.com\/es\/wp-json\/wp\/v2\/product_tag?post=1612"}],"curies":[{"name":"wp","href":"https:\/\/api.w.org\/{rel}","templated":true}]}}