{"id":1606,"date":"2022-08-02T16:05:04","date_gmt":"2022-08-02T08:05:04","guid":{"rendered":"http:\/\/82.157.161.82\/?post_type=product&#038;p=1606"},"modified":"2022-10-12T17:33:54","modified_gmt":"2022-10-12T09:33:54","slug":"%d0%b3%d0%b8%d0%b1%d1%80%d0%b8%d0%b4%d0%bd%d0%b0%d1%8f-%d0%b3%d0%b5%d0%bd%d0%b5%d1%80%d0%b0%d1%82%d0%be%d1%80%d0%bd%d0%b0%d1%8f-%d1%83%d1%81%d1%82%d0%b0%d0%bd%d0%be%d0%b2%d0%ba%d0%b0-%d0%bc%d0%be","status":"publish","type":"product","link":"https:\/\/tpshk.com\/es\/product\/%d0%b3%d0%b8%d0%b1%d1%80%d0%b8%d0%b4%d0%bd%d0%b0%d1%8f-%d0%b3%d0%b5%d0%bd%d0%b5%d1%80%d0%b0%d1%82%d0%be%d1%80%d0%bd%d0%b0%d1%8f-%d1%83%d1%81%d1%82%d0%b0%d0%bd%d0%be%d0%b2%d0%ba%d0%b0-%d0%bc%d0%be","title":{"rendered":"Grupo electr\u00f3geno h\u00edbrido de 3kWe a 20kWe"},"content":{"rendered":"<p>Tide Power Technology es uno de los principales proveedores mundiales de generadores de gas de cogeneraci\u00f3n. Con m\u00e1s de 10 a\u00f1os de pr\u00e1ctica y experiencia en generadores de gas y plantas de cogeneraci\u00f3n de alta eficiencia, Tide Power le ofrece m\u00e1s opciones para su soluci\u00f3n de energ\u00eda limpia. Nuestros grupos electr\u00f3genos de gas tienen una capacidad de entre 5 y 4.500 kW y funcionan con distintos tipos de gas:<\/p>\n<p>gas natural<\/p>\n<p>metano de aguas residuales Biog\u00e1s<\/p>\n<p>Gases combustibles procedentes de residuos industriales<\/p>\n<p>gas de vertedero<\/p>\n<p>Singaz<\/p>\n<p>Gas de veta de carb\u00f3n<\/p>\n<p>Gas de esquisto<\/p>\n<p>Gas de yacimiento<\/p>\n<p>Mashgas<\/p>\n<p>Aplicaci\u00f3n\uff1a<\/p>\n<p>&#8211; \u0412\u044b\u0441\u043e\u043a\u0430\u044f \u0431\u0435\u0437\u043e\u043f\u0430\u0441\u043d\u043e\u0441\u0442\u044c<\/p>\n<p>&#8211; \u0412\u044b\u0441\u043e\u043a\u0430\u044f \u0434\u043e\u043b\u0433\u043e\u0432\u0435\u0447\u043d\u043e\u0441\u0442\u044c<\/p>\n<p>&#8211; \u0412\u044b\u0441\u043e\u043a\u0430\u044f \u043d\u0430\u0434\u0435\u0436\u043d\u043e\u0441\u0442\u044c<\/p>\n<p>&#8211; \u0412\u044b\u0441\u043e\u043a\u0430\u044f \u044d\u0444\u0444\u0435\u043a\u0442\u0438\u0432\u043d\u043e\u0441\u0442\u044c<\/p>\n<p>&#8211; \u0414\u0438\u0437\u0430\u0439\u043d, \u043e\u0441\u043d\u043e\u0432\u0430\u043d\u043d\u044b\u0439 \u043d\u0430 \u0447\u0435\u043b\u043e\u0432\u0435\u043a\u0435<\/p>\n<p>Traducido por www.DeepL.com\/Translator (versi\u00f3n gratuita)<\/p>","protected":false},"excerpt":{"rendered":"<p>La capacidad de nuestros grupos electr\u00f3genos de gas oscila entre 3kWe y 20kWe y funciona con varios tipos de gas:<br \/>\nGas natural<br \/>\nmetano de aguas residuales Biog\u00e1s<br \/>\nGases combustibles procedentes de residuos industriales<br \/>\ngas de vertedero<br \/>\nSingaz<br \/>\nGas de veta de carb\u00f3n<br \/>\nGas de esquisto<br \/>\nGas de yacimiento<br \/>\nMashgas<\/p>","protected":false},"featured_media":2345,"template":"","meta":[],"product_brand":[],"product_cat":[24],"product_tag":[],"class_list":{"0":"post-1606","1":"product","2":"type-product","3":"status-publish","4":"has-post-thumbnail","6":"product_cat-24","8":"first","9":"instock","10":"shipping-taxable","11":"product-type-simple"},"acf":[],"_links":{"self":[{"href":"https:\/\/tpshk.com\/es\/wp-json\/wp\/v2\/product\/1606","targetHints":{"allow":["GET"]}}],"collection":[{"href":"https:\/\/tpshk.com\/es\/wp-json\/wp\/v2\/product"}],"about":[{"href":"https:\/\/tpshk.com\/es\/wp-json\/wp\/v2\/types\/product"}],"wp:featuredmedia":[{"embeddable":true,"href":"https:\/\/tpshk.com\/es\/wp-json\/wp\/v2\/media\/2345"}],"wp:attachment":[{"href":"https:\/\/tpshk.com\/es\/wp-json\/wp\/v2\/media?parent=1606"}],"wp:term":[{"taxonomy":"product_brand","embeddable":true,"href":"https:\/\/tpshk.com\/es\/wp-json\/wp\/v2\/product_brand?post=1606"},{"taxonomy":"product_cat","embeddable":true,"href":"https:\/\/tpshk.com\/es\/wp-json\/wp\/v2\/product_cat?post=1606"},{"taxonomy":"product_tag","embeddable":true,"href":"https:\/\/tpshk.com\/es\/wp-json\/wp\/v2\/product_tag?post=1606"}],"curies":[{"name":"wp","href":"https:\/\/api.w.org\/{rel}","templated":true}]}}