{"id":1592,"date":"2022-08-02T15:45:55","date_gmt":"2022-08-02T07:45:55","guid":{"rendered":"http:\/\/82.157.161.82\/?post_type=product&#038;p=1592"},"modified":"2022-10-10T13:24:45","modified_gmt":"2022-10-10T05:24:45","slug":"%d0%b4%d0%b8%d0%b7%d0%b5%d0%bb%d1%8c%d0%bd%d1%8b%d0%b9-%d0%b3%d0%b5%d0%bd%d0%b5%d1%80%d0%b0%d1%82%d0%be%d1%80-hemeraseries-%d0%bd%d0%b8%d0%b6%d0%bd%d0%b8%d0%b9-%d1%83%d1%80%d0%be%d0%b2%d0%b5%d0%bd","status":"publish","type":"product","link":"https:\/\/tpshk.com\/es\/product\/%d0%b4%d0%b8%d0%b7%d0%b5%d0%bb%d1%8c%d0%bd%d1%8b%d0%b9-%d0%b3%d0%b5%d0%bd%d0%b5%d1%80%d0%b0%d1%82%d0%be%d1%80-hemeraseries-%d0%bd%d0%b8%d0%b6%d0%bd%d0%b8%d0%b9-%d1%83%d1%80%d0%be%d0%b2%d0%b5%d0%bd","title":{"rendered":"Generador diesel\/Serie Hemera\/Bajo nivel de ruido"},"content":{"rendered":"<p>La serie Tide Power es una opci\u00f3n adicional de nuestra colecci\u00f3n actual. Esta serie no s\u00f3lo ofrece la mayor\u00eda de las ventajas que son compatibles con la serie existente, sino que tambi\u00e9n tiene un tipo de configuraci\u00f3n m\u00e1s humana. Gracias a su dise\u00f1o modular, genera niveles de ruido m\u00e1s bajos que otros dise\u00f1os comparables de la misma l\u00ednea de productos, por no hablar de su facilidad de funcionamiento y manejo. El dise\u00f1o robusto no s\u00f3lo da la impresi\u00f3n de una estructura de protecci\u00f3n s\u00f3lida, sino que es realmente atractivo y bien recibido por la mayor\u00eda de los usuarios.<\/p>\n<p><img loading=\"lazy\" decoding=\"async\" class=\"aligncenter wp-image-1725 size-full\" src=\"http:\/\/82.157.161.82\/wp-content\/uploads\/2022\/08\/1616135377439354.jpg\" alt=\"\" width=\"790\" height=\"1132\" srcset=\"https:\/\/tpshk.com\/wp-content\/uploads\/2022\/08\/1616135377439354.jpg 790w, https:\/\/tpshk.com\/wp-content\/uploads\/2022\/08\/1616135377439354-600x860.jpg 600w, https:\/\/tpshk.com\/wp-content\/uploads\/2022\/08\/1616135377439354-209x300.jpg 209w, https:\/\/tpshk.com\/wp-content\/uploads\/2022\/08\/1616135377439354-715x1024.jpg 715w, https:\/\/tpshk.com\/wp-content\/uploads\/2022\/08\/1616135377439354-768x1100.jpg 768w\" sizes=\"auto, (max-width: 790px) 100vw, 790px\" \/><\/p>\n<p><img loading=\"lazy\" decoding=\"async\" class=\"aligncenter wp-image-1727 size-full\" src=\"http:\/\/82.157.161.82\/wp-content\/uploads\/2022\/08\/1616135377456911.jpg\" alt=\"\" width=\"790\" height=\"571\" srcset=\"https:\/\/tpshk.com\/wp-content\/uploads\/2022\/08\/1616135377456911.jpg 790w, https:\/\/tpshk.com\/wp-content\/uploads\/2022\/08\/1616135377456911-600x434.jpg 600w, https:\/\/tpshk.com\/wp-content\/uploads\/2022\/08\/1616135377456911-300x217.jpg 300w, https:\/\/tpshk.com\/wp-content\/uploads\/2022\/08\/1616135377456911-768x555.jpg 768w\" sizes=\"auto, (max-width: 790px) 100vw, 790px\" \/><\/p>\n<p><img loading=\"lazy\" decoding=\"async\" class=\"aligncenter wp-image-1728 size-full\" src=\"http:\/\/82.157.161.82\/wp-content\/uploads\/2022\/08\/1616135377129517.jpg\" alt=\"\" width=\"790\" height=\"745\" srcset=\"https:\/\/tpshk.com\/wp-content\/uploads\/2022\/08\/1616135377129517.jpg 790w, https:\/\/tpshk.com\/wp-content\/uploads\/2022\/08\/1616135377129517-600x566.jpg 600w, https:\/\/tpshk.com\/wp-content\/uploads\/2022\/08\/1616135377129517-300x283.jpg 300w, https:\/\/tpshk.com\/wp-content\/uploads\/2022\/08\/1616135377129517-768x724.jpg 768w\" sizes=\"auto, (max-width: 790px) 100vw, 790px\" \/><\/p>\n<p><img loading=\"lazy\" decoding=\"async\" class=\"aligncenter wp-image-1729 size-full\" src=\"http:\/\/82.157.161.82\/wp-content\/uploads\/2022\/08\/1616135377790622.jpg\" alt=\"\" width=\"790\" height=\"982\" srcset=\"https:\/\/tpshk.com\/wp-content\/uploads\/2022\/08\/1616135377790622.jpg 790w, https:\/\/tpshk.com\/wp-content\/uploads\/2022\/08\/1616135377790622-600x746.jpg 600w, https:\/\/tpshk.com\/wp-content\/uploads\/2022\/08\/1616135377790622-241x300.jpg 241w, https:\/\/tpshk.com\/wp-content\/uploads\/2022\/08\/1616135377790622-768x955.jpg 768w\" sizes=\"auto, (max-width: 790px) 100vw, 790px\" \/><\/p>\n<p>&nbsp;<\/p>","protected":false},"excerpt":{"rendered":"<p>Serie Gemera:<\/p>\n<p>Esta serie no s\u00f3lo ofrece la mayor\u00eda de las ventajas compatibles con nuestra serie actual, sino que tambi\u00e9n tiene una configuraci\u00f3n m\u00e1s humana.<\/p>\n<p>Beneficios:<\/p>\n<p>- Dise\u00f1o modular robusto, fiable y duradero<\/p>\n<p>- Flexible<\/p>\n<p>- Bajo nivel de ruido<\/p>\n<p>- Robusto y atractivo<\/p>\n<p>- F\u00e1cil de transportar<\/p>\n<p>- F\u00e1cil de usar<\/p>\n<p>- F\u00e1cil mantenimiento<\/p>","protected":false},"featured_media":1593,"template":"","meta":[],"product_brand":[],"product_cat":[34],"product_tag":[],"class_list":{"0":"post-1592","1":"product","2":"type-product","3":"status-publish","4":"has-post-thumbnail","6":"product_cat-34","8":"first","9":"instock","10":"shipping-taxable","11":"product-type-simple"},"acf":[],"_links":{"self":[{"href":"https:\/\/tpshk.com\/es\/wp-json\/wp\/v2\/product\/1592","targetHints":{"allow":["GET"]}}],"collection":[{"href":"https:\/\/tpshk.com\/es\/wp-json\/wp\/v2\/product"}],"about":[{"href":"https:\/\/tpshk.com\/es\/wp-json\/wp\/v2\/types\/product"}],"wp:featuredmedia":[{"embeddable":true,"href":"https:\/\/tpshk.com\/es\/wp-json\/wp\/v2\/media\/1593"}],"wp:attachment":[{"href":"https:\/\/tpshk.com\/es\/wp-json\/wp\/v2\/media?parent=1592"}],"wp:term":[{"taxonomy":"product_brand","embeddable":true,"href":"https:\/\/tpshk.com\/es\/wp-json\/wp\/v2\/product_brand?post=1592"},{"taxonomy":"product_cat","embeddable":true,"href":"https:\/\/tpshk.com\/es\/wp-json\/wp\/v2\/product_cat?post=1592"},{"taxonomy":"product_tag","embeddable":true,"href":"https:\/\/tpshk.com\/es\/wp-json\/wp\/v2\/product_tag?post=1592"}],"curies":[{"name":"wp","href":"https:\/\/api.w.org\/{rel}","templated":true}]}}