{"id":783,"date":"2022-07-05T17:13:50","date_gmt":"2022-07-05T09:13:50","guid":{"rendered":"http:\/\/82.157.161.82\/?page_id=783"},"modified":"2022-11-08T23:38:10","modified_gmt":"2022-11-08T15:38:10","slug":"%d0%b3%d0%b0%d1%80%d0%b0%d0%bd%d1%82%d0%b8%d1%8f","status":"publish","type":"page","link":"https:\/\/tpshk.com\/es\/%d0%be%d0%ba%d0%b0%d0%b7%d0%b0%d0%bd%d0%b8%d0%b5-%d1%83%d1%81%d0%bb%d1%83%d0%b3\/%d0%b3%d0%b0%d1%80%d0%b0%d0%bd%d1%82%d0%b8%d1%8f","title":{"rendered":"GARANT\u00cdA"},"content":{"rendered":"<div data-elementor-type=\"wp-page\" data-elementor-id=\"783\" class=\"elementor elementor-783\">\n\t\t\t\t\t\t\t\t\t<section class=\"elementor-section elementor-top-section elementor-element elementor-element-57c0e71 elementor-section-full_width elementor-section-height-default elementor-section-height-default\" data-id=\"57c0e71\" data-element_type=\"section\">\n\t\t\t\t\t\t\t<div class=\"elementor-background-overlay\"><\/div>\n\t\t\t\t\t\t\t<div class=\"elementor-container elementor-column-gap-default\">\n\t\t\t\t\t<div class=\"elementor-column elementor-col-100 elementor-top-column elementor-element elementor-element-c09f2dc\" data-id=\"c09f2dc\" data-element_type=\"column\">\n\t\t\t<div class=\"elementor-widget-wrap elementor-element-populated\">\n\t\t\t\t\t\t\t\t<div class=\"elementor-element elementor-element-df9c3e3 elementor-widget elementor-widget-heading\" data-id=\"df9c3e3\" data-element_type=\"widget\" data-widget_type=\"heading.default\">\n\t\t\t\t<div class=\"elementor-widget-container\">\n\t\t\t<style>\/*! elementor - v3.10.0 - 09-01-2023 *\/\n.elementor-heading-title{padding:0;margin:0;line-height:1}.elementor-widget-heading .elementor-heading-title[class*=elementor-size-]>a{color:inherit;font-size:inherit;line-height:inherit}.elementor-widget-heading .elementor-heading-title.elementor-size-small{font-size:15px}.elementor-widget-heading .elementor-heading-title.elementor-size-medium{font-size:19px}.elementor-widget-heading .elementor-heading-title.elementor-size-large{font-size:29px}.elementor-widget-heading .elementor-heading-title.elementor-size-xl{font-size:39px}.elementor-widget-heading .elementor-heading-title.elementor-size-xxl{font-size:59px}<\/style><h1 class=\"elementor-heading-title elementor-size-default\">GARANT\u00cdA<\/h1>\t\t<\/div>\n\t\t\t\t<\/div>\n\t\t\t\t\t<\/div>\n\t\t<\/div>\n\t\t\t\t\t\t\t<\/div>\n\t\t<\/section>\n\t\t\t\t<section class=\"elementor-section elementor-top-section elementor-element elementor-element-58e44cf elementor-section-boxed elementor-section-height-default elementor-section-height-default\" data-id=\"58e44cf\" data-element_type=\"section\" data-settings=\"{&quot;background_background&quot;:&quot;classic&quot;}\">\n\t\t\t\t\t\t<div class=\"elementor-container elementor-column-gap-no\">\n\t\t\t\t\t<div class=\"elementor-column elementor-col-50 elementor-top-column elementor-element elementor-element-cb5ca6b\" data-id=\"cb5ca6b\" data-element_type=\"column\">\n\t\t\t<div class=\"elementor-widget-wrap elementor-element-populated\">\n\t\t\t\t\t\t\t\t<section class=\"elementor-section elementor-inner-section elementor-element elementor-element-b44953b elementor-section-boxed elementor-section-height-default elementor-section-height-default\" data-id=\"b44953b\" data-element_type=\"section\">\n\t\t\t\t\t\t<div class=\"elementor-container elementor-column-gap-default\">\n\t\t\t\t\t<div class=\"elementor-column elementor-col-100 elementor-inner-column elementor-element elementor-element-bdad9e0\" data-id=\"bdad9e0\" data-element_type=\"column\">\n\t\t\t<div class=\"elementor-widget-wrap elementor-element-populated\">\n\t\t\t\t\t\t\t\t<div class=\"elementor-element elementor-element-8ba6810 elementor-widget elementor-widget-heading\" data-id=\"8ba6810\" data-element_type=\"widget\" data-widget_type=\"heading.default\">\n\t\t\t\t<div class=\"elementor-widget-container\">\n\t\t\t<h2 class=\"elementor-heading-title elementor-size-default\">MANTENIMIENTO DEL SERVICIO<\/h2>\t\t<\/div>\n\t\t\t\t<\/div>\n\t\t\t\t<div class=\"elementor-element elementor-element-8d2cf77 elementor-nav-menu__text-align-center elementor-widget elementor-widget-nav-menu\" data-id=\"8d2cf77\" data-element_type=\"widget\" data-settings=\"{&quot;layout&quot;:&quot;dropdown&quot;,&quot;submenu_icon&quot;:{&quot;value&quot;:&quot;&lt;i class=\\&quot;fas fa-caret-down\\&quot;&gt;&lt;\\\/i&gt;&quot;,&quot;library&quot;:&quot;fa-solid&quot;}}\" data-widget_type=\"nav-menu.default\">\n\t\t\t\t<div class=\"elementor-widget-container\">\n\t\t\t<link rel=\"stylesheet\" href=\"https:\/\/tpshk.com\/wp-content\/plugins\/elementor-pro\/assets\/css\/widget-nav-menu.min.css\">\t\t\t<nav class=\"elementor-nav-menu--dropdown elementor-nav-menu__container\" aria-hidden=\"true\">\n\t\t\t\t<ul id=\"menu-2-8d2cf77\" class=\"elementor-nav-menu\"><li class=\"menu-item menu-item-type-post_type menu-item-object-page menu-item-2259\"><a href=\"https:\/\/tpshk.com\/es\/%d0%be%d0%ba%d0%b0%d0%b7%d0%b0%d0%bd%d0%b8%d0%b5-%d1%83%d1%81%d0%bb%d1%83%d0%b3\/%d0%b7%d0%b0%d0%bf%d0%b0%d1%81%d0%bd%d1%8b%d0%b5-%d1%87%d0%b0%d1%81%d1%82%d0%b8\" class=\"elementor-item\" tabindex=\"-1\">PARTES<\/a><\/li>\n<li class=\"menu-item menu-item-type-post_type menu-item-object-page menu-item-2260\"><a href=\"https:\/\/tpshk.com\/es\/%d0%be%d0%ba%d0%b0%d0%b7%d0%b0%d0%bd%d0%b8%d0%b5-%d1%83%d1%81%d0%bb%d1%83%d0%b3\/%d0%b3%d0%b0%d1%80%d0%b0%d0%bd%d1%82%d0%b8%d1%8f\" class=\"elementor-item\" tabindex=\"-1\">GARANT\u00cdA<\/a><\/li>\n<li class=\"menu-item menu-item-type-post_type menu-item-object-page menu-item-2262\"><a href=\"https:\/\/tpshk.com\/es\/%d0%be%d0%ba%d0%b0%d0%b7%d0%b0%d0%bd%d0%b8%d0%b5-%d1%83%d1%81%d0%bb%d1%83%d0%b3\/%d0%bf%d0%be%d0%b4%d0%b3%d0%be%d1%82%d0%be%d0%b2%d0%ba%d0%b0\" class=\"elementor-item\" tabindex=\"-1\">FORMACI\u00d3N<\/a><\/li>\n<li class=\"menu-item menu-item-type-post_type menu-item-object-page menu-item-2261\"><a href=\"https:\/\/tpshk.com\/es\/%d0%be%d0%ba%d0%b0%d0%b7%d0%b0%d0%bd%d0%b8%d0%b5-%d1%83%d1%81%d0%bb%d1%83%d0%b3\/%d0%be%d1%82%d0%b2%d0%b5%d1%82-%d0%bd%d0%b0-%d0%b2%d0%be%d0%bf%d1%80%d0%be%d1%81\" class=\"elementor-item\" tabindex=\"-1\">RESPUESTA A LA PREGUNTA<\/a><\/li>\n<li class=\"menu-item menu-item-type-post_type menu-item-object-page menu-item-2263\"><a href=\"https:\/\/tpshk.com\/es\/%d0%be%d0%ba%d0%b0%d0%b7%d0%b0%d0%bd%d0%b8%d0%b5-%d1%83%d1%81%d0%bb%d1%83%d0%b3\/%d1%81%d0%ba%d0%b0%d1%87%d0%b0%d1%82%d1%8c\" class=\"elementor-item\" tabindex=\"-1\">DESCARGAR<\/a><\/li>\n<\/ul>\t\t\t<\/nav>\n\t\t\t\t<\/div>\n\t\t\t\t<\/div>\n\t\t\t\t\t<\/div>\n\t\t<\/div>\n\t\t\t\t\t\t\t<\/div>\n\t\t<\/section>\n\t\t\t\t\t<\/div>\n\t\t<\/div>\n\t\t\t\t<div class=\"elementor-column elementor-col-50 elementor-top-column elementor-element elementor-element-e238d4e\" data-id=\"e238d4e\" data-element_type=\"column\">\n\t\t\t<div class=\"elementor-widget-wrap elementor-element-populated\">\n\t\t\t\t\t\t\t\t<div class=\"elementor-element elementor-element-f7874ae elementor-widget elementor-widget-heading\" data-id=\"f7874ae\" data-element_type=\"widget\" data-widget_type=\"heading.default\">\n\t\t\t\t<div class=\"elementor-widget-container\">\n\t\t\t<h2 class=\"elementor-heading-title elementor-size-default\">GARANT\u00cdA<\/h2>\t\t<\/div>\n\t\t\t\t<\/div>\n\t\t\t\t<div class=\"elementor-element elementor-element-637378a elementor-widget elementor-widget-text-editor\" data-id=\"637378a\" data-element_type=\"widget\" data-widget_type=\"text-editor.default\">\n\t\t\t\t<div class=\"elementor-widget-container\">\n\t\t\t<style>\/*! elementor - v3.10.0 - 09-01-2023 *\/\n.elementor-widget-text-editor.elementor-drop-cap-view-stacked .elementor-drop-cap{background-color:#818a91;color:#fff}.elementor-widget-text-editor.elementor-drop-cap-view-framed .elementor-drop-cap{color:#818a91;border:3px solid;background-color:transparent}.elementor-widget-text-editor:not(.elementor-drop-cap-view-default) .elementor-drop-cap{margin-top:8px}.elementor-widget-text-editor:not(.elementor-drop-cap-view-default) .elementor-drop-cap-letter{width:1em;height:1em}.elementor-widget-text-editor .elementor-drop-cap{float:left;text-align:center;line-height:1;font-size:50px}.elementor-widget-text-editor .elementor-drop-cap-letter{display:inline-block}<\/style>\t\t\t\t<p>Dondequiera que se encuentren sus grupos electr\u00f3genos, nuestros agentes de servicio y distribuidores de todo el mundo pueden ofrecerle siempre el asesoramiento y el servicio t\u00e9cnico m\u00e1s r\u00e1pidos y profesionales. El funcionamiento correcto de acuerdo con el manual de instrucciones, los operadores tambi\u00e9n deben llevar a cabo la inspecci\u00f3n peri\u00f3dica, el ajuste y la limpieza de todas las piezas para garantizar un funcionamiento sin problemas y mantener una larga vida \u00fatil de la m\u00e1quina. Adem\u00e1s, el mantenimiento y las reparaciones peri\u00f3dicas son \u00fatiles para evitar el desgaste prematuro de todas las piezas.\u00a0<\/p>\t\t\t\t\t\t<\/div>\n\t\t\t\t<\/div>\n\t\t\t\t<div class=\"elementor-element elementor-element-16cae04 elementor-widget elementor-widget-image\" data-id=\"16cae04\" data-element_type=\"widget\" data-widget_type=\"image.default\">\n\t\t\t\t<div class=\"elementor-widget-container\">\n\t\t\t<style>\/*! elementor - v3.10.0 - 09-01-2023 *\/\n.elementor-widget-image{text-align:center}.elementor-widget-image a{display:inline-block}.elementor-widget-image a img[src$=\".svg\"]{width:48px}.elementor-widget-image img{vertical-align:middle;display:inline-block}<\/style>\t\t\t\t\t\t\t\t\t\t\t\t<img loading=\"lazy\" decoding=\"async\" width=\"972\" height=\"648\" src=\"https:\/\/tpshk.com\/wp-content\/uploads\/2022\/08\/pic-35.png\" class=\"attachment-large size-large wp-image-2062\" alt=\"\" srcset=\"https:\/\/tpshk.com\/wp-content\/uploads\/2022\/08\/pic-35.png 972w, https:\/\/tpshk.com\/wp-content\/uploads\/2022\/08\/pic-35-600x400.png 600w, https:\/\/tpshk.com\/wp-content\/uploads\/2022\/08\/pic-35-300x200.png 300w, https:\/\/tpshk.com\/wp-content\/uploads\/2022\/08\/pic-35-768x512.png 768w\" sizes=\"auto, (max-width: 972px) 100vw, 972px\" \/>\t\t\t\t\t\t\t\t\t\t\t\t\t\t\t<\/div>\n\t\t\t\t<\/div>\n\t\t\t\t<div class=\"elementor-element elementor-element-a9a10ed elementor-widget elementor-widget-heading\" data-id=\"a9a10ed\" data-element_type=\"widget\" data-widget_type=\"heading.default\">\n\t\t\t\t<div class=\"elementor-widget-container\">\n\t\t\t<h5 class=\"elementor-heading-title elementor-size-default\">Como distribuidor de Tide Power, puede contar con las siguientes garant\u00edas de calidad: - Suministro de grupos electr\u00f3genos Alanta Power cualificados;<\/h5>\t\t<\/div>\n\t\t\t\t<\/div>\n\t\t\t\t<div class=\"elementor-element elementor-element-e68afb9 elementor-widget elementor-widget-text-editor\" data-id=\"e68afb9\" data-element_type=\"widget\" data-widget_type=\"text-editor.default\">\n\t\t\t\t<div class=\"elementor-widget-container\">\n\t\t\t\t\t\t\t<p>&#8211; \u041f\u0440\u0435\u0434\u043e\u0441\u0442\u0430\u0432\u043b\u0435\u043d\u0438\u0435 \u043f\u043e\u043b\u043d\u043e\u0439 \u0442\u0435\u0445\u043d\u0438\u0447\u0435\u0441\u043a\u043e\u0439 \u043f\u043e\u0434\u0434\u0435\u0440\u0436\u043a\u0438, \u0432\u043a\u043b\u044e\u0447\u0430\u044f \u0440\u0443\u043a\u043e\u0432\u043e\u0434\u0441\u0442\u0432\u043e \u043f\u043e \u0443\u0441\u0442\u0430\u043d\u043e\u0432\u043a\u0435, \u0440\u0435\u043c\u043e\u043d\u0442 \u0438 \u0442\u0435\u0445\u043d\u0438\u0447\u0435\u0441\u043a\u043e\u0435 \u043e\u0431\u0441\u043b\u0443\u0436\u0438\u0432\u0430\u043d\u0438\u0435, \u0440\u0443\u043a\u043e\u0432\u043e\u0434\u0441\u0442\u0432\u043e \u043f\u043e \u0432\u0432\u043e\u0434\u0443 \u0432 \u044d\u043a\u0441\u043f\u043b\u0443\u0430\u0442\u0430\u0446\u0438\u044e \u0438 \u0442.\u0434;<br \/>&#8211; \u0410\u0434\u0435\u043a\u0432\u0430\u0442\u043d\u0430\u044f \u043f\u043e\u0441\u0442\u0430\u0432\u043a\u0430 \u043f\u0440\u043e\u0434\u0443\u043a\u0446\u0438\u0438 \u0438 \u0437\u0430\u043f\u0430\u0441\u043d\u044b\u0445 \u0447\u0430\u0441\u0442\u0435\u0439;<br \/>&#8211; \u041f\u0440\u043e\u0444\u0435\u0441\u0441\u0438\u043e\u043d\u0430\u043b\u044c\u043d\u043e\u0435 \u043e\u0431\u0443\u0447\u0435\u043d\u0438\u0435 \u0438 \u0443\u0441\u0442\u0440\u0430\u043d\u0435\u043d\u0438\u0435 \u043d\u0435\u0438\u0441\u043f\u0440\u0430\u0432\u043d\u043e\u0441\u0442\u0435\u0439 \u0434\u043b\u044f \u0442\u0435\u0445\u043d\u0438\u0447\u0435\u0441\u043a\u043e\u0433\u043e \u043f\u0435\u0440\u0441\u043e\u043d\u0430\u043b\u0430;<br \/>&#8211; \u041e\u043d\u043b\u0430\u0439\u043d-\u043f\u043e\u0434\u0434\u0435\u0440\u0436\u043a\u0430 \u0434\u043b\u044f \u0437\u0430\u043a\u0430\u0437\u0430 \u0438 \u043d\u0430\u043b\u0438\u0447\u0438\u044f \u0437\u0430\u043f\u0447\u0430\u0441\u0442\u0435\u0439, \u043f\u043e\u043b\u043d\u044b\u0439 \u043d\u0430\u0431\u043e\u0440 \u0440\u0435\u0448\u0435\u043d\u0438\u0439 \u043f\u043e \u0437\u0430\u043f\u0447\u0430\u0441\u0442\u044f\u043c;<br \/>&#8211; \u041e\u043d\u043b\u0430\u0439\u043d \u0442\u0435\u0445\u043d\u0438\u0447\u0435\u0441\u043a\u0430\u044f \u043f\u043e\u0434\u0434\u0435\u0440\u0436\u043a\u0430 \u043e\u0431\u0435\u0441\u043f\u0435\u0447\u0438\u0432\u0430\u0435\u0442 \u0432\u0438\u0434\u0435\u043e \u043e\u0431\u0443\u0447\u0435\u043d\u0438\u0435 \u043f\u043e \u0443\u0441\u0442\u0430\u043d\u043e\u0432\u043a\u0435 \u043f\u0440\u043e\u0434\u0443\u043a\u0446\u0438\u0438, \u0437\u0430\u043c\u0435\u043d\u0435 \u0434\u0435\u0442\u0430\u043b\u0435\u0439, \u0430 \u0442\u0430\u043a\u0436\u0435 \u0440\u0443\u043a\u043e\u0432\u043e\u0434\u0441\u0442\u0432\u043e \u043f\u043e \u044d\u043a\u0441\u043f\u043b\u0443\u0430\u0442\u0430\u0446\u0438\u0438 \u0438 \u0442\u0435\u0445\u043d\u0438\u0447\u0435\u0441\u043a\u043e\u043c\u0443 \u043e\u0431\u0441\u043b\u0443\u0436\u0438\u0432\u0430\u043d\u0438\u044e;<br \/>&#8211; \u0421\u043e\u0437\u0434\u0430\u043d\u0438\u0435 \u043f\u043e\u043b\u043d\u043e\u0433\u043e \u0434\u043e\u0441\u044c\u0435 \u043a\u043b\u0438\u0435\u043d\u0442\u0430 \u0438 \u0434\u043e\u0441\u044c\u0435 \u043f\u0440\u043e\u0434\u0443\u043a\u0442\u0430;<br \/>&#8211; \u041f\u043e\u0441\u0442\u0430\u0432\u043a\u0430 \u043e\u0440\u0438\u0433\u0438\u043d\u0430\u043b\u044c\u043d\u044b\u0445 \u0437\u0430\u043f\u0430\u0441\u043d\u044b\u0445 \u0447\u0430\u0441\u0442\u0435\u0439.<\/p>\t\t\t\t\t\t<\/div>\n\t\t\t\t<\/div>\n\t\t\t\t<div class=\"elementor-element elementor-element-060663c elementor-widget elementor-widget-image\" data-id=\"060663c\" data-element_type=\"widget\" data-widget_type=\"image.default\">\n\t\t\t\t<div class=\"elementor-widget-container\">\n\t\t\t\t\t\t\t\t\t\t\t\t\t\t\t<img loading=\"lazy\" decoding=\"async\" width=\"978\" height=\"525\" src=\"https:\/\/tpshk.com\/wp-content\/uploads\/2022\/08\/pic-36.png\" class=\"attachment-large size-large wp-image-2063\" alt=\"\" srcset=\"https:\/\/tpshk.com\/wp-content\/uploads\/2022\/08\/pic-36.png 978w, https:\/\/tpshk.com\/wp-content\/uploads\/2022\/08\/pic-36-600x322.png 600w, https:\/\/tpshk.com\/wp-content\/uploads\/2022\/08\/pic-36-300x161.png 300w, https:\/\/tpshk.com\/wp-content\/uploads\/2022\/08\/pic-36-768x412.png 768w\" sizes=\"auto, (max-width: 978px) 100vw, 978px\" \/>\t\t\t\t\t\t\t\t\t\t\t\t\t\t\t<\/div>\n\t\t\t\t<\/div>\n\t\t\t\t<div class=\"elementor-element elementor-element-723ec6c elementor-widget elementor-widget-heading\" data-id=\"723ec6c\" data-element_type=\"widget\" data-widget_type=\"heading.default\">\n\t\t\t\t<div class=\"elementor-widget-container\">\n\t\t\t<h5 class=\"elementor-heading-title elementor-size-default\">Nota:\u00a0<\/h5>\t\t<\/div>\n\t\t\t\t<\/div>\n\t\t\t\t<div class=\"elementor-element elementor-element-307a99a elementor-widget elementor-widget-text-editor\" data-id=\"307a99a\" data-element_type=\"widget\" data-widget_type=\"text-editor.default\">\n\t\t\t\t<div class=\"elementor-widget-container\">\n\t\t\t\t\t\t\t<p>La garant\u00eda no cubre las piezas de desgaste, las piezas de movimiento r\u00e1pido ni las aver\u00edas derivadas de un funcionamiento incorrecto, de un mantenimiento negligente o del incumplimiento de las instrucciones de uso y mantenimiento.\u00a0<\/p>\t\t\t\t\t\t<\/div>\n\t\t\t\t<\/div>\n\t\t\t\t<div class=\"elementor-element elementor-element-95661f8 elementor-hidden-desktop elementor-hidden-tablet elementor-hidden-mobile elementor-widget elementor-widget-text-editor\" data-id=\"95661f8\" data-element_type=\"widget\" data-widget_type=\"text-editor.default\">\n\t\t\t\t<div class=\"elementor-widget-container\">\n\t\t\t\t\t\t\t<p>Tide Power_Fabricante de grupos electr\u00f3genos diesel\/gas_Proveedor de soluciones profesionales de energ\u00eda el\u00e9ctrica<\/p>\t\t\t\t\t\t<\/div>\n\t\t\t\t<\/div>\n\t\t\t\t\t<\/div>\n\t\t<\/div>\n\t\t\t\t\t\t\t<\/div>\n\t\t<\/section>\n\t\t\t\t\t\t\t<\/div>","protected":false},"excerpt":{"rendered":"<p>\u0413\u0410\u0420\u0410\u041d\u0422\u0418\u042f \u041e\u041a\u0410\u0417\u0410\u041d\u0418\u0415 \u0423\u0421\u041b\u0423\u0413 \u0413\u0410\u0420\u0410\u041d\u0422\u0418\u042f \u0413\u0434\u0435 \u0431\u044b \u043d\u0438 \u043d\u0430\u0445\u043e\u0434\u0438\u043b\u0438\u0441\u044c \u0432\u0430\u0448\u0438 \u0433\u0435\u043d\u0435\u0440\u0430\u0442\u043e\u0440\u043d\u044b\u0435 \u0443\u0441\u0442\u0430\u043d\u043e\u0432\u043a\u0438, \u043d\u0430\u0448\u0438 \u0441\u0435\u0440\u0432\u0438\u0441\u043d\u044b\u0435 \u0430\u0433\u0435\u043d\u0442\u044b \u0438 \u0434\u0438\u0441\u0442\u0440\u0438\u0431\u044c\u044e\u0442\u043e\u0440\u044b \u043f\u043e \u0432\u0441\u0435\u043c\u0443 \u043c\u0438\u0440\u0443 \u0432\u0441\u0435\u0433\u0434\u0430 \u043c\u043e\u0433\u0443\u0442 \u043f\u0440\u0435\u0434\u043e\u0441\u0442\u0430\u0432\u0438\u0442\u044c \u0432\u0430\u043c \u0441\u0430\u043c\u044b\u0435 \u043e\u043f\u0435\u0440\u0430\u0442\u0438\u0432\u043d\u044b\u0435, \u043f\u0440\u043e\u0444\u0435\u0441\u0441\u0438\u043e\u043d\u0430\u043b\u044c\u043d\u044b\u0435, \u0442\u0435\u0445\u043d\u0438\u0447\u0435\u0441\u043a\u0438\u0435 \u043a\u043e\u043d\u0441\u0443\u043b\u044c\u0442\u0430\u0446\u0438\u0438 \u0438 \u0443\u0441\u043b\u0443\u0433\u0438. \u041f\u0440\u0430\u0432\u0438\u043b\u044c\u043d\u0430\u044f \u044d\u043a\u0441\u043f\u043b\u0443\u0430\u0442\u0430\u0446\u0438\u044f \u0432 \u0441\u043e\u043e\u0442\u0432\u0435\u0442\u0441\u0442\u0432\u0438\u0438 \u0441 \u0440\u0443\u043a\u043e\u0432\u043e\u0434\u0441\u0442\u0432\u043e\u043c \u043f\u043e \u044d\u043a\u0441\u043f\u043b\u0443\u0430\u0442\u0430\u0446\u0438\u0438, \u043e\u043f\u0435\u0440\u0430\u0442\u043e\u0440\u044b \u0442\u0430\u043a\u0436\u0435 \u0434\u043e\u043b\u0436\u043d\u044b \u043f\u0440\u043e\u0432\u043e\u0434\u0438\u0442\u044c \u0440\u0435\u0433\u0443\u043b\u044f\u0440\u043d\u044b\u0439 \u043e\u0441\u043c\u043e\u0442\u0440, \u0440\u0435\u0433\u0443\u043b\u0438\u0440\u043e\u0432\u043a\u0443 \u0438 \u043e\u0447\u0438\u0441\u0442\u043a\u0443 \u0432\u0441\u0435\u0445 \u0434\u0435\u0442\u0430\u043b\u0435\u0439 \u0434\u043b\u044f \u043e\u0431\u0435\u0441\u043f\u0435\u0447\u0435\u043d\u0438\u044f \u0431\u0435\u0441\u043f\u0435\u0440\u0435\u0431\u043e\u0439\u043d\u043e\u0439 \u0440\u0430\u0431\u043e\u0442\u044b \u0438 \u043f\u043e\u0434\u0434\u0435\u0440\u0436\u0430\u043d\u0438\u044f [&hellip;]<\/p>","protected":false},"author":1,"featured_media":0,"parent":2256,"menu_order":0,"comment_status":"closed","ping_status":"closed","template":"elementor_header_footer","meta":{"footnotes":""},"class_list":["post-783","page","type-page","status-publish","hentry"],"blocksy_meta":{"styles_descriptor":{"styles":{"desktop":"","tablet":"","mobile":""},"google_fonts":[],"version":6}},"acf":[],"_links":{"self":[{"href":"https:\/\/tpshk.com\/es\/wp-json\/wp\/v2\/pages\/783","targetHints":{"allow":["GET"]}}],"collection":[{"href":"https:\/\/tpshk.com\/es\/wp-json\/wp\/v2\/pages"}],"about":[{"href":"https:\/\/tpshk.com\/es\/wp-json\/wp\/v2\/types\/page"}],"author":[{"embeddable":true,"href":"https:\/\/tpshk.com\/es\/wp-json\/wp\/v2\/users\/1"}],"replies":[{"embeddable":true,"href":"https:\/\/tpshk.com\/es\/wp-json\/wp\/v2\/comments?post=783"}],"version-history":[{"count":0,"href":"https:\/\/tpshk.com\/es\/wp-json\/wp\/v2\/pages\/783\/revisions"}],"up":[{"embeddable":true,"href":"https:\/\/tpshk.com\/es\/wp-json\/wp\/v2\/pages\/2256"}],"wp:attachment":[{"href":"https:\/\/tpshk.com\/es\/wp-json\/wp\/v2\/media?parent=783"}],"curies":[{"name":"wp","href":"https:\/\/api.w.org\/{rel}","templated":true}]}}