{"id":755,"date":"2022-07-05T16:44:53","date_gmt":"2022-07-05T08:44:53","guid":{"rendered":"http:\/\/82.157.161.82\/?page_id=755"},"modified":"2022-11-08T23:38:06","modified_gmt":"2022-11-08T15:38:06","slug":"%d0%b7%d0%b0%d0%bf%d0%b0%d1%81%d0%bd%d1%8b%d0%b5-%d1%87%d0%b0%d1%81%d1%82%d0%b8","status":"publish","type":"page","link":"https:\/\/tpshk.com\/es\/%d0%be%d0%ba%d0%b0%d0%b7%d0%b0%d0%bd%d0%b8%d0%b5-%d1%83%d1%81%d0%bb%d1%83%d0%b3\/%d0%b7%d0%b0%d0%bf%d0%b0%d1%81%d0%bd%d1%8b%d0%b5-%d1%87%d0%b0%d1%81%d1%82%d0%b8","title":{"rendered":"PARTES"},"content":{"rendered":"<div data-elementor-type=\"wp-page\" data-elementor-id=\"755\" class=\"elementor elementor-755\">\n\t\t\t\t\t\t\t\t\t<section class=\"elementor-section elementor-top-section elementor-element elementor-element-404d658 elementor-section-full_width elementor-section-height-default elementor-section-height-default\" data-id=\"404d658\" data-element_type=\"section\">\n\t\t\t\t\t\t\t<div class=\"elementor-background-overlay\"><\/div>\n\t\t\t\t\t\t\t<div class=\"elementor-container elementor-column-gap-default\">\n\t\t\t\t\t<div class=\"elementor-column elementor-col-100 elementor-top-column elementor-element elementor-element-21a3995\" data-id=\"21a3995\" data-element_type=\"column\">\n\t\t\t<div class=\"elementor-widget-wrap elementor-element-populated\">\n\t\t\t\t\t\t\t\t<div class=\"elementor-element elementor-element-64889de elementor-widget elementor-widget-heading\" data-id=\"64889de\" data-element_type=\"widget\" data-widget_type=\"heading.default\">\n\t\t\t\t<div class=\"elementor-widget-container\">\n\t\t\t<style>\/*! elementor - v3.10.0 - 09-01-2023 *\/\n.elementor-heading-title{padding:0;margin:0;line-height:1}.elementor-widget-heading .elementor-heading-title[class*=elementor-size-]>a{color:inherit;font-size:inherit;line-height:inherit}.elementor-widget-heading .elementor-heading-title.elementor-size-small{font-size:15px}.elementor-widget-heading .elementor-heading-title.elementor-size-medium{font-size:19px}.elementor-widget-heading .elementor-heading-title.elementor-size-large{font-size:29px}.elementor-widget-heading .elementor-heading-title.elementor-size-xl{font-size:39px}.elementor-widget-heading .elementor-heading-title.elementor-size-xxl{font-size:59px}<\/style><h1 class=\"elementor-heading-title elementor-size-default\">PARTES<\/h1>\t\t<\/div>\n\t\t\t\t<\/div>\n\t\t\t\t\t<\/div>\n\t\t<\/div>\n\t\t\t\t\t\t\t<\/div>\n\t\t<\/section>\n\t\t\t\t<section class=\"elementor-section elementor-top-section elementor-element elementor-element-9f57ebd elementor-section-boxed elementor-section-height-default elementor-section-height-default\" data-id=\"9f57ebd\" data-element_type=\"section\" data-settings=\"{&quot;background_background&quot;:&quot;classic&quot;}\">\n\t\t\t\t\t\t\t<div class=\"elementor-background-overlay\"><\/div>\n\t\t\t\t\t\t\t<div class=\"elementor-container elementor-column-gap-no\">\n\t\t\t\t\t<div class=\"elementor-column elementor-col-50 elementor-top-column elementor-element elementor-element-3f5c1d8\" data-id=\"3f5c1d8\" data-element_type=\"column\">\n\t\t\t<div class=\"elementor-widget-wrap elementor-element-populated\">\n\t\t\t\t\t\t\t\t<section class=\"elementor-section elementor-inner-section elementor-element elementor-element-a9de491 elementor-section-boxed elementor-section-height-default elementor-section-height-default\" data-id=\"a9de491\" data-element_type=\"section\">\n\t\t\t\t\t\t<div class=\"elementor-container elementor-column-gap-default\">\n\t\t\t\t\t<div class=\"elementor-column elementor-col-100 elementor-inner-column elementor-element elementor-element-6e4e7c1\" data-id=\"6e4e7c1\" data-element_type=\"column\">\n\t\t\t<div class=\"elementor-widget-wrap elementor-element-populated\">\n\t\t\t\t\t\t\t\t<div class=\"elementor-element elementor-element-707f1a9 elementor-widget elementor-widget-heading\" data-id=\"707f1a9\" data-element_type=\"widget\" data-widget_type=\"heading.default\">\n\t\t\t\t<div class=\"elementor-widget-container\">\n\t\t\t<h2 class=\"elementor-heading-title elementor-size-default\">MANTENIMIENTO DEL SERVICIO<\/h2>\t\t<\/div>\n\t\t\t\t<\/div>\n\t\t\t\t<div class=\"elementor-element elementor-element-5333a5c elementor-nav-menu__text-align-center elementor-widget elementor-widget-nav-menu\" data-id=\"5333a5c\" data-element_type=\"widget\" data-settings=\"{&quot;layout&quot;:&quot;dropdown&quot;,&quot;submenu_icon&quot;:{&quot;value&quot;:&quot;&lt;i class=\\&quot;fas fa-caret-down\\&quot;&gt;&lt;\\\/i&gt;&quot;,&quot;library&quot;:&quot;fa-solid&quot;}}\" data-widget_type=\"nav-menu.default\">\n\t\t\t\t<div class=\"elementor-widget-container\">\n\t\t\t<link rel=\"stylesheet\" href=\"https:\/\/tpshk.com\/wp-content\/plugins\/elementor-pro\/assets\/css\/widget-nav-menu.min.css\">\t\t\t<nav class=\"elementor-nav-menu--dropdown elementor-nav-menu__container\" aria-hidden=\"true\">\n\t\t\t\t<ul id=\"menu-2-5333a5c\" class=\"elementor-nav-menu\"><li class=\"menu-item menu-item-type-post_type menu-item-object-page menu-item-2259\"><a href=\"https:\/\/tpshk.com\/es\/%d0%be%d0%ba%d0%b0%d0%b7%d0%b0%d0%bd%d0%b8%d0%b5-%d1%83%d1%81%d0%bb%d1%83%d0%b3\/%d0%b7%d0%b0%d0%bf%d0%b0%d1%81%d0%bd%d1%8b%d0%b5-%d1%87%d0%b0%d1%81%d1%82%d0%b8\" class=\"elementor-item\" tabindex=\"-1\">PARTES<\/a><\/li>\n<li class=\"menu-item menu-item-type-post_type menu-item-object-page menu-item-2260\"><a href=\"https:\/\/tpshk.com\/es\/%d0%be%d0%ba%d0%b0%d0%b7%d0%b0%d0%bd%d0%b8%d0%b5-%d1%83%d1%81%d0%bb%d1%83%d0%b3\/%d0%b3%d0%b0%d1%80%d0%b0%d0%bd%d1%82%d0%b8%d1%8f\" class=\"elementor-item\" tabindex=\"-1\">GARANT\u00cdA<\/a><\/li>\n<li class=\"menu-item menu-item-type-post_type menu-item-object-page menu-item-2262\"><a href=\"https:\/\/tpshk.com\/es\/%d0%be%d0%ba%d0%b0%d0%b7%d0%b0%d0%bd%d0%b8%d0%b5-%d1%83%d1%81%d0%bb%d1%83%d0%b3\/%d0%bf%d0%be%d0%b4%d0%b3%d0%be%d1%82%d0%be%d0%b2%d0%ba%d0%b0\" class=\"elementor-item\" tabindex=\"-1\">FORMACI\u00d3N<\/a><\/li>\n<li class=\"menu-item menu-item-type-post_type menu-item-object-page menu-item-2261\"><a href=\"https:\/\/tpshk.com\/es\/%d0%be%d0%ba%d0%b0%d0%b7%d0%b0%d0%bd%d0%b8%d0%b5-%d1%83%d1%81%d0%bb%d1%83%d0%b3\/%d0%be%d1%82%d0%b2%d0%b5%d1%82-%d0%bd%d0%b0-%d0%b2%d0%be%d0%bf%d1%80%d0%be%d1%81\" class=\"elementor-item\" tabindex=\"-1\">RESPUESTA A LA PREGUNTA<\/a><\/li>\n<li class=\"menu-item menu-item-type-post_type menu-item-object-page menu-item-2263\"><a href=\"https:\/\/tpshk.com\/es\/%d0%be%d0%ba%d0%b0%d0%b7%d0%b0%d0%bd%d0%b8%d0%b5-%d1%83%d1%81%d0%bb%d1%83%d0%b3\/%d1%81%d0%ba%d0%b0%d1%87%d0%b0%d1%82%d1%8c\" class=\"elementor-item\" tabindex=\"-1\">DESCARGAR<\/a><\/li>\n<\/ul>\t\t\t<\/nav>\n\t\t\t\t<\/div>\n\t\t\t\t<\/div>\n\t\t\t\t\t<\/div>\n\t\t<\/div>\n\t\t\t\t\t\t\t<\/div>\n\t\t<\/section>\n\t\t\t\t\t<\/div>\n\t\t<\/div>\n\t\t\t\t<div class=\"elementor-column elementor-col-50 elementor-top-column elementor-element elementor-element-7e9273b\" data-id=\"7e9273b\" data-element_type=\"column\">\n\t\t\t<div class=\"elementor-widget-wrap elementor-element-populated\">\n\t\t\t\t\t\t\t\t<div class=\"elementor-element elementor-element-495be3c elementor-widget elementor-widget-heading\" data-id=\"495be3c\" data-element_type=\"widget\" data-widget_type=\"heading.default\">\n\t\t\t\t<div class=\"elementor-widget-container\">\n\t\t\t<h2 class=\"elementor-heading-title elementor-size-default\">PARTES<\/h2>\t\t<\/div>\n\t\t\t\t<\/div>\n\t\t\t\t<div class=\"elementor-element elementor-element-efdb595 elementor-widget elementor-widget-text-editor\" data-id=\"efdb595\" data-element_type=\"widget\" data-widget_type=\"text-editor.default\">\n\t\t\t\t<div class=\"elementor-widget-container\">\n\t\t\t<style>\/*! elementor - v3.10.0 - 09-01-2023 *\/\n.elementor-widget-text-editor.elementor-drop-cap-view-stacked .elementor-drop-cap{background-color:#818a91;color:#fff}.elementor-widget-text-editor.elementor-drop-cap-view-framed .elementor-drop-cap{color:#818a91;border:3px solid;background-color:transparent}.elementor-widget-text-editor:not(.elementor-drop-cap-view-default) .elementor-drop-cap{margin-top:8px}.elementor-widget-text-editor:not(.elementor-drop-cap-view-default) .elementor-drop-cap-letter{width:1em;height:1em}.elementor-widget-text-editor .elementor-drop-cap{float:left;text-align:center;line-height:1;font-size:50px}.elementor-widget-text-editor .elementor-drop-cap-letter{display:inline-block}<\/style>\t\t\t\t<p>El soporte posventa de Tide incluye piezas de repuesto de calidad y f\u00e1cilmente disponibles para una amplia gama de productos industriales, ofreciendo las soluciones de piezas de mayor calidad del sector. Nuestro amplio stock de piezas de repuesto garantiza que nuestros t\u00e9cnicos de servicio dispongan de piezas cuando las necesiten para el mantenimiento, la reparaci\u00f3n o la revisi\u00f3n, la puesta a punto y el reacondicionamiento de los equipos. Ofrecemos una gama completa de asistencia al cliente para todos los productos y equipos que apoyamos y fabricamos.\u00a0<br \/><br \/><\/p>\t\t\t\t\t\t<\/div>\n\t\t\t\t<\/div>\n\t\t\t\t<div class=\"elementor-element elementor-element-2678960 elementor-widget elementor-widget-image\" data-id=\"2678960\" data-element_type=\"widget\" data-widget_type=\"image.default\">\n\t\t\t\t<div class=\"elementor-widget-container\">\n\t\t\t<style>\/*! elementor - v3.10.0 - 09-01-2023 *\/\n.elementor-widget-image{text-align:center}.elementor-widget-image a{display:inline-block}.elementor-widget-image a img[src$=\".svg\"]{width:48px}.elementor-widget-image img{vertical-align:middle;display:inline-block}<\/style>\t\t\t\t\t\t\t\t\t\t\t\t<img loading=\"lazy\" decoding=\"async\" width=\"857\" height=\"222\" src=\"https:\/\/tpshk.com\/wp-content\/uploads\/2022\/08\/pic-34.png\" class=\"attachment-large size-large wp-image-2071\" alt=\"\" srcset=\"https:\/\/tpshk.com\/wp-content\/uploads\/2022\/08\/pic-34.png 857w, https:\/\/tpshk.com\/wp-content\/uploads\/2022\/08\/pic-34-600x155.png 600w, https:\/\/tpshk.com\/wp-content\/uploads\/2022\/08\/pic-34-300x78.png 300w, https:\/\/tpshk.com\/wp-content\/uploads\/2022\/08\/pic-34-768x199.png 768w\" sizes=\"auto, (max-width: 857px) 100vw, 857px\" \/>\t\t\t\t\t\t\t\t\t\t\t\t\t\t\t<\/div>\n\t\t\t\t<\/div>\n\t\t\t\t<div class=\"elementor-element elementor-element-35a3851 elementor-widget elementor-widget-heading\" data-id=\"35a3851\" data-element_type=\"widget\" data-widget_type=\"heading.default\">\n\t\t\t\t<div class=\"elementor-widget-container\">\n\t\t\t<h4 class=\"elementor-heading-title elementor-size-default\">Las funciones de nuestro componente incluyen:<\/h4>\t\t<\/div>\n\t\t\t\t<\/div>\n\t\t\t\t<div class=\"elementor-element elementor-element-5ae594b elementor-widget elementor-widget-text-editor\" data-id=\"5ae594b\" data-element_type=\"widget\" data-widget_type=\"text-editor.default\">\n\t\t\t\t<div class=\"elementor-widget-container\">\n\t\t\t\t\t\t\t<p>Nuestras capacidades de fabricaci\u00f3n de piezas incluyen:\u00a0<br \/>1. Buscar recambios para las piezas da\u00f1adas;<br \/>2. Lista de recomendaciones de piezas de repuesto profesionales para el mantenimiento;<br \/>3. entrega r\u00e1pida para las piezas que cambian r\u00e1pidamente;<br \/>4. Asesoramiento t\u00e9cnico gratuito sobre todas las piezas de recambio.\u00a0<br \/>\u0412\u0441\u0435 \u0437\u0430\u043f\u0430\u0441\u043d\u044b\u0435 \u0447\u0430\u0441\u0442\u0438, \u043f\u043e\u0441\u0442\u0430\u0432\u043b\u044f\u0435\u043c\u044b\u0435 Tide Power, \u044f\u0432\u043b\u044f\u044e\u0442\u0441\u044f \u043f\u043e\u0434\u043b\u0438\u043d\u043d\u044b\u043c\u0438, \u043d\u0435\u0437\u0430\u0432\u0438\u0441\u0438\u043c\u043e \u043e\u0442 \u0442\u043e\u0433\u043e, \u043e\u0442 \u0434\u0438\u0437\u0435\u043b\u044c\u043d\u044b\u0445 \u0434\u0432\u0438\u0433\u0430\u0442\u0435\u043b\u0435\u0439 \u0434\u043e \u0444\u0438\u043b\u044c\u0442\u0440\u043e\u0432, \u043f\u0430\u043d\u0435\u043b\u0435\u0439 \u0443\u043f\u0440\u0430\u0432\u043b\u0435\u043d\u0438\u044f \u0438 \u044d\u043b\u0435\u043a\u0442\u0440\u0438\u0447\u0435\u0441\u043a\u0438\u0445 \u043a\u043e\u043c\u043f\u043e\u043d\u0435\u043d\u0442\u043e\u0432. \u041d\u0430\u0441\u0442\u0430\u0438\u0432\u0430\u0442\u044c \u043d\u0430 \u043e\u0440\u0438\u0433\u0438\u043d\u0430\u043b\u044c\u043d\u044b\u0445 \u0437\u0430\u043f\u0447\u0430\u0441\u0442\u044f\u0445 &#8211; \u043b\u0443\u0447\u0448\u0438\u0439 \u0441\u043f\u043e\u0441\u043e\u0431 \u043e\u0431\u0435\u0441\u043f\u0435\u0447\u0438\u0442\u044c \u0434\u043e\u043b\u0433\u0438\u0439 \u0441\u0440\u043e\u043a \u0441\u043b\u0443\u0436\u0431\u044b \u0432\u0430\u0448\u0435\u0433\u043e \u044d\u043d\u0435\u0440\u0433\u0435\u0442\u0438\u0447\u0435\u0441\u043a\u043e\u0433\u043e \u043e\u0431\u043e\u0440\u0443\u0434\u043e\u0432\u0430\u043d\u0438\u044f, \u043f\u043e\u0436\u0430\u043b\u0443\u0439\u0441\u0442\u0430, \u0441\u0432\u044f\u0436\u0438\u0442\u0435\u0441\u044c \u0441 Alanta Power \u0434\u043b\u044f \u043f\u043e\u043b\u0443\u0447\u0435\u043d\u0438\u044f \u043d\u0435\u043e\u0431\u0445\u043e\u0434\u0438\u043c\u044b\u0445 \u0432\u0430\u043c \u0437\u0430\u043f\u0447\u0430\u0441\u0442\u0435\u0439&#8230;.\u00a0<\/p>\t\t\t\t\t\t<\/div>\n\t\t\t\t<\/div>\n\t\t\t\t<div class=\"elementor-element elementor-element-41c5445 elementor-widget elementor-widget-text-editor\" data-id=\"41c5445\" data-element_type=\"widget\" data-widget_type=\"text-editor.default\">\n\t\t\t\t<div class=\"elementor-widget-container\">\n\t\t\t\t\t\t\t<p>Si tiene alguna pregunta sobre nuestros recambios, puede ponerse en contacto con nosotros a trav\u00e9s del siguiente correo electr\u00f3nico:<\/p>\t\t\t\t\t\t<\/div>\n\t\t\t\t<\/div>\n\t\t\t\t<section class=\"elementor-section elementor-inner-section elementor-element elementor-element-9ed04ed elementor-section-boxed elementor-section-height-default elementor-section-height-default\" data-id=\"9ed04ed\" data-element_type=\"section\">\n\t\t\t\t\t\t<div class=\"elementor-container elementor-column-gap-default\">\n\t\t\t\t\t<div class=\"elementor-column elementor-col-50 elementor-inner-column elementor-element elementor-element-46dc17a\" data-id=\"46dc17a\" data-element_type=\"column\">\n\t\t\t<div class=\"elementor-widget-wrap elementor-element-populated\">\n\t\t\t\t\t\t\t\t<div class=\"elementor-element elementor-element-57466c4 elementor-widget elementor-widget-heading\" data-id=\"57466c4\" data-element_type=\"widget\" data-widget_type=\"heading.default\">\n\t\t\t\t<div class=\"elementor-widget-container\">\n\t\t\t<h4 class=\"elementor-heading-title elementor-size-default\">parts@tpshk.com<\/h4>\t\t<\/div>\n\t\t\t\t<\/div>\n\t\t\t\t\t<\/div>\n\t\t<\/div>\n\t\t\t\t<div class=\"elementor-column elementor-col-50 elementor-inner-column elementor-element elementor-element-d9cee80\" data-id=\"d9cee80\" data-element_type=\"column\">\n\t\t\t<div class=\"elementor-widget-wrap elementor-element-populated\">\n\t\t\t\t\t\t\t\t<div class=\"elementor-element elementor-element-d31696b elementor-widget elementor-widget-heading\" data-id=\"d31696b\" data-element_type=\"widget\" data-widget_type=\"heading.default\">\n\t\t\t\t<div class=\"elementor-widget-container\">\n\t\t\t<h4 class=\"elementor-heading-title elementor-size-default\">    sales@tpshk.com<\/h4>\t\t<\/div>\n\t\t\t\t<\/div>\n\t\t\t\t\t<\/div>\n\t\t<\/div>\n\t\t\t\t\t\t\t<\/div>\n\t\t<\/section>\n\t\t\t\t\t<\/div>\n\t\t<\/div>\n\t\t\t\t\t\t\t<\/div>\n\t\t<\/section>\n\t\t\t\t\t\t\t<\/div>","protected":false},"excerpt":{"rendered":"<p>\u0417\u0410\u041f\u0410\u0421\u041d\u042b\u0415 \u0427\u0410\u0421\u0422\u0418 \u041e\u041a\u0410\u0417\u0410\u041d\u0418\u0415 \u0423\u0421\u041b\u0423\u0413 \u0417\u0410\u041f\u0410\u0421\u041d\u042b\u0415 \u0427\u0410\u0421\u0422\u0418 \u041f\u043e\u0441\u043b\u0435\u043f\u0440\u043e\u0434\u0430\u0436\u043d\u0430\u044f \u043f\u043e\u0434\u0434\u0435\u0440\u0436\u043a\u0430 Tide \u0432\u043a\u043b\u044e\u0447\u0430\u0435\u0442 \u0432 \u0441\u0435\u0431\u044f \u043b\u0435\u0433\u043a\u043e\u0434\u043e\u0441\u0442\u0443\u043f\u043d\u044b\u0435, \u043a\u0430\u0447\u0435\u0441\u0442\u0432\u0435\u043d\u043d\u044b\u0435 \u0437\u0430\u043f\u0430\u0441\u043d\u044b\u0435 \u0447\u0430\u0441\u0442\u0438 \u0434\u043b\u044f \u0448\u0438\u0440\u043e\u043a\u043e\u0433\u043e \u0441\u043f\u0435\u043a\u0442\u0440\u0430 \u043f\u0440\u043e\u043c\u044b\u0448\u043b\u0435\u043d\u043d\u043e\u0439 \u043f\u0440\u043e\u0434\u0443\u043a\u0446\u0438\u0438, \u043f\u0440\u0435\u0434\u043b\u0430\u0433\u0430\u044f \u0441\u0430\u043c\u044b\u0435 \u043a\u0430\u0447\u0435\u0441\u0442\u0432\u0435\u043d\u043d\u044b\u0435 \u0440\u0435\u0448\u0435\u043d\u0438\u044f \u043f\u043e \u0437\u0430\u043f\u0447\u0430\u0441\u0442\u044f\u043c \u0432 \u043e\u0442\u0440\u0430\u0441\u043b\u0438. \u041d\u0430\u0448 \u043e\u0431\u0448\u0438\u0440\u043d\u044b\u0439 \u0441\u043a\u043b\u0430\u0434 \u0437\u0430\u043f\u0447\u0430\u0441\u0442\u0435\u0439 \u043e\u0431\u0435\u0441\u043f\u0435\u0447\u0438\u0432\u0430\u0435\u0442 \u043d\u0430\u043b\u0438\u0447\u0438\u0435 \u0434\u0435\u0442\u0430\u043b\u0435\u0439 \u0443 \u043d\u0430\u0448\u0438\u0445 \u0441\u0435\u0440\u0432\u0438\u0441\u043d\u044b\u0445 \u0441\u043f\u0435\u0446\u0438\u0430\u043b\u0438\u0441\u0442\u043e\u0432, \u043a\u043e\u0433\u0434\u0430 \u044d\u0442\u043e \u043d\u0435\u043e\u0431\u0445\u043e\u0434\u0438\u043c\u043e \u0434\u043b\u044f \u043f\u0440\u043e\u0432\u0435\u0434\u0435\u043d\u0438\u044f \u0442\u0435\u0445\u043d\u0438\u0447\u0435\u0441\u043a\u043e\u0433\u043e \u043e\u0431\u0441\u043b\u0443\u0436\u0438\u0432\u0430\u043d\u0438\u044f, \u0440\u0435\u043c\u043e\u043d\u0442\u0430 \u0438\u043b\u0438 \u043c\u043e\u0434\u0435\u0440\u043d\u0438\u0437\u0430\u0446\u0438\u0438, \u043a\u0430\u043f\u0438\u0442\u0430\u043b\u044c\u043d\u043e\u0433\u043e \u0440\u0435\u043c\u043e\u043d\u0442\u0430 \u0438 \u0432\u043e\u0441\u0441\u0442\u0430\u043d\u043e\u0432\u043b\u0435\u043d\u0438\u044f \u043e\u0431\u043e\u0440\u0443\u0434\u043e\u0432\u0430\u043d\u0438\u044f. [&hellip;]<\/p>","protected":false},"author":1,"featured_media":0,"parent":2256,"menu_order":0,"comment_status":"closed","ping_status":"closed","template":"elementor_header_footer","meta":{"footnotes":""},"class_list":["post-755","page","type-page","status-publish","hentry"],"blocksy_meta":{"styles_descriptor":{"styles":{"desktop":"","tablet":"","mobile":""},"google_fonts":[],"version":6}},"acf":[],"_links":{"self":[{"href":"https:\/\/tpshk.com\/es\/wp-json\/wp\/v2\/pages\/755","targetHints":{"allow":["GET"]}}],"collection":[{"href":"https:\/\/tpshk.com\/es\/wp-json\/wp\/v2\/pages"}],"about":[{"href":"https:\/\/tpshk.com\/es\/wp-json\/wp\/v2\/types\/page"}],"author":[{"embeddable":true,"href":"https:\/\/tpshk.com\/es\/wp-json\/wp\/v2\/users\/1"}],"replies":[{"embeddable":true,"href":"https:\/\/tpshk.com\/es\/wp-json\/wp\/v2\/comments?post=755"}],"version-history":[{"count":0,"href":"https:\/\/tpshk.com\/es\/wp-json\/wp\/v2\/pages\/755\/revisions"}],"up":[{"embeddable":true,"href":"https:\/\/tpshk.com\/es\/wp-json\/wp\/v2\/pages\/2256"}],"wp:attachment":[{"href":"https:\/\/tpshk.com\/es\/wp-json\/wp\/v2\/media?parent=755"}],"curies":[{"name":"wp","href":"https:\/\/api.w.org\/{rel}","templated":true}]}}