{"id":330,"date":"2022-07-04T11:15:41","date_gmt":"2022-07-04T03:15:41","guid":{"rendered":"http:\/\/82.157.161.82\/?page_id=330"},"modified":"2022-11-07T13:34:13","modified_gmt":"2022-11-07T05:34:13","slug":"%d0%ba%d0%be%d0%bd%d1%84%d0%b8%d0%b4%d0%b5%d0%bd%d1%86%d0%b8%d0%b0%d0%bb%d1%8c%d0%bd%d0%b0%d1%8f-%d0%bf%d0%be%d0%bb%d0%b8%d1%82%d0%b8%d0%ba%d0%b0","status":"publish","type":"page","link":"https:\/\/tpshk.com\/es\/%d0%ba%d0%be%d0%bd%d1%84%d0%b8%d0%b4%d0%b5%d0%bd%d1%86%d0%b8%d0%b0%d0%bb%d1%8c%d0%bd%d0%b0%d1%8f-%d0%bf%d0%be%d0%bb%d0%b8%d1%82%d0%b8%d0%ba%d0%b0","title":{"rendered":"POL\u00cdTICA DE CONFIDENCIALIDAD"},"content":{"rendered":"<div data-elementor-type=\"wp-page\" data-elementor-id=\"330\" class=\"elementor elementor-330\">\n\t\t\t\t\t\t\t\t\t<section class=\"elementor-section elementor-top-section elementor-element elementor-element-b927d16 elementor-section-full_width elementor-section-height-default elementor-section-height-default\" data-id=\"b927d16\" data-element_type=\"section\">\n\t\t\t\t\t\t\t<div class=\"elementor-background-overlay\"><\/div>\n\t\t\t\t\t\t\t<div class=\"elementor-container elementor-column-gap-default\">\n\t\t\t\t\t<div class=\"elementor-column elementor-col-100 elementor-top-column elementor-element elementor-element-0130a4d\" data-id=\"0130a4d\" data-element_type=\"column\">\n\t\t\t<div class=\"elementor-widget-wrap elementor-element-populated\">\n\t\t\t\t\t\t\t\t<div class=\"elementor-element elementor-element-84a80e6 elementor-widget elementor-widget-heading\" data-id=\"84a80e6\" data-element_type=\"widget\" data-widget_type=\"heading.default\">\n\t\t\t\t<div class=\"elementor-widget-container\">\n\t\t\t<style>\/*! elementor - v3.10.0 - 09-01-2023 *\/\n.elementor-heading-title{padding:0;margin:0;line-height:1}.elementor-widget-heading .elementor-heading-title[class*=elementor-size-]>a{color:inherit;font-size:inherit;line-height:inherit}.elementor-widget-heading .elementor-heading-title.elementor-size-small{font-size:15px}.elementor-widget-heading .elementor-heading-title.elementor-size-medium{font-size:19px}.elementor-widget-heading .elementor-heading-title.elementor-size-large{font-size:29px}.elementor-widget-heading .elementor-heading-title.elementor-size-xl{font-size:39px}.elementor-widget-heading .elementor-heading-title.elementor-size-xxl{font-size:59px}<\/style><h1 class=\"elementor-heading-title elementor-size-default\">POL\u00cdTICA DE CONFIDENCIALIDAD<\/h1>\t\t<\/div>\n\t\t\t\t<\/div>\n\t\t\t\t\t<\/div>\n\t\t<\/div>\n\t\t\t\t\t\t\t<\/div>\n\t\t<\/section>\n\t\t\t\t<section class=\"elementor-section elementor-top-section elementor-element elementor-element-9a12233 elementor-section-boxed elementor-section-height-default elementor-section-height-default\" data-id=\"9a12233\" data-element_type=\"section\">\n\t\t\t\t\t\t<div class=\"elementor-container elementor-column-gap-default\">\n\t\t\t\t\t<div class=\"elementor-column elementor-col-100 elementor-top-column elementor-element elementor-element-8cde0e8\" data-id=\"8cde0e8\" data-element_type=\"column\">\n\t\t\t<div class=\"elementor-widget-wrap elementor-element-populated\">\n\t\t\t\t\t\t\t\t<section class=\"elementor-section elementor-inner-section elementor-element elementor-element-2506f8e elementor-section-boxed elementor-section-height-default elementor-section-height-default\" data-id=\"2506f8e\" data-element_type=\"section\">\n\t\t\t\t\t\t<div class=\"elementor-container elementor-column-gap-default\">\n\t\t\t\t\t<div class=\"elementor-column elementor-col-50 elementor-inner-column elementor-element elementor-element-e76596a\" data-id=\"e76596a\" data-element_type=\"column\">\n\t\t\t<div class=\"elementor-widget-wrap elementor-element-populated\">\n\t\t\t\t\t\t\t\t<div class=\"elementor-element elementor-element-f5458d0 elementor-widget elementor-widget-heading\" data-id=\"f5458d0\" data-element_type=\"widget\" data-widget_type=\"heading.default\">\n\t\t\t\t<div class=\"elementor-widget-container\">\n\t\t\t<h1 class=\"elementor-heading-title elementor-size-default\">privado \n<\/h1>\t\t<\/div>\n\t\t\t\t<\/div>\n\t\t\t\t<div class=\"elementor-element elementor-element-90ac16d elementor-widget elementor-widget-heading\" data-id=\"90ac16d\" data-element_type=\"widget\" data-widget_type=\"heading.default\">\n\t\t\t\t<div class=\"elementor-widget-container\">\n\t\t\t<h1 class=\"elementor-heading-title elementor-size-default\">p\u00f3liza de seguro<\/h1>\t\t<\/div>\n\t\t\t\t<\/div>\n\t\t\t\t<div class=\"elementor-element elementor-element-8982a05 elementor-widget elementor-widget-text-editor\" data-id=\"8982a05\" data-element_type=\"widget\" data-widget_type=\"text-editor.default\">\n\t\t\t\t<div class=\"elementor-widget-container\">\n\t\t\t<style>\/*! elementor - v3.10.0 - 09-01-2023 *\/\n.elementor-widget-text-editor.elementor-drop-cap-view-stacked .elementor-drop-cap{background-color:#818a91;color:#fff}.elementor-widget-text-editor.elementor-drop-cap-view-framed .elementor-drop-cap{color:#818a91;border:3px solid;background-color:transparent}.elementor-widget-text-editor:not(.elementor-drop-cap-view-default) .elementor-drop-cap{margin-top:8px}.elementor-widget-text-editor:not(.elementor-drop-cap-view-default) .elementor-drop-cap-letter{width:1em;height:1em}.elementor-widget-text-editor .elementor-drop-cap{float:left;text-align:center;line-height:1;font-size:50px}.elementor-widget-text-editor .elementor-drop-cap-letter{display:inline-block}<\/style>\t\t\t\t<p>Esta pol\u00edtica de privacidad describe c\u00f3mo utilizamos flps para procesar su informaci\u00f3n personal: J \/ www.tidepower. Reino Unido (Sit &amp;) Usted acepta almacenar, procesar, transferir y divulgar su informaci\u00f3n personal de acuerdo con los t\u00e9rminos de esta pol\u00edtica de privacidad.<\/p>\t\t\t\t\t\t<\/div>\n\t\t\t\t<\/div>\n\t\t\t\t<div class=\"elementor-element elementor-element-55adb63 elementor-widget elementor-widget-heading\" data-id=\"55adb63\" data-element_type=\"widget\" data-widget_type=\"heading.default\">\n\t\t\t\t<div class=\"elementor-widget-container\">\n\t\t\t<h2 class=\"elementor-heading-title elementor-size-default\">utilizando<\/h2>\t\t<\/div>\n\t\t\t\t<\/div>\n\t\t\t\t<div class=\"elementor-element elementor-element-2e9d0bf elementor-widget elementor-widget-text-editor\" data-id=\"2e9d0bf\" data-element_type=\"widget\" data-widget_type=\"text-editor.default\">\n\t\t\t\t<div class=\"elementor-widget-container\">\n\t\t\t\t\t\t\t<p>\u041c\u044b \u0438\u0441\u043f\u043e\u043b\u044c\u0437\u0443\u0435\u043c \u0432\u0430\u0448\u0443 \u043f\u0435\u0440\u0441\u043e\u043d\u0430\u043b\u044c\u043d\u0443\u044e \u0438\u043d\u0444\u043e\u0440\u043c\u0430\u0446\u0438\u044e \u0434\u043b\u044f \u0442\u043e\u0433\u043e, \u0447\u0442\u043e\u0431\u044b \u043f\u0440\u0435\u0434\u043e\u0441\u0442\u0430\u0432\u0438\u0442\u044c \u0432\u0430\u043c \u043d\u0435\u043e\u0431\u0445\u043e\u0434\u0438\u043c\u044b\u0435 \u0443\u0441\u043b\u0443\u0433\u0438, \u043e\u0431\u0449\u0430\u0442\u044c\u0441\u044f \u0441 \u0432\u0430\u043c\u0438, \u0440\u0435\u0448\u0430\u0442\u044c \u043f\u0440\u043e\u0431\u043b\u0435\u043c\u044b, \u043d\u0430\u0441\u0442\u0440\u0430\u0438\u0432\u0430\u0442\u044c \u0432\u0430\u0448 \u043e\u043f\u044b\u0442, \u0438\u043d\u0444\u043e\u0440\u043c\u0438\u0440\u043e\u0432\u0430\u0442\u044c \u0412\u0430\u0441 \u043e \u043d\u0430\u0448\u0438\u0445 \u0443\u0441\u043b\u0443\u0433\u0430\u0445 \u0438 \u043e\u0431\u043d\u043e\u0432\u043b\u0435\u043d\u0438\u044f \u0441\u0430\u0439\u0442\u0430, \u0438 \u0438\u0437\u043c\u0435\u0440\u044f\u0442\u044c \u0432\u0430\u0448 \u0438\u043d\u0442\u0435\u0440\u0435\u0441 \u043a \u043d\u0430\u0448\u0435\u043c\u0443 \u0441\u0430\u0439\u0442\u0443 \u0438 \u0441\u0435\u0440\u0432\u0438\u0441\u0443. \u043a\u0430\u043a \u0447\u0435\u043b\u043e\u0432\u0435\u043a; \u0441\u0430\u0439\u0442. \u041c\u044b \u0438\u0441\u043f\u043e\u043b\u044c\u0437\u0443\u0435\u043c \u00ab cookie\u00bb \u0434\u043b\u044f \u0443\u043b\u0443\u0447\u0448\u0435\u043d\u0438\u044f \u0432\u0430\u0448\u0435\u0433\u043e \u043e\u043f\u044b\u0442\u0430 \u0438 \u0441\u0431\u043e\u0440\u0430 \u0438\u043d\u0444\u043e\u0440\u043c\u0430\u0446\u0438\u0438 \u043e \u043f\u043e\u0441\u0435\u0442\u0438\u0442\u0435\u043b\u044f\u0445 \u0438 \u0434\u043e\u0441\u0442\u0443\u043f\u0435 \u043a \u043d\u0430\u0448\u0435\u043c\u0443 \u0441\u0430\u0439\u0442\u0443. \u0421\u043c\u043e\u0442\u0440\u0438\u0442\u0435, \u043f\u043e\u0436\u0430\u043b\u0443\u0439\u0441\u0442\u0430, \u0438\u0441\u043f\u043e\u043b\u044c\u0437\u0443\u0435\u043c \u043b\u0438 \u043c\u044b &#8220;cookie&#8221; \u0421\u043b\u0435\u0434\u0443\u044e\u0449\u0430\u044f \u0447\u0430\u0441\u0442\u044c \u0441\u043e\u0434\u0435\u0440\u0436\u0438\u0442 \u0438\u043d\u0444\u043e\u0440\u043c\u0430\u0446\u0438\u044e \u043e cookie \u0438 \u043e \u0442\u043e\u043c, \u043a\u0430\u043a \u043c\u044b \u0438\u0445 \u0438\u0441\u043f\u043e\u043b\u044c\u0437\u0443\u0435\u043c.<\/p>\t\t\t\t\t\t<\/div>\n\t\t\t\t<\/div>\n\t\t\t\t\t<\/div>\n\t\t<\/div>\n\t\t\t\t<div class=\"elementor-column elementor-col-50 elementor-inner-column elementor-element elementor-element-0f65039\" data-id=\"0f65039\" data-element_type=\"column\">\n\t\t\t<div class=\"elementor-widget-wrap elementor-element-populated\">\n\t\t\t\t\t\t\t\t<div class=\"elementor-element elementor-element-5bd8796 elementor-widget elementor-widget-heading\" data-id=\"5bd8796\" data-element_type=\"widget\" data-widget_type=\"heading.default\">\n\t\t\t\t<div class=\"elementor-widget-container\">\n\t\t\t<h1 class=\"elementor-heading-title elementor-size-default\">recoger<\/h1>\t\t<\/div>\n\t\t\t\t<\/div>\n\t\t\t\t<div class=\"elementor-element elementor-element-378463c elementor-widget elementor-widget-text-editor\" data-id=\"378463c\" data-element_type=\"widget\" data-widget_type=\"text-editor.default\">\n\t\t\t\t<div class=\"elementor-widget-container\">\n\t\t\t\t\t\t\t<p>Puede navegar por este sitio web sin proporcionar ninguna informaci\u00f3n personal sobre usted. Sin embargo, para recibir una notificaci\u00f3n, actualizaci\u00f3n o consulta es necesario https:\/\/www.tidepower.uk o a trav\u00e9s de este sitio web podemos recoger la siguiente informaci\u00f3n:<br \/>nombre, datos de contacto, direcci\u00f3n de correo electr\u00f3nico, empresa e identificaci\u00f3n de usuario; env\u00edenos un correo electr\u00f3nico o una carta de nosotros;<br \/>\u0412\u044b\u0431\u0435\u0440\u0438\u0442\u0435 \u043b\u044e\u0431\u0443\u044e \u0434\u0440\u0443\u0433\u0443\u044e \u0438\u043d\u0444\u043e\u0440\u043c\u0430\u0446\u0438\u044e, \u043a\u043e\u0442\u043e\u0440\u0430\u044f \u0431\u0443\u0434\u0435\u0442 \u043f\u0440\u0435\u0434\u043e\u0441\u0442\u0430\u0432\u043b\u0435\u043d\u0430; \u0430 \u0442\u0430\u043a\u0436\u0435 \u0434\u0440\u0443\u0433\u0438\u0435 \u0441\u0432\u0435\u0434\u0435\u043d\u0438\u044f \u043e \u0432\u0430\u0448\u0435\u043c \u0432\u0437\u0430\u0438\u043c\u043e\u0434\u0435\u0439\u0441\u0442\u0432\u0438\u0438 \u0441 \u043d\u0430\u0448\u0438\u043c \u0441\u0430\u0439\u0442\u043e\u043c, \u0443\u0441\u043b\u0443\u0433\u0430\u0445, \u0441\u043e\u0434\u0435\u0440\u0436\u0430\u043d\u0438\u0438 \u0438 \u0440\u0435\u043a\u043b\u0430\u043c\u0435, \u0432\u043a\u043b\u044e\u0447\u0430\u044f \u0438\u043d\u0444\u043e\u0440\u043c\u0430\u0446\u0438\u044e \u043e \u043a\u043e\u043c\u043f\u044c\u044e\u0442\u0435\u0440\u0430\u0445 \u0438 \u0441\u043e\u0435\u0434\u0438\u043d\u0435\u043d\u0438\u044f\u0445, \u0441\u0442\u0430\u0442\u0438\u0441\u0442\u0438\u0447\u0435\u0441\u043a\u0438\u0435 \u0434\u0430\u043d\u043d\u044b\u0435 \u043e \u043f\u0440\u043e\u0441\u043c\u043e\u0442\u0440\u0435 \u0441\u0442\u0440\u0430\u043d\u0438\u0446, \u043f\u043e\u0442\u043e\u043a \u043d\u0430 \u0441\u0430\u0439\u0442 \u0438 \u043e\u0431\u0440\u0430\u0442\u043d\u043e, \u0440\u0435\u043a\u043b\u0430\u043c\u043d\u044b\u0435 \u0434\u0430\u043d\u043d\u044b\u0435, IP &#8211; \u0430\u0434\u0440\u0435\u0441 \u0438 \u0441\u0442\u0430\u043d\u0434\u0430\u0440\u0442\u043d\u0443\u044e web &#8211; loq \u0438\u043d\u0444\u043e\u0440\u043c\u0430\u0446\u0438\u044e.<br \/>si quiere darnos informaci\u00f3n personal, acepta transferir y almacenar esta informaci\u00f3n en nuestro servidor en los estados unidos.<\/p>\t\t\t\t\t\t<\/div>\n\t\t\t\t<\/div>\n\t\t\t\t\t<\/div>\n\t\t<\/div>\n\t\t\t\t\t\t\t<\/div>\n\t\t<\/section>\n\t\t\t\t\t<\/div>\n\t\t<\/div>\n\t\t\t\t\t\t\t<\/div>\n\t\t<\/section>\n\t\t\t\t<section class=\"elementor-section elementor-top-section elementor-element elementor-element-a24dcf1 elementor-section-boxed elementor-section-height-default elementor-section-height-default\" data-id=\"a24dcf1\" data-element_type=\"section\">\n\t\t\t\t\t\t<div class=\"elementor-container elementor-column-gap-default\">\n\t\t\t\t\t<div class=\"elementor-column elementor-col-100 elementor-top-column elementor-element elementor-element-e5c8303\" data-id=\"e5c8303\" data-element_type=\"column\">\n\t\t\t<div class=\"elementor-widget-wrap elementor-element-populated\">\n\t\t\t\t\t\t\t\t<section class=\"elementor-section elementor-inner-section elementor-element elementor-element-dfbf850 elementor-section-boxed elementor-section-height-default elementor-section-height-default\" data-id=\"dfbf850\" data-element_type=\"section\">\n\t\t\t\t\t\t<div class=\"elementor-container elementor-column-gap-default\">\n\t\t\t\t\t<div class=\"elementor-column elementor-col-50 elementor-inner-column elementor-element elementor-element-f9a9438\" data-id=\"f9a9438\" data-element_type=\"column\">\n\t\t\t<div class=\"elementor-widget-wrap elementor-element-populated\">\n\t\t\t\t\t\t\t\t<div class=\"elementor-element elementor-element-2bfe32e elementor-widget elementor-widget-heading\" data-id=\"2bfe32e\" data-element_type=\"widget\" data-widget_type=\"heading.default\">\n\t\t\t\t<div class=\"elementor-widget-container\">\n\t\t\t<h2 class=\"elementor-heading-title elementor-size-default\">divulgaci\u00f3n<\/h2>\t\t<\/div>\n\t\t\t\t<\/div>\n\t\t\t\t<div class=\"elementor-element elementor-element-d5a0672 elementor-widget elementor-widget-heading\" data-id=\"d5a0672\" data-element_type=\"widget\" data-widget_type=\"heading.default\">\n\t\t\t\t<div class=\"elementor-widget-container\">\n\t\t\t<h2 class=\"elementor-heading-title elementor-size-default\">de informaci\u00f3n<\/h2>\t\t<\/div>\n\t\t\t\t<\/div>\n\t\t\t\t<div class=\"elementor-element elementor-element-67eace3 elementor-widget elementor-widget-text-editor\" data-id=\"67eace3\" data-element_type=\"widget\" data-widget_type=\"text-editor.default\">\n\t\t\t\t<div class=\"elementor-widget-container\">\n\t\t\t\t\t\t\t<p>sin su consentimiento expl\u00edcito, no venderemos ni alquilaremos su informaci\u00f3n personal a terceros con fines de marketing. Podemos revelar informaci\u00f3n personal seg\u00fan lo exija la ley. Hacemos cumplir nuestra pol\u00edtica en respuesta a las denuncias de infracci\u00f3n de los derechos de terceros sobre las publicaciones u otros materiales o para proteger los derechos, la propiedad o la seguridad de cualquier persona. Tambi\u00e9n podemos compartir informaci\u00f3n personal con proveedores de servicios que nos ayudan en nuestro trabajo, as\u00ed como con miembros de nuestra familia corporativa que pueden proporcionar materiales y servicios compartidos, y ayudar a identificar y prevenir posibles actividades ilegales. si planeamos fusionarnos o ser adquiridos por otra entidad comercial, podemos compartir informaci\u00f3n personal con otras empresas y exigir a las nuevas fusiones que cumplan con esta pol\u00edtica de privacidad para proteger su informaci\u00f3n personal<\/p>\t\t\t\t\t\t<\/div>\n\t\t\t\t<\/div>\n\t\t\t\t\t<\/div>\n\t\t<\/div>\n\t\t\t\t<div class=\"elementor-column elementor-col-50 elementor-inner-column elementor-element elementor-element-8f45b35\" data-id=\"8f45b35\" data-element_type=\"column\">\n\t\t\t<div class=\"elementor-widget-wrap elementor-element-populated\">\n\t\t\t\t\t\t\t\t<div class=\"elementor-element elementor-element-5682d72 elementor-widget elementor-widget-heading\" data-id=\"5682d72\" data-element_type=\"widget\" data-widget_type=\"heading.default\">\n\t\t\t\t<div class=\"elementor-widget-container\">\n\t\t\t<h2 class=\"elementor-heading-title elementor-size-default\">Pasaje<\/h2>\t\t<\/div>\n\t\t\t\t<\/div>\n\t\t\t\t<div class=\"elementor-element elementor-element-1133039 elementor-widget elementor-widget-text-editor\" data-id=\"1133039\" data-element_type=\"widget\" data-widget_type=\"text-editor.default\">\n\t\t\t\t<div class=\"elementor-widget-container\">\n\t\t\t\t\t\t\t<p>Puede acceder o actualizar la informaci\u00f3n personal que ha proporcionado en cualquier momento de la siguiente manera: https:\/\/www.tidepower.uk<\/p>\t\t\t\t\t\t<\/div>\n\t\t\t\t<\/div>\n\t\t\t\t<div class=\"elementor-element elementor-element-8fafe69 elementor-widget elementor-widget-heading\" data-id=\"8fafe69\" data-element_type=\"widget\" data-widget_type=\"heading.default\">\n\t\t\t\t<div class=\"elementor-widget-container\">\n\t\t\t<h2 class=\"elementor-heading-title elementor-size-default\">seguridad<\/h2>\t\t<\/div>\n\t\t\t\t<\/div>\n\t\t\t\t<div class=\"elementor-element elementor-element-4175be1 elementor-widget elementor-widget-text-editor\" data-id=\"4175be1\" data-element_type=\"widget\" data-widget_type=\"text-editor.default\">\n\t\t\t\t<div class=\"elementor-widget-container\">\n\t\t\t\t\t\t\t<p>Consideramos la informaci\u00f3n como un activo que debe ser protegido y utilizamos muchas herramientas para proteger su informaci\u00f3n personal del acceso y la divulgaci\u00f3n no autorizados. Sin embargo, puede ser consciente de que un tercero podr\u00eda interceptar o acceder ilegalmente a una transmisi\u00f3n o comunicaci\u00f3n privada. Por lo tanto, aunque nos esforzamos por proteger su privacidad, no prometemos que tampoco deba esperar que su informaci\u00f3n personal o sus comunicaciones privadas sean confidenciales en todo momento.<\/p>\t\t\t\t\t\t<\/div>\n\t\t\t\t<\/div>\n\t\t\t\t\t<\/div>\n\t\t<\/div>\n\t\t\t\t\t\t\t<\/div>\n\t\t<\/section>\n\t\t\t\t\t<\/div>\n\t\t<\/div>\n\t\t\t\t\t\t\t<\/div>\n\t\t<\/section>\n\t\t\t\t<section class=\"elementor-section elementor-top-section elementor-element elementor-element-e12a407 elementor-section-boxed elementor-section-height-default elementor-section-height-default\" data-id=\"e12a407\" data-element_type=\"section\">\n\t\t\t\t\t\t<div class=\"elementor-container elementor-column-gap-default\">\n\t\t\t\t\t<div class=\"elementor-column elementor-col-100 elementor-top-column elementor-element elementor-element-6d03c7c\" data-id=\"6d03c7c\" data-element_type=\"column\">\n\t\t\t<div class=\"elementor-widget-wrap elementor-element-populated\">\n\t\t\t\t\t\t\t\t<div class=\"elementor-element elementor-element-54d6b4d elementor-widget elementor-widget-heading\" data-id=\"54d6b4d\" data-element_type=\"widget\" data-widget_type=\"heading.default\">\n\t\t\t\t<div class=\"elementor-widget-container\">\n\t\t\t<h1 class=\"elementor-heading-title elementor-size-default\">general<\/h1>\t\t<\/div>\n\t\t\t\t<\/div>\n\t\t\t\t<div class=\"elementor-element elementor-element-a509382 elementor-widget elementor-widget-text-editor\" data-id=\"a509382\" data-element_type=\"widget\" data-widget_type=\"text-editor.default\">\n\t\t\t\t<div class=\"elementor-widget-container\">\n\t\t\t\t\t\t\t<p>\u041c\u044b \u043c\u043e\u0436\u0435\u043c \u043e\u0431\u043d\u043e\u0432\u0438\u0442\u044c \u044d\u0442\u0443 \u043f\u043e\u043b\u0438\u0442\u0438\u043a\u0443, \u043e\u043f\u0443\u0431\u043b\u0438\u043a\u043e\u0432\u0430\u0432 \u043d\u0430 \u044d\u0442\u043e\u043c \u0441\u0430\u0439\u0442\u0435 \u043f\u0435\u0440\u0435\u0441\u043c\u043e\u0442\u0440\u0435\u043d\u043d\u044b\u0435 \u043f\u043e\u043b\u043e\u0436\u0435\u043d\u0438\u044f. \u0412\u0441\u0435 \u043f\u043e\u043f\u0440\u0430\u0432\u043a\u0438 \u0432\u0441\u0442\u0443\u043f\u0430\u044e\u0442 \u0432 \u0441\u0438\u043b\u0443 \u0430\u0432\u0442\u043e\u043c\u0430\u0442\u0438\u0447\u0435\u0441\u043a\u0438 \u0447\u0435\u0440\u0435\u0437 30 \u0434\u043d\u0435\u0439 \u043f\u043e\u0441\u043b\u0435 \u0438\u0445 \u043f\u0435\u0440\u0432\u043e\u043d\u0430\u0447\u0430\u043b\u044c\u043d\u043e\u0433\u043e \u0440\u0430\u0437\u043c\u0435\u0449\u0435\u043d\u0438\u044f \u043d\u0430 \u0432\u0435\u0431 &#8211; \u0441\u0430\u0439\u0442\u0435. \u0412\u043e\u043f\u0440\u043e\u0441\u044b, \u043a\u0430\u0441\u0430\u044e\u0449\u0438\u0435\u0441\u044f \u044d\u0442\u043e\u0439 \u043f\u043e\u043b\u0438\u0442\u0438\u043a\u0438, \u043f\u043e\u0436\u0430\u043b\u0443\u0439\u0441\u0442\u0430, \u043e\u0442\u043f\u0440\u0430\u0432\u044c\u0442\u0435 \u0438\u0445 \u043d\u0430\u043c \u043f\u043e \u044d\u043b\u0435\u043a\u0442\u0440\u043e\u043d\u043d\u043e\u0439 \u043f\u043e\u0447\u0442\u0435.<\/p>\t\t\t\t\t\t<\/div>\n\t\t\t\t<\/div>\n\t\t\t\t\t<\/div>\n\t\t<\/div>\n\t\t\t\t\t\t\t<\/div>\n\t\t<\/section>\n\t\t\t\t\t\t\t<\/div>","protected":false},"excerpt":{"rendered":"<p>\u041a\u041e\u041d\u0424\u0418\u0414\u0415\u041d\u0426\u0418\u0410\u041b\u042c\u041d\u0410\u042f \u041f\u041e\u041b\u0418\u0422\u0418\u041a\u0410 \u0447\u0430\u0441\u0442\u043d\u044b\u0439 \u0441\u0442\u0440\u0430\u0445\u043e\u0432\u043e\u0439 \u043f\u043e\u043b\u0438\u0441 \u042d\u0442\u0430 \u0447\u0430\u0441\u0442\u043d\u0430\u044f \u043f\u043e\u043b\u0438\u0442\u0438\u043a\u0430 \u043e\u043f\u0438\u0441\u044b\u0432\u0430\u0435\u0442, \u043a\u0430\u043a \u043c\u044b \u0438\u0441\u043f\u043e\u043b\u044c\u0437\u0443\u0435\u043c flps \u0434\u043b\u044f \u043e\u0431\u0440\u0430\u0431\u043e\u0442\u043a\u0438 \u0432\u0430\u0448\u0435\u0439 \u043b\u0438\u0447\u043d\u043e\u0439 \u0438\u043d\u0444\u043e\u0440\u043c\u0430\u0446\u0438\u0438: J \/ www.tidepower. \u0421\u043e\u0435\u0434\u0438\u043d\u0435\u043d\u043d\u043e\u0435 \u041a\u043e\u0440\u043e\u043b\u0435\u0432\u0441\u0442\u0432\u043e (Sit &amp;) \u0412\u044b \u0441\u043e\u0433\u043b\u0430\u0441\u043d\u044b \u0445\u0440\u0430\u043d\u0438\u0442\u044c, \u043e\u0431\u0440\u0430\u0431\u0430\u0442\u044b\u0432\u0430\u0442\u044c, \u043f\u0435\u0440\u0435\u0434\u0430\u0432\u0430\u0442\u044c \u0438 \u0440\u0430\u0441\u043a\u0440\u044b\u0432\u0430\u0442\u044c \u0441\u0432\u043e\u044e \u043b\u0438\u0447\u043d\u0443\u044e \u0438\u043d\u0444\u043e\u0440\u043c\u0430\u0446\u0438\u044e \u0432 \u0441\u043e\u043e\u0442\u0432\u0435\u0442\u0441\u0442\u0432\u0438\u0438 \u0441 \u043f\u043e\u043b\u043e\u0436\u0435\u043d\u0438\u044f\u043c\u0438 \u043d\u0430\u0441\u0442\u043e\u044f\u0449\u0435\u0439 \u043f\u043e\u043b\u0438\u0442\u0438\u043a\u0438 \u0432 \u043e\u0431\u043b\u0430\u0441\u0442\u0438 \u043a\u043e\u043d\u0444\u0438\u0434\u0435\u043d\u0446\u0438\u0430\u043b\u044c\u043d\u043e\u0441\u0442\u0438. \u0438\u0441\u043f\u043e\u043b\u044c\u0437\u043e\u0432\u0430\u043d\u0438\u0435 \u041c\u044b \u0438\u0441\u043f\u043e\u043b\u044c\u0437\u0443\u0435\u043c \u0432\u0430\u0448\u0443 \u043f\u0435\u0440\u0441\u043e\u043d\u0430\u043b\u044c\u043d\u0443\u044e \u0438\u043d\u0444\u043e\u0440\u043c\u0430\u0446\u0438\u044e \u0434\u043b\u044f \u0442\u043e\u0433\u043e, \u0447\u0442\u043e\u0431\u044b \u043f\u0440\u0435\u0434\u043e\u0441\u0442\u0430\u0432\u0438\u0442\u044c \u0432\u0430\u043c [&hellip;]<\/p>","protected":false},"author":1,"featured_media":0,"parent":0,"menu_order":0,"comment_status":"closed","ping_status":"closed","template":"elementor_header_footer","meta":{"footnotes":""},"class_list":["post-330","page","type-page","status-publish","hentry"],"blocksy_meta":{"styles_descriptor":{"styles":{"desktop":"","tablet":"","mobile":""},"google_fonts":[],"version":6}},"acf":[],"_links":{"self":[{"href":"https:\/\/tpshk.com\/es\/wp-json\/wp\/v2\/pages\/330","targetHints":{"allow":["GET"]}}],"collection":[{"href":"https:\/\/tpshk.com\/es\/wp-json\/wp\/v2\/pages"}],"about":[{"href":"https:\/\/tpshk.com\/es\/wp-json\/wp\/v2\/types\/page"}],"author":[{"embeddable":true,"href":"https:\/\/tpshk.com\/es\/wp-json\/wp\/v2\/users\/1"}],"replies":[{"embeddable":true,"href":"https:\/\/tpshk.com\/es\/wp-json\/wp\/v2\/comments?post=330"}],"version-history":[{"count":0,"href":"https:\/\/tpshk.com\/es\/wp-json\/wp\/v2\/pages\/330\/revisions"}],"wp:attachment":[{"href":"https:\/\/tpshk.com\/es\/wp-json\/wp\/v2\/media?parent=330"}],"curies":[{"name":"wp","href":"https:\/\/api.w.org\/{rel}","templated":true}]}}